{"id":3107,"date":"2025-07-22T03:28:46","date_gmt":"2025-07-22T03:28:46","guid":{"rendered":"https:\/\/canbostadiumseat.com\/?page_id=3107"},"modified":"2025-08-14T01:15:42","modified_gmt":"2025-08-14T01:15:42","slug":"advantage","status":"publish","type":"page","link":"https:\/\/canbostadiumseat.com\/es\/advantage\/","title":{"rendered":"Ventaja"},"content":{"rendered":"<div data-elementor-type=\"wp-page\" data-elementor-id=\"3107\" class=\"elementor elementor-3107\" data-elementor-post-type=\"page\">\n\t\t\t\t<div class=\"elementor-element elementor-element-f1232fb e-flex e-con-boxed e-con e-parent\" data-id=\"f1232fb\" data-element_type=\"container\" data-e-type=\"container\" data-settings=\"{&quot;background_background&quot;:&quot;classic&quot;}\">\n\t\t\t\t\t<div class=\"e-con-inner\">\n\t\t\t\t<div class=\"elementor-element elementor-element-8925a9d elementor-widget elementor-widget-heading\" data-id=\"8925a9d\" data-element_type=\"widget\" data-e-type=\"widget\" data-widget_type=\"heading.default\">\n\t\t\t\t<div class=\"elementor-widget-container\">\n\t\t\t\t\t<h2 class=\"elementor-heading-title elementor-size-default\">Nuestras ventajas<\/h2>\t\t\t\t<\/div>\n\t\t\t\t<\/div>\n\t\t\t\t<div class=\"elementor-element elementor-element-9af3c4b elementor-widget elementor-widget-button\" data-id=\"9af3c4b\" data-element_type=\"widget\" data-e-type=\"widget\" data-widget_type=\"button.default\">\n\t\t\t\t<div class=\"elementor-widget-container\">\n\t\t\t\t\t\t\t\t\t<div class=\"elementor-button-wrapper\">\n\t\t\t\t\t<a class=\"elementor-button elementor-button-link elementor-size-sm\" href=\"#elementor-action%3Aaction%3Dpopup%3Aopen%26settings%3DeyJpZCI6IjczMyIsInRvZ2dsZSI6ZmFsc2V9\">\n\t\t\t\t\t\t<span class=\"elementor-button-content-wrapper\">\n\t\t\t\t\t\t\t\t\t<span class=\"elementor-button-text\">Solicite nuestro \u00faltimo precio<\/span>\n\t\t\t\t\t<\/span>\n\t\t\t\t\t<\/a>\n\t\t\t\t<\/div>\n\t\t\t\t\t\t\t\t<\/div>\n\t\t\t\t<\/div>\n\t\t\t\t\t<\/div>\n\t\t\t\t<\/div>\n\t\t<div class=\"elementor-element elementor-element-4914f35 e-flex e-con-boxed e-con e-parent\" data-id=\"4914f35\" data-element_type=\"container\" data-e-type=\"container\">\n\t\t\t\t\t<div class=\"e-con-inner\">\n\t\t\t\t<div class=\"elementor-element elementor-element-4df3e05 elementor-widget elementor-widget-text-editor\" data-id=\"4df3e05\" data-element_type=\"widget\" data-e-type=\"widget\" data-widget_type=\"text-editor.default\">\n\t\t\t\t<div class=\"elementor-widget-container\">\n\t\t\t\t\t\t\t\t\t<p>Canbo cuenta con una amplia experiencia en la producci\u00f3n de sillas para gradas de exterior. Con una superficie de f\u00e1brica que supera los 20.000 metros cuadrados y m\u00e1s de 300 empleados, presumimos de una productividad y una capacidad de entrega excepcionales. Nuestro experimentado equipo de I+D nos permite desarrollar numerosos productos nuevos cada a\u00f1o. Nuestros principales clientes son empresas de comercio electr\u00f3nico transfronterizo, supermercados y adquisiciones de grandes empresas, lo que nos ha proporcionado una amplia experiencia en este campo. Prestamos servicios OEM y ODM y podemos ayudarle a crear su marca y hacer que sus productos y precios sean m\u00e1s competitivos en el mercado.<\/p>\t\t\t\t\t\t\t\t<\/div>\n\t\t\t\t<\/div>\n\t\t\t\t\t<\/div>\n\t\t\t\t<\/div>\n\t\t<div class=\"elementor-element elementor-element-27d0f18 e-flex e-con-boxed e-con e-parent\" data-id=\"27d0f18\" data-element_type=\"container\" data-e-type=\"container\" data-settings=\"{&quot;background_background&quot;:&quot;classic&quot;}\">\n\t\t\t\t\t<div class=\"e-con-inner\">\n\t\t<div class=\"elementor-element elementor-element-674f669 e-con-full e-flex e-con e-child\" data-id=\"674f669\" data-element_type=\"container\" data-e-type=\"container\" data-settings=\"{&quot;background_background&quot;:&quot;classic&quot;}\">\n\t\t<div class=\"elementor-element elementor-element-256881e e-con-full e-flex e-con e-child\" data-id=\"256881e\" data-element_type=\"container\" data-e-type=\"container\">\n\t\t\t\t<div class=\"elementor-element elementor-element-48ec86e elementor-widget elementor-widget-image\" data-id=\"48ec86e\" data-element_type=\"widget\" data-e-type=\"widget\" data-widget_type=\"image.default\">\n\t\t\t\t<div class=\"elementor-widget-container\">\n\t\t\t\t\t\t\t\t\t\t\t\t\t\t\t<img alt=\"\" fetchpriority=\"high\" decoding=\"async\" width=\"800\" height=\"800\" src=\"https:\/\/canbostadiumseat.com\/wp-content\/uploads\/2025\/07\/DSC_45151-1024x1024.jpg\" class=\"attachment-large size-large wp-image-3257\" srcset=\"https:\/\/canbostadiumseat.com\/wp-content\/uploads\/2025\/07\/DSC_45151-1024x1024.jpg 1024w, https:\/\/canbostadiumseat.com\/wp-content\/uploads\/2025\/07\/DSC_45151-300x300.jpg 300w, https:\/\/canbostadiumseat.com\/wp-content\/uploads\/2025\/07\/DSC_45151-150x150.jpg 150w, https:\/\/canbostadiumseat.com\/wp-content\/uploads\/2025\/07\/DSC_45151-768x768.jpg 768w, https:\/\/canbostadiumseat.com\/wp-content\/uploads\/2025\/07\/DSC_45151-12x12.jpg 12w, https:\/\/canbostadiumseat.com\/wp-content\/uploads\/2025\/07\/DSC_45151-600x600.jpg 600w, https:\/\/canbostadiumseat.com\/wp-content\/uploads\/2025\/07\/DSC_45151-100x100.jpg 100w, https:\/\/canbostadiumseat.com\/wp-content\/uploads\/2025\/07\/DSC_45151.jpg 1080w\" sizes=\"(max-width: 800px) 100vw, 800px\" \/>\t\t\t\t\t\t\t\t\t\t\t\t\t\t\t<\/div>\n\t\t\t\t<\/div>\n\t\t\t\t<\/div>\n\t\t<div class=\"elementor-element elementor-element-e71c263 e-con-full e-flex e-con e-child\" data-id=\"e71c263\" data-element_type=\"container\" data-e-type=\"container\">\n\t\t\t\t<div class=\"elementor-element elementor-element-cd14943 elementor-widget elementor-widget-heading\" data-id=\"cd14943\" data-element_type=\"widget\" data-e-type=\"widget\" data-widget_type=\"heading.default\">\n\t\t\t\t<div class=\"elementor-widget-container\">\n\t\t\t\t\t<h2 class=\"elementor-heading-title elementor-size-default\">Capacidad de producci\u00f3n<\/h2>\t\t\t\t<\/div>\n\t\t\t\t<\/div>\n\t\t\t\t<div class=\"elementor-element elementor-element-d5b370e elementor-widget elementor-widget-text-editor\" data-id=\"d5b370e\" data-element_type=\"widget\" data-e-type=\"widget\" data-widget_type=\"text-editor.default\">\n\t\t\t\t<div class=\"elementor-widget-container\">\n\t\t\t\t\t\t\t\t\t<ul><li>M\u00e1s de 300 trabajadores altamente cualificados y formados<\/li><li>Millones de producci\u00f3n al a\u00f1o<\/li><li>M\u00e1s de 10 l\u00edneas de montaje<\/li><li>Todos los procesos son internos<\/li><\/ul>\t\t\t\t\t\t\t\t<\/div>\n\t\t\t\t<\/div>\n\t\t\t\t<div class=\"elementor-element elementor-element-2ffe6ee elementor-widget elementor-widget-button\" data-id=\"2ffe6ee\" data-element_type=\"widget\" data-e-type=\"widget\" data-widget_type=\"button.default\">\n\t\t\t\t<div class=\"elementor-widget-container\">\n\t\t\t\t\t\t\t\t\t<div class=\"elementor-button-wrapper\">\n\t\t\t\t\t<a class=\"elementor-button elementor-button-link elementor-size-sm\" href=\"#elementor-action%3Aaction%3Dpopup%3Aopen%26settings%3DeyJpZCI6IjczMyIsInRvZ2dsZSI6ZmFsc2V9\">\n\t\t\t\t\t\t<span class=\"elementor-button-content-wrapper\">\n\t\t\t\t\t\t\t\t\t<span class=\"elementor-button-text\">Env\u00ede su consulta ahora<\/span>\n\t\t\t\t\t<\/span>\n\t\t\t\t\t<\/a>\n\t\t\t\t<\/div>\n\t\t\t\t\t\t\t\t<\/div>\n\t\t\t\t<\/div>\n\t\t\t\t<\/div>\n\t\t\t\t<\/div>\n\t\t<div class=\"elementor-element elementor-element-28e33d3 e-con-full e-flex e-con e-child\" data-id=\"28e33d3\" data-element_type=\"container\" data-e-type=\"container\" data-settings=\"{&quot;background_background&quot;:&quot;classic&quot;}\">\n\t\t<div class=\"elementor-element elementor-element-10c0b39 e-con-full e-flex e-con e-child\" data-id=\"10c0b39\" data-element_type=\"container\" data-e-type=\"container\">\n\t\t\t\t<div class=\"elementor-element elementor-element-6e799ea elementor-widget elementor-widget-image\" data-id=\"6e799ea\" data-element_type=\"widget\" data-e-type=\"widget\" data-widget_type=\"image.default\">\n\t\t\t\t<div class=\"elementor-widget-container\">\n\t\t\t\t\t\t\t\t\t\t\t\t\t\t\t<img decoding=\"async\" width=\"408\" height=\"408\" src=\"https:\/\/canbostadiumseat.com\/wp-content\/uploads\/2025\/07\/Certification1.jpg\" class=\"attachment-large size-large wp-image-3709\" alt=\"Certificaci\u00f3n\" srcset=\"https:\/\/canbostadiumseat.com\/wp-content\/uploads\/2025\/07\/Certification1.jpg 408w, https:\/\/canbostadiumseat.com\/wp-content\/uploads\/2025\/07\/Certification1-300x300.jpg 300w, https:\/\/canbostadiumseat.com\/wp-content\/uploads\/2025\/07\/Certification1-150x150.jpg 150w, https:\/\/canbostadiumseat.com\/wp-content\/uploads\/2025\/07\/Certification1-12x12.jpg 12w, https:\/\/canbostadiumseat.com\/wp-content\/uploads\/2025\/07\/Certification1-100x100.jpg 100w\" sizes=\"(max-width: 408px) 100vw, 408px\" \/>\t\t\t\t\t\t\t\t\t\t\t\t\t\t\t<\/div>\n\t\t\t\t<\/div>\n\t\t\t\t<\/div>\n\t\t<div class=\"elementor-element elementor-element-275cdcb e-con-full e-flex e-con e-child\" data-id=\"275cdcb\" data-element_type=\"container\" data-e-type=\"container\">\n\t\t\t\t<div class=\"elementor-element elementor-element-2a4cdec elementor-widget elementor-widget-heading\" data-id=\"2a4cdec\" data-element_type=\"widget\" data-e-type=\"widget\" data-widget_type=\"heading.default\">\n\t\t\t\t<div class=\"elementor-widget-container\">\n\t\t\t\t\t<h2 class=\"elementor-heading-title elementor-size-default\">Certificaci\u00f3n de f\u00e1brica<\/h2>\t\t\t\t<\/div>\n\t\t\t\t<\/div>\n\t\t\t\t<div class=\"elementor-element elementor-element-2b20144 elementor-widget elementor-widget-text-editor\" data-id=\"2b20144\" data-element_type=\"widget\" data-e-type=\"widget\" data-widget_type=\"text-editor.default\">\n\t\t\t\t<div class=\"elementor-widget-container\">\n\t\t\t\t\t\t\t\t\t<ul><li>Nuestra f\u00e1brica cuenta con la certificaci\u00f3n BSCI e ISO 9001<\/li><li>Productos con certificaci\u00f3n CE<\/li><li>Nuestros productos tienen certificados de patente en EE.UU., la UE y otras regiones<\/li><li>Los tejidos han superado las pruebas medioambientales<\/li><\/ul>\t\t\t\t\t\t\t\t<\/div>\n\t\t\t\t<\/div>\n\t\t\t\t<div class=\"elementor-element elementor-element-e1fcadc elementor-widget elementor-widget-button\" data-id=\"e1fcadc\" data-element_type=\"widget\" data-e-type=\"widget\" data-widget_type=\"button.default\">\n\t\t\t\t<div class=\"elementor-widget-container\">\n\t\t\t\t\t\t\t\t\t<div class=\"elementor-button-wrapper\">\n\t\t\t\t\t<a class=\"elementor-button elementor-button-link elementor-size-sm\" href=\"#elementor-action%3Aaction%3Dpopup%3Aopen%26settings%3DeyJpZCI6IjczMyIsInRvZ2dsZSI6ZmFsc2V9\">\n\t\t\t\t\t\t<span class=\"elementor-button-content-wrapper\">\n\t\t\t\t\t\t\t\t\t<span class=\"elementor-button-text\">Env\u00ede su consulta ahora<\/span>\n\t\t\t\t\t<\/span>\n\t\t\t\t\t<\/a>\n\t\t\t\t<\/div>\n\t\t\t\t\t\t\t\t<\/div>\n\t\t\t\t<\/div>\n\t\t\t\t<\/div>\n\t\t\t\t<\/div>\n\t\t<div class=\"elementor-element elementor-element-e9b1d8e e-con-full e-flex e-con e-child\" data-id=\"e9b1d8e\" data-element_type=\"container\" data-e-type=\"container\" data-settings=\"{&quot;background_background&quot;:&quot;classic&quot;}\">\n\t\t<div class=\"elementor-element elementor-element-397406c e-con-full e-flex e-con e-child\" data-id=\"397406c\" data-element_type=\"container\" data-e-type=\"container\">\n\t\t\t\t<div class=\"elementor-element elementor-element-2ce2dbf elementor-widget elementor-widget-image\" data-id=\"2ce2dbf\" data-element_type=\"widget\" data-e-type=\"widget\" data-widget_type=\"image.default\">\n\t\t\t\t<div class=\"elementor-widget-container\">\n\t\t\t\t\t\t\t\t\t\t\t\t\t\t\t<img decoding=\"async\" width=\"800\" height=\"800\" src=\"https:\/\/canbostadiumseat.com\/wp-content\/uploads\/2025\/07\/RD-capabilities-1024x1024.jpg\" class=\"attachment-large size-large wp-image-3711\" alt=\"Capacidades de I+D\" srcset=\"https:\/\/canbostadiumseat.com\/wp-content\/uploads\/2025\/07\/RD-capabilities-1024x1024.jpg 1024w, https:\/\/canbostadiumseat.com\/wp-content\/uploads\/2025\/07\/RD-capabilities-300x300.jpg 300w, https:\/\/canbostadiumseat.com\/wp-content\/uploads\/2025\/07\/RD-capabilities-150x150.jpg 150w, https:\/\/canbostadiumseat.com\/wp-content\/uploads\/2025\/07\/RD-capabilities-768x768.jpg 768w, https:\/\/canbostadiumseat.com\/wp-content\/uploads\/2025\/07\/RD-capabilities-12x12.jpg 12w, https:\/\/canbostadiumseat.com\/wp-content\/uploads\/2025\/07\/RD-capabilities-600x600.jpg 600w, https:\/\/canbostadiumseat.com\/wp-content\/uploads\/2025\/07\/RD-capabilities-100x100.jpg 100w, https:\/\/canbostadiumseat.com\/wp-content\/uploads\/2025\/07\/RD-capabilities.jpg 1400w\" sizes=\"(max-width: 800px) 100vw, 800px\" \/>\t\t\t\t\t\t\t\t\t\t\t\t\t\t\t<\/div>\n\t\t\t\t<\/div>\n\t\t\t\t<\/div>\n\t\t<div class=\"elementor-element elementor-element-5c762a9 e-con-full e-flex e-con e-child\" data-id=\"5c762a9\" data-element_type=\"container\" data-e-type=\"container\">\n\t\t\t\t<div class=\"elementor-element elementor-element-f680910 elementor-widget elementor-widget-heading\" data-id=\"f680910\" data-element_type=\"widget\" data-e-type=\"widget\" data-widget_type=\"heading.default\">\n\t\t\t\t<div class=\"elementor-widget-container\">\n\t\t\t\t\t<h2 class=\"elementor-heading-title elementor-size-default\">Capacidades de I+D<\/h2>\t\t\t\t<\/div>\n\t\t\t\t<\/div>\n\t\t\t\t<div class=\"elementor-element elementor-element-5c1eefe elementor-widget elementor-widget-text-editor\" data-id=\"5c1eefe\" data-element_type=\"widget\" data-e-type=\"widget\" data-widget_type=\"text-editor.default\">\n\t\t\t\t<div class=\"elementor-widget-container\">\n\t\t\t\t\t\t\t\t\t<ul><li>Contamos con dise\u00f1adores de productos internacionales experimentados<\/li><li>Desarrollo de m\u00e1s de 100 nuevos productos al a\u00f1o<\/li><li>Equipo profesional de creaci\u00f3n de prototipos para una r\u00e1pida aplicaci\u00f3n del dise\u00f1o<\/li><li>Se centra en la investigaci\u00f3n de mercado y las opiniones de los usuarios<\/li><\/ul>\t\t\t\t\t\t\t\t<\/div>\n\t\t\t\t<\/div>\n\t\t\t\t<div class=\"elementor-element elementor-element-32f4813 elementor-widget elementor-widget-button\" data-id=\"32f4813\" data-element_type=\"widget\" data-e-type=\"widget\" data-widget_type=\"button.default\">\n\t\t\t\t<div class=\"elementor-widget-container\">\n\t\t\t\t\t\t\t\t\t<div class=\"elementor-button-wrapper\">\n\t\t\t\t\t<a class=\"elementor-button elementor-button-link elementor-size-sm\" href=\"#elementor-action%3Aaction%3Dpopup%3Aopen%26settings%3DeyJpZCI6IjczMyIsInRvZ2dsZSI6ZmFsc2V9\">\n\t\t\t\t\t\t<span class=\"elementor-button-content-wrapper\">\n\t\t\t\t\t\t\t\t\t<span class=\"elementor-button-text\">Env\u00ede su consulta ahora<\/span>\n\t\t\t\t\t<\/span>\n\t\t\t\t\t<\/a>\n\t\t\t\t<\/div>\n\t\t\t\t\t\t\t\t<\/div>\n\t\t\t\t<\/div>\n\t\t\t\t<\/div>\n\t\t\t\t<\/div>\n\t\t<div class=\"elementor-element elementor-element-ac1431f e-con-full e-flex e-con e-child\" data-id=\"ac1431f\" data-element_type=\"container\" data-e-type=\"container\" data-settings=\"{&quot;background_background&quot;:&quot;classic&quot;}\">\n\t\t<div class=\"elementor-element elementor-element-eb1135e e-con-full e-flex e-con e-child\" data-id=\"eb1135e\" data-element_type=\"container\" data-e-type=\"container\">\n\t\t\t\t<div class=\"elementor-element elementor-element-17bed4a elementor-widget elementor-widget-image\" data-id=\"17bed4a\" data-element_type=\"widget\" data-e-type=\"widget\" data-widget_type=\"image.default\">\n\t\t\t\t<div class=\"elementor-widget-container\">\n\t\t\t\t\t\t\t\t\t\t\t\t\t\t\t<img alt=\"\" loading=\"lazy\" decoding=\"async\" width=\"800\" height=\"800\" src=\"https:\/\/canbostadiumseat.com\/wp-content\/uploads\/2025\/07\/Customer-Service-Team-1024x1024.png\" class=\"attachment-large size-large wp-image-3716\" srcset=\"https:\/\/canbostadiumseat.com\/wp-content\/uploads\/2025\/07\/Customer-Service-Team-1024x1024.png 1024w, https:\/\/canbostadiumseat.com\/wp-content\/uploads\/2025\/07\/Customer-Service-Team-300x300.png 300w, https:\/\/canbostadiumseat.com\/wp-content\/uploads\/2025\/07\/Customer-Service-Team-150x150.png 150w, https:\/\/canbostadiumseat.com\/wp-content\/uploads\/2025\/07\/Customer-Service-Team-768x768.png 768w, https:\/\/canbostadiumseat.com\/wp-content\/uploads\/2025\/07\/Customer-Service-Team-1536x1536.png 1536w, https:\/\/canbostadiumseat.com\/wp-content\/uploads\/2025\/07\/Customer-Service-Team-2048x2048.png 2048w, https:\/\/canbostadiumseat.com\/wp-content\/uploads\/2025\/07\/Customer-Service-Team-12x12.png 12w, https:\/\/canbostadiumseat.com\/wp-content\/uploads\/2025\/07\/Customer-Service-Team-600x600.png 600w, https:\/\/canbostadiumseat.com\/wp-content\/uploads\/2025\/07\/Customer-Service-Team-100x100.png 100w\" sizes=\"(max-width: 800px) 100vw, 800px\" \/>\t\t\t\t\t\t\t\t\t\t\t\t\t\t\t<\/div>\n\t\t\t\t<\/div>\n\t\t\t\t<\/div>\n\t\t<div class=\"elementor-element elementor-element-756e731 e-con-full e-flex e-con e-child\" data-id=\"756e731\" data-element_type=\"container\" data-e-type=\"container\">\n\t\t\t\t<div class=\"elementor-element elementor-element-4aa8f65 elementor-widget elementor-widget-heading\" data-id=\"4aa8f65\" data-element_type=\"widget\" data-e-type=\"widget\" data-widget_type=\"heading.default\">\n\t\t\t\t<div class=\"elementor-widget-container\">\n\t\t\t\t\t<h2 class=\"elementor-heading-title elementor-size-default\">Equipo de atenci\u00f3n al cliente<\/h2>\t\t\t\t<\/div>\n\t\t\t\t<\/div>\n\t\t\t\t<div class=\"elementor-element elementor-element-1ad1a44 elementor-widget elementor-widget-text-editor\" data-id=\"1ad1a44\" data-element_type=\"widget\" data-e-type=\"widget\" data-widget_type=\"text-editor.default\">\n\t\t\t\t<div class=\"elementor-widget-container\">\n\t\t\t\t\t\t\t\t\t<ul><li>Ingenieros expertos que pueden ofrecer asesoramiento profesional<\/li><li>Asistencia en l\u00ednea 24 horas al d\u00eda, 7 d\u00edas a la semana<\/li><li>Respuesta r\u00e1pida a consultas y preguntas<\/li><li>Excelente servicio preventa y posventa<\/li><li>\u00a0<\/li><\/ul>\t\t\t\t\t\t\t\t<\/div>\n\t\t\t\t<\/div>\n\t\t\t\t<div class=\"elementor-element elementor-element-299fd8f elementor-widget elementor-widget-button\" data-id=\"299fd8f\" data-element_type=\"widget\" data-e-type=\"widget\" data-widget_type=\"button.default\">\n\t\t\t\t<div class=\"elementor-widget-container\">\n\t\t\t\t\t\t\t\t\t<div class=\"elementor-button-wrapper\">\n\t\t\t\t\t<a class=\"elementor-button elementor-button-link elementor-size-sm\" href=\"#elementor-action%3Aaction%3Dpopup%3Aopen%26settings%3DeyJpZCI6IjczMyIsInRvZ2dsZSI6ZmFsc2V9\">\n\t\t\t\t\t\t<span class=\"elementor-button-content-wrapper\">\n\t\t\t\t\t\t\t\t\t<span class=\"elementor-button-text\">Env\u00ede su consulta ahora<\/span>\n\t\t\t\t\t<\/span>\n\t\t\t\t\t<\/a>\n\t\t\t\t<\/div>\n\t\t\t\t\t\t\t\t<\/div>\n\t\t\t\t<\/div>\n\t\t\t\t<\/div>\n\t\t\t\t<\/div>\n\t\t<div class=\"elementor-element elementor-element-2fe15bf e-con-full e-flex e-con e-child\" data-id=\"2fe15bf\" data-element_type=\"container\" data-e-type=\"container\" data-settings=\"{&quot;background_background&quot;:&quot;classic&quot;}\">\n\t\t<div class=\"elementor-element elementor-element-6b9f4b4 e-con-full e-flex e-con e-child\" data-id=\"6b9f4b4\" data-element_type=\"container\" data-e-type=\"container\">\n\t\t\t\t<div class=\"elementor-element elementor-element-3d0bbaf elementor-widget elementor-widget-image\" data-id=\"3d0bbaf\" data-element_type=\"widget\" data-e-type=\"widget\" data-widget_type=\"image.default\">\n\t\t\t\t<div class=\"elementor-widget-container\">\n\t\t\t\t\t\t\t\t\t\t\t\t\t\t\t<img alt=\"\" loading=\"lazy\" decoding=\"async\" width=\"800\" height=\"800\" src=\"https:\/\/canbostadiumseat.com\/wp-content\/uploads\/2025\/07\/shipping-1024x1024.png\" class=\"attachment-large size-large wp-image-3710\" srcset=\"https:\/\/canbostadiumseat.com\/wp-content\/uploads\/2025\/07\/shipping-1024x1024.png 1024w, https:\/\/canbostadiumseat.com\/wp-content\/uploads\/2025\/07\/shipping-300x300.png 300w, https:\/\/canbostadiumseat.com\/wp-content\/uploads\/2025\/07\/shipping-150x150.png 150w, https:\/\/canbostadiumseat.com\/wp-content\/uploads\/2025\/07\/shipping-768x768.png 768w, https:\/\/canbostadiumseat.com\/wp-content\/uploads\/2025\/07\/shipping-1536x1536.png 1536w, https:\/\/canbostadiumseat.com\/wp-content\/uploads\/2025\/07\/shipping-2048x2048.png 2048w, https:\/\/canbostadiumseat.com\/wp-content\/uploads\/2025\/07\/shipping-12x12.png 12w, https:\/\/canbostadiumseat.com\/wp-content\/uploads\/2025\/07\/shipping-600x600.png 600w, https:\/\/canbostadiumseat.com\/wp-content\/uploads\/2025\/07\/shipping-100x100.png 100w\" sizes=\"(max-width: 800px) 100vw, 800px\" \/>\t\t\t\t\t\t\t\t\t\t\t\t\t\t\t<\/div>\n\t\t\t\t<\/div>\n\t\t\t\t<\/div>\n\t\t<div class=\"elementor-element elementor-element-79f8665 e-con-full e-flex e-con e-child\" data-id=\"79f8665\" data-element_type=\"container\" data-e-type=\"container\">\n\t\t\t\t<div class=\"elementor-element elementor-element-5365f42 elementor-widget elementor-widget-heading\" data-id=\"5365f42\" data-element_type=\"widget\" data-e-type=\"widget\" data-widget_type=\"heading.default\">\n\t\t\t\t<div class=\"elementor-widget-container\">\n\t\t\t\t\t<h2 class=\"elementor-heading-title elementor-size-default\">Entrega r\u00e1pida<\/h2>\t\t\t\t<\/div>\n\t\t\t\t<\/div>\n\t\t\t\t<div class=\"elementor-element elementor-element-a106051 elementor-widget elementor-widget-text-editor\" data-id=\"a106051\" data-element_type=\"widget\" data-e-type=\"widget\" data-widget_type=\"text-editor.default\">\n\t\t\t\t<div class=\"elementor-widget-container\">\n\t\t\t\t\t\t\t\t\t<ul><li>Env\u00edo del producto a trav\u00e9s de DHL\/FedEx\/UPS\/TNT<\/li><li>Entrega su pedido por transporte terrestre, a\u00e9reo o mar\u00edtimo<\/li><li>FOB en cualquier puerto de China<\/li><li>Env\u00edo parcial disponible<\/li><\/ul>\t\t\t\t\t\t\t\t<\/div>\n\t\t\t\t<\/div>\n\t\t\t\t<div class=\"elementor-element elementor-element-7be45bc elementor-widget elementor-widget-button\" data-id=\"7be45bc\" data-element_type=\"widget\" data-e-type=\"widget\" data-widget_type=\"button.default\">\n\t\t\t\t<div class=\"elementor-widget-container\">\n\t\t\t\t\t\t\t\t\t<div class=\"elementor-button-wrapper\">\n\t\t\t\t\t<a class=\"elementor-button elementor-button-link elementor-size-sm\" href=\"#elementor-action%3Aaction%3Dpopup%3Aopen%26settings%3DeyJpZCI6IjczMyIsInRvZ2dsZSI6ZmFsc2V9\">\n\t\t\t\t\t\t<span class=\"elementor-button-content-wrapper\">\n\t\t\t\t\t\t\t\t\t<span class=\"elementor-button-text\">Env\u00ede su consulta ahora<\/span>\n\t\t\t\t\t<\/span>\n\t\t\t\t\t<\/a>\n\t\t\t\t<\/div>\n\t\t\t\t\t\t\t\t<\/div>\n\t\t\t\t<\/div>\n\t\t\t\t<\/div>\n\t\t\t\t<\/div>\n\t\t\t\t\t<\/div>\n\t\t\t\t<\/div>\n\t\t\t\t<\/div>","protected":false},"excerpt":{"rendered":"<p>Our Advantage Request Our Latest Price Canbo has extensive experience in producing outdoor bleacher chairs. With a factory area exceeding 20,000 square meters and over 300 employees, we boast exceptional productivity and delivery capabilities. Our highly experienced R&amp;D team ensures we develop numerous new products annually. Our primary clients are cross-border e-commerce companies, supermarkets, and&#8230;<\/p>","protected":false},"author":1,"featured_media":0,"parent":0,"menu_order":0,"comment_status":"closed","ping_status":"closed","template":"","meta":{"_seopress_robots_primary_cat":"","_seopress_titles_title":"","_seopress_titles_desc":"","_seopress_robots_index":"","footnotes":""},"class_list":["post-3107","page","type-page","status-publish","hentry"],"meta_box":[],"_links":{"self":[{"href":"https:\/\/canbostadiumseat.com\/es\/wp-json\/wp\/v2\/pages\/3107","targetHints":{"allow":["GET"]}}],"collection":[{"href":"https:\/\/canbostadiumseat.com\/es\/wp-json\/wp\/v2\/pages"}],"about":[{"href":"https:\/\/canbostadiumseat.com\/es\/wp-json\/wp\/v2\/types\/page"}],"author":[{"embeddable":true,"href":"https:\/\/canbostadiumseat.com\/es\/wp-json\/wp\/v2\/users\/1"}],"replies":[{"embeddable":true,"href":"https:\/\/canbostadiumseat.com\/es\/wp-json\/wp\/v2\/comments?post=3107"}],"version-history":[{"count":0,"href":"https:\/\/canbostadiumseat.com\/es\/wp-json\/wp\/v2\/pages\/3107\/revisions"}],"wp:attachment":[{"href":"https:\/\/canbostadiumseat.com\/es\/wp-json\/wp\/v2\/media?parent=3107"}],"curies":[{"name":"wp","href":"https:\/\/api.w.org\/{rel}","templated":true}]}}