{"id":3107,"date":"2025-07-22T03:28:46","date_gmt":"2025-07-22T03:28:46","guid":{"rendered":"https:\/\/canbostadiumseat.com\/?page_id=3107"},"modified":"2025-08-14T01:15:42","modified_gmt":"2025-08-14T01:15:42","slug":"advantage","status":"publish","type":"page","link":"https:\/\/canbostadiumseat.com\/fr\/advantage\/","title":{"rendered":"Avantage"},"content":{"rendered":"<div data-elementor-type=\"wp-page\" data-elementor-id=\"3107\" class=\"elementor elementor-3107\" data-elementor-post-type=\"page\">\n\t\t\t\t<div class=\"elementor-element elementor-element-f1232fb e-flex e-con-boxed e-con e-parent\" data-id=\"f1232fb\" data-element_type=\"container\" data-e-type=\"container\" data-settings=\"{&quot;background_background&quot;:&quot;classic&quot;}\">\n\t\t\t\t\t<div class=\"e-con-inner\">\n\t\t\t\t<div class=\"elementor-element elementor-element-8925a9d elementor-widget elementor-widget-heading\" data-id=\"8925a9d\" data-element_type=\"widget\" data-e-type=\"widget\" data-widget_type=\"heading.default\">\n\t\t\t\t<div class=\"elementor-widget-container\">\n\t\t\t\t\t<h2 class=\"elementor-heading-title elementor-size-default\">Nos avantages<\/h2>\t\t\t\t<\/div>\n\t\t\t\t<\/div>\n\t\t\t\t<div class=\"elementor-element elementor-element-9af3c4b elementor-widget elementor-widget-button\" data-id=\"9af3c4b\" data-element_type=\"widget\" data-e-type=\"widget\" data-widget_type=\"button.default\">\n\t\t\t\t<div class=\"elementor-widget-container\">\n\t\t\t\t\t\t\t\t\t<div class=\"elementor-button-wrapper\">\n\t\t\t\t\t<a class=\"elementor-button elementor-button-link elementor-size-sm\" href=\"#elementor-action%3Aaction%3Dpopup%3Aopen%26settings%3DeyJpZCI6IjczMyIsInRvZ2dsZSI6ZmFsc2V9\">\n\t\t\t\t\t\t<span class=\"elementor-button-content-wrapper\">\n\t\t\t\t\t\t\t\t\t<span class=\"elementor-button-text\">Demandez notre dernier prix<\/span>\n\t\t\t\t\t<\/span>\n\t\t\t\t\t<\/a>\n\t\t\t\t<\/div>\n\t\t\t\t\t\t\t\t<\/div>\n\t\t\t\t<\/div>\n\t\t\t\t\t<\/div>\n\t\t\t\t<\/div>\n\t\t<div class=\"elementor-element elementor-element-4914f35 e-flex e-con-boxed e-con e-parent\" data-id=\"4914f35\" data-element_type=\"container\" data-e-type=\"container\">\n\t\t\t\t\t<div class=\"e-con-inner\">\n\t\t\t\t<div class=\"elementor-element elementor-element-4df3e05 elementor-widget elementor-widget-text-editor\" data-id=\"4df3e05\" data-element_type=\"widget\" data-e-type=\"widget\" data-widget_type=\"text-editor.default\">\n\t\t\t\t<div class=\"elementor-widget-container\">\n\t\t\t\t\t\t\t\t\t<p>Canbo poss\u00e8de une vaste exp\u00e9rience dans la production de chaises de gradins d'ext\u00e9rieur. Avec une usine de plus de 20 000 m\u00e8tres carr\u00e9s et plus de 300 employ\u00e9s, nous sommes fiers de notre productivit\u00e9 et de nos capacit\u00e9s de livraison exceptionnelles. Notre \u00e9quipe de recherche et d\u00e9veloppement tr\u00e8s exp\u00e9riment\u00e9e veille \u00e0 ce que nous d\u00e9veloppions de nombreux nouveaux produits chaque ann\u00e9e. Nos principaux clients sont des soci\u00e9t\u00e9s de commerce \u00e9lectronique transfrontali\u00e8res, des supermarch\u00e9s et de grandes entreprises, ce qui nous permet d'acqu\u00e9rir une vaste exp\u00e9rience dans ce domaine. Nous proposons des services OEM et ODM et pouvons vous aider \u00e0 d\u00e9velopper votre marque et \u00e0 rendre vos produits et vos prix plus comp\u00e9titifs sur le march\u00e9.<\/p>\t\t\t\t\t\t\t\t<\/div>\n\t\t\t\t<\/div>\n\t\t\t\t\t<\/div>\n\t\t\t\t<\/div>\n\t\t<div class=\"elementor-element elementor-element-27d0f18 e-flex e-con-boxed e-con e-parent\" data-id=\"27d0f18\" data-element_type=\"container\" data-e-type=\"container\" data-settings=\"{&quot;background_background&quot;:&quot;classic&quot;}\">\n\t\t\t\t\t<div class=\"e-con-inner\">\n\t\t<div class=\"elementor-element elementor-element-674f669 e-con-full e-flex e-con e-child\" data-id=\"674f669\" data-element_type=\"container\" data-e-type=\"container\" data-settings=\"{&quot;background_background&quot;:&quot;classic&quot;}\">\n\t\t<div class=\"elementor-element elementor-element-256881e e-con-full e-flex e-con e-child\" data-id=\"256881e\" data-element_type=\"container\" data-e-type=\"container\">\n\t\t\t\t<div class=\"elementor-element elementor-element-48ec86e elementor-widget elementor-widget-image\" data-id=\"48ec86e\" data-element_type=\"widget\" data-e-type=\"widget\" data-widget_type=\"image.default\">\n\t\t\t\t<div class=\"elementor-widget-container\">\n\t\t\t\t\t\t\t\t\t\t\t\t\t\t\t<img alt=\"\" fetchpriority=\"high\" decoding=\"async\" width=\"800\" height=\"800\" src=\"https:\/\/canbostadiumseat.com\/wp-content\/uploads\/2025\/07\/DSC_45151-1024x1024.jpg\" class=\"attachment-large size-large wp-image-3257\" srcset=\"https:\/\/canbostadiumseat.com\/wp-content\/uploads\/2025\/07\/DSC_45151-1024x1024.jpg 1024w, https:\/\/canbostadiumseat.com\/wp-content\/uploads\/2025\/07\/DSC_45151-300x300.jpg 300w, https:\/\/canbostadiumseat.com\/wp-content\/uploads\/2025\/07\/DSC_45151-150x150.jpg 150w, https:\/\/canbostadiumseat.com\/wp-content\/uploads\/2025\/07\/DSC_45151-768x768.jpg 768w, https:\/\/canbostadiumseat.com\/wp-content\/uploads\/2025\/07\/DSC_45151-12x12.jpg 12w, https:\/\/canbostadiumseat.com\/wp-content\/uploads\/2025\/07\/DSC_45151-600x600.jpg 600w, https:\/\/canbostadiumseat.com\/wp-content\/uploads\/2025\/07\/DSC_45151-100x100.jpg 100w, https:\/\/canbostadiumseat.com\/wp-content\/uploads\/2025\/07\/DSC_45151.jpg 1080w\" sizes=\"(max-width: 800px) 100vw, 800px\" \/>\t\t\t\t\t\t\t\t\t\t\t\t\t\t\t<\/div>\n\t\t\t\t<\/div>\n\t\t\t\t<\/div>\n\t\t<div class=\"elementor-element elementor-element-e71c263 e-con-full e-flex e-con e-child\" data-id=\"e71c263\" data-element_type=\"container\" data-e-type=\"container\">\n\t\t\t\t<div class=\"elementor-element elementor-element-cd14943 elementor-widget elementor-widget-heading\" data-id=\"cd14943\" data-element_type=\"widget\" data-e-type=\"widget\" data-widget_type=\"heading.default\">\n\t\t\t\t<div class=\"elementor-widget-container\">\n\t\t\t\t\t<h2 class=\"elementor-heading-title elementor-size-default\">Capacit\u00e9s de production<\/h2>\t\t\t\t<\/div>\n\t\t\t\t<\/div>\n\t\t\t\t<div class=\"elementor-element elementor-element-d5b370e elementor-widget elementor-widget-text-editor\" data-id=\"d5b370e\" data-element_type=\"widget\" data-e-type=\"widget\" data-widget_type=\"text-editor.default\">\n\t\t\t\t<div class=\"elementor-widget-container\">\n\t\t\t\t\t\t\t\t\t<ul><li>Plus de 300 travailleurs hautement qualifi\u00e9s<\/li><li>Des millions de tonnes produites chaque ann\u00e9e<\/li><li>Plus de 10 lignes d'assemblage<\/li><li>Tous les processus sont internes<\/li><\/ul>\t\t\t\t\t\t\t\t<\/div>\n\t\t\t\t<\/div>\n\t\t\t\t<div class=\"elementor-element elementor-element-2ffe6ee elementor-widget elementor-widget-button\" data-id=\"2ffe6ee\" data-element_type=\"widget\" data-e-type=\"widget\" data-widget_type=\"button.default\">\n\t\t\t\t<div class=\"elementor-widget-container\">\n\t\t\t\t\t\t\t\t\t<div class=\"elementor-button-wrapper\">\n\t\t\t\t\t<a class=\"elementor-button elementor-button-link elementor-size-sm\" href=\"#elementor-action%3Aaction%3Dpopup%3Aopen%26settings%3DeyJpZCI6IjczMyIsInRvZ2dsZSI6ZmFsc2V9\">\n\t\t\t\t\t\t<span class=\"elementor-button-content-wrapper\">\n\t\t\t\t\t\t\t\t\t<span class=\"elementor-button-text\">Envoyez votre demande maintenant<\/span>\n\t\t\t\t\t<\/span>\n\t\t\t\t\t<\/a>\n\t\t\t\t<\/div>\n\t\t\t\t\t\t\t\t<\/div>\n\t\t\t\t<\/div>\n\t\t\t\t<\/div>\n\t\t\t\t<\/div>\n\t\t<div class=\"elementor-element elementor-element-28e33d3 e-con-full e-flex e-con e-child\" data-id=\"28e33d3\" data-element_type=\"container\" data-e-type=\"container\" data-settings=\"{&quot;background_background&quot;:&quot;classic&quot;}\">\n\t\t<div class=\"elementor-element elementor-element-10c0b39 e-con-full e-flex e-con e-child\" data-id=\"10c0b39\" data-element_type=\"container\" data-e-type=\"container\">\n\t\t\t\t<div class=\"elementor-element elementor-element-6e799ea elementor-widget elementor-widget-image\" data-id=\"6e799ea\" data-element_type=\"widget\" data-e-type=\"widget\" data-widget_type=\"image.default\">\n\t\t\t\t<div class=\"elementor-widget-container\">\n\t\t\t\t\t\t\t\t\t\t\t\t\t\t\t<img decoding=\"async\" width=\"408\" height=\"408\" src=\"https:\/\/canbostadiumseat.com\/wp-content\/uploads\/2025\/07\/Certification1.jpg\" class=\"attachment-large size-large wp-image-3709\" alt=\"Certification\" srcset=\"https:\/\/canbostadiumseat.com\/wp-content\/uploads\/2025\/07\/Certification1.jpg 408w, https:\/\/canbostadiumseat.com\/wp-content\/uploads\/2025\/07\/Certification1-300x300.jpg 300w, https:\/\/canbostadiumseat.com\/wp-content\/uploads\/2025\/07\/Certification1-150x150.jpg 150w, https:\/\/canbostadiumseat.com\/wp-content\/uploads\/2025\/07\/Certification1-12x12.jpg 12w, https:\/\/canbostadiumseat.com\/wp-content\/uploads\/2025\/07\/Certification1-100x100.jpg 100w\" sizes=\"(max-width: 408px) 100vw, 408px\" \/>\t\t\t\t\t\t\t\t\t\t\t\t\t\t\t<\/div>\n\t\t\t\t<\/div>\n\t\t\t\t<\/div>\n\t\t<div class=\"elementor-element elementor-element-275cdcb e-con-full e-flex e-con e-child\" data-id=\"275cdcb\" data-element_type=\"container\" data-e-type=\"container\">\n\t\t\t\t<div class=\"elementor-element elementor-element-2a4cdec elementor-widget elementor-widget-heading\" data-id=\"2a4cdec\" data-element_type=\"widget\" data-e-type=\"widget\" data-widget_type=\"heading.default\">\n\t\t\t\t<div class=\"elementor-widget-container\">\n\t\t\t\t\t<h2 class=\"elementor-heading-title elementor-size-default\">Certification d'usine<\/h2>\t\t\t\t<\/div>\n\t\t\t\t<\/div>\n\t\t\t\t<div class=\"elementor-element elementor-element-2b20144 elementor-widget elementor-widget-text-editor\" data-id=\"2b20144\" data-element_type=\"widget\" data-e-type=\"widget\" data-widget_type=\"text-editor.default\">\n\t\t\t\t<div class=\"elementor-widget-container\">\n\t\t\t\t\t\t\t\t\t<ul><li>Notre usine est certifi\u00e9e BSCI et ISO 9001<\/li><li>Les produits sont certifi\u00e9s CE<\/li><li>Nos produits sont prot\u00e9g\u00e9s par des brevets aux \u00c9tats-Unis, dans l'Union europ\u00e9enne et dans d'autres r\u00e9gions.<\/li><li>Les tissus ont pass\u00e9 avec succ\u00e8s les tests environnementaux<\/li><\/ul>\t\t\t\t\t\t\t\t<\/div>\n\t\t\t\t<\/div>\n\t\t\t\t<div class=\"elementor-element elementor-element-e1fcadc elementor-widget elementor-widget-button\" data-id=\"e1fcadc\" data-element_type=\"widget\" data-e-type=\"widget\" data-widget_type=\"button.default\">\n\t\t\t\t<div class=\"elementor-widget-container\">\n\t\t\t\t\t\t\t\t\t<div class=\"elementor-button-wrapper\">\n\t\t\t\t\t<a class=\"elementor-button elementor-button-link elementor-size-sm\" href=\"#elementor-action%3Aaction%3Dpopup%3Aopen%26settings%3DeyJpZCI6IjczMyIsInRvZ2dsZSI6ZmFsc2V9\">\n\t\t\t\t\t\t<span class=\"elementor-button-content-wrapper\">\n\t\t\t\t\t\t\t\t\t<span class=\"elementor-button-text\">Envoyez votre demande maintenant<\/span>\n\t\t\t\t\t<\/span>\n\t\t\t\t\t<\/a>\n\t\t\t\t<\/div>\n\t\t\t\t\t\t\t\t<\/div>\n\t\t\t\t<\/div>\n\t\t\t\t<\/div>\n\t\t\t\t<\/div>\n\t\t<div class=\"elementor-element elementor-element-e9b1d8e e-con-full e-flex e-con e-child\" data-id=\"e9b1d8e\" data-element_type=\"container\" data-e-type=\"container\" data-settings=\"{&quot;background_background&quot;:&quot;classic&quot;}\">\n\t\t<div class=\"elementor-element elementor-element-397406c e-con-full e-flex e-con e-child\" data-id=\"397406c\" data-element_type=\"container\" data-e-type=\"container\">\n\t\t\t\t<div class=\"elementor-element elementor-element-2ce2dbf elementor-widget elementor-widget-image\" data-id=\"2ce2dbf\" data-element_type=\"widget\" data-e-type=\"widget\" data-widget_type=\"image.default\">\n\t\t\t\t<div class=\"elementor-widget-container\">\n\t\t\t\t\t\t\t\t\t\t\t\t\t\t\t<img decoding=\"async\" width=\"800\" height=\"800\" src=\"https:\/\/canbostadiumseat.com\/wp-content\/uploads\/2025\/07\/RD-capabilities-1024x1024.jpg\" class=\"attachment-large size-large wp-image-3711\" alt=\"Capacit\u00e9s de R&amp;D\" srcset=\"https:\/\/canbostadiumseat.com\/wp-content\/uploads\/2025\/07\/RD-capabilities-1024x1024.jpg 1024w, https:\/\/canbostadiumseat.com\/wp-content\/uploads\/2025\/07\/RD-capabilities-300x300.jpg 300w, https:\/\/canbostadiumseat.com\/wp-content\/uploads\/2025\/07\/RD-capabilities-150x150.jpg 150w, https:\/\/canbostadiumseat.com\/wp-content\/uploads\/2025\/07\/RD-capabilities-768x768.jpg 768w, https:\/\/canbostadiumseat.com\/wp-content\/uploads\/2025\/07\/RD-capabilities-12x12.jpg 12w, https:\/\/canbostadiumseat.com\/wp-content\/uploads\/2025\/07\/RD-capabilities-600x600.jpg 600w, https:\/\/canbostadiumseat.com\/wp-content\/uploads\/2025\/07\/RD-capabilities-100x100.jpg 100w, https:\/\/canbostadiumseat.com\/wp-content\/uploads\/2025\/07\/RD-capabilities.jpg 1400w\" sizes=\"(max-width: 800px) 100vw, 800px\" \/>\t\t\t\t\t\t\t\t\t\t\t\t\t\t\t<\/div>\n\t\t\t\t<\/div>\n\t\t\t\t<\/div>\n\t\t<div class=\"elementor-element elementor-element-5c762a9 e-con-full e-flex e-con e-child\" data-id=\"5c762a9\" data-element_type=\"container\" data-e-type=\"container\">\n\t\t\t\t<div class=\"elementor-element elementor-element-f680910 elementor-widget elementor-widget-heading\" data-id=\"f680910\" data-element_type=\"widget\" data-e-type=\"widget\" data-widget_type=\"heading.default\">\n\t\t\t\t<div class=\"elementor-widget-container\">\n\t\t\t\t\t<h2 class=\"elementor-heading-title elementor-size-default\">Capacit\u00e9s de R&amp;D<\/h2>\t\t\t\t<\/div>\n\t\t\t\t<\/div>\n\t\t\t\t<div class=\"elementor-element elementor-element-5c1eefe elementor-widget elementor-widget-text-editor\" data-id=\"5c1eefe\" data-element_type=\"widget\" data-e-type=\"widget\" data-widget_type=\"text-editor.default\">\n\t\t\t\t<div class=\"elementor-widget-container\">\n\t\t\t\t\t\t\t\t\t<ul><li>Nous disposons de concepteurs de produits internationaux exp\u00e9riment\u00e9s<\/li><li>D\u00e9veloppement de plus de 100 nouveaux produits par an<\/li><li>Une \u00e9quipe professionnelle de prototypage pour une mise en \u0153uvre rapide de la conception<\/li><li>L'accent est mis sur les \u00e9tudes de march\u00e9 et le retour d'information des utilisateurs<\/li><\/ul>\t\t\t\t\t\t\t\t<\/div>\n\t\t\t\t<\/div>\n\t\t\t\t<div class=\"elementor-element elementor-element-32f4813 elementor-widget elementor-widget-button\" data-id=\"32f4813\" data-element_type=\"widget\" data-e-type=\"widget\" data-widget_type=\"button.default\">\n\t\t\t\t<div class=\"elementor-widget-container\">\n\t\t\t\t\t\t\t\t\t<div class=\"elementor-button-wrapper\">\n\t\t\t\t\t<a class=\"elementor-button elementor-button-link elementor-size-sm\" href=\"#elementor-action%3Aaction%3Dpopup%3Aopen%26settings%3DeyJpZCI6IjczMyIsInRvZ2dsZSI6ZmFsc2V9\">\n\t\t\t\t\t\t<span class=\"elementor-button-content-wrapper\">\n\t\t\t\t\t\t\t\t\t<span class=\"elementor-button-text\">Envoyez votre demande maintenant<\/span>\n\t\t\t\t\t<\/span>\n\t\t\t\t\t<\/a>\n\t\t\t\t<\/div>\n\t\t\t\t\t\t\t\t<\/div>\n\t\t\t\t<\/div>\n\t\t\t\t<\/div>\n\t\t\t\t<\/div>\n\t\t<div class=\"elementor-element elementor-element-ac1431f e-con-full e-flex e-con e-child\" data-id=\"ac1431f\" data-element_type=\"container\" data-e-type=\"container\" data-settings=\"{&quot;background_background&quot;:&quot;classic&quot;}\">\n\t\t<div class=\"elementor-element elementor-element-eb1135e e-con-full e-flex e-con e-child\" data-id=\"eb1135e\" data-element_type=\"container\" data-e-type=\"container\">\n\t\t\t\t<div class=\"elementor-element elementor-element-17bed4a elementor-widget elementor-widget-image\" data-id=\"17bed4a\" data-element_type=\"widget\" data-e-type=\"widget\" data-widget_type=\"image.default\">\n\t\t\t\t<div class=\"elementor-widget-container\">\n\t\t\t\t\t\t\t\t\t\t\t\t\t\t\t<img alt=\"\" loading=\"lazy\" decoding=\"async\" width=\"800\" height=\"800\" src=\"https:\/\/canbostadiumseat.com\/wp-content\/uploads\/2025\/07\/Customer-Service-Team-1024x1024.png\" class=\"attachment-large size-large wp-image-3716\" srcset=\"https:\/\/canbostadiumseat.com\/wp-content\/uploads\/2025\/07\/Customer-Service-Team-1024x1024.png 1024w, https:\/\/canbostadiumseat.com\/wp-content\/uploads\/2025\/07\/Customer-Service-Team-300x300.png 300w, https:\/\/canbostadiumseat.com\/wp-content\/uploads\/2025\/07\/Customer-Service-Team-150x150.png 150w, https:\/\/canbostadiumseat.com\/wp-content\/uploads\/2025\/07\/Customer-Service-Team-768x768.png 768w, https:\/\/canbostadiumseat.com\/wp-content\/uploads\/2025\/07\/Customer-Service-Team-1536x1536.png 1536w, https:\/\/canbostadiumseat.com\/wp-content\/uploads\/2025\/07\/Customer-Service-Team-2048x2048.png 2048w, https:\/\/canbostadiumseat.com\/wp-content\/uploads\/2025\/07\/Customer-Service-Team-12x12.png 12w, https:\/\/canbostadiumseat.com\/wp-content\/uploads\/2025\/07\/Customer-Service-Team-600x600.png 600w, https:\/\/canbostadiumseat.com\/wp-content\/uploads\/2025\/07\/Customer-Service-Team-100x100.png 100w\" sizes=\"(max-width: 800px) 100vw, 800px\" \/>\t\t\t\t\t\t\t\t\t\t\t\t\t\t\t<\/div>\n\t\t\t\t<\/div>\n\t\t\t\t<\/div>\n\t\t<div class=\"elementor-element elementor-element-756e731 e-con-full e-flex e-con e-child\" data-id=\"756e731\" data-element_type=\"container\" data-e-type=\"container\">\n\t\t\t\t<div class=\"elementor-element elementor-element-4aa8f65 elementor-widget elementor-widget-heading\" data-id=\"4aa8f65\" data-element_type=\"widget\" data-e-type=\"widget\" data-widget_type=\"heading.default\">\n\t\t\t\t<div class=\"elementor-widget-container\">\n\t\t\t\t\t<h2 class=\"elementor-heading-title elementor-size-default\">\u00c9quipe du service \u00e0 la client\u00e8le<\/h2>\t\t\t\t<\/div>\n\t\t\t\t<\/div>\n\t\t\t\t<div class=\"elementor-element elementor-element-1ad1a44 elementor-widget elementor-widget-text-editor\" data-id=\"1ad1a44\" data-element_type=\"widget\" data-e-type=\"widget\" data-widget_type=\"text-editor.default\">\n\t\t\t\t<div class=\"elementor-widget-container\">\n\t\t\t\t\t\t\t\t\t<ul><li>Des ing\u00e9nieurs experts qui peuvent fournir des conseils professionnels<\/li><li>Assistance en ligne 24\/7<\/li><li>R\u00e9ponse rapide aux demandes et aux questions<\/li><li>Excellent service avant et apr\u00e8s-vente<\/li><li>\u00a0<\/li><\/ul>\t\t\t\t\t\t\t\t<\/div>\n\t\t\t\t<\/div>\n\t\t\t\t<div class=\"elementor-element elementor-element-299fd8f elementor-widget elementor-widget-button\" data-id=\"299fd8f\" data-element_type=\"widget\" data-e-type=\"widget\" data-widget_type=\"button.default\">\n\t\t\t\t<div class=\"elementor-widget-container\">\n\t\t\t\t\t\t\t\t\t<div class=\"elementor-button-wrapper\">\n\t\t\t\t\t<a class=\"elementor-button elementor-button-link elementor-size-sm\" href=\"#elementor-action%3Aaction%3Dpopup%3Aopen%26settings%3DeyJpZCI6IjczMyIsInRvZ2dsZSI6ZmFsc2V9\">\n\t\t\t\t\t\t<span class=\"elementor-button-content-wrapper\">\n\t\t\t\t\t\t\t\t\t<span class=\"elementor-button-text\">Envoyez votre demande maintenant<\/span>\n\t\t\t\t\t<\/span>\n\t\t\t\t\t<\/a>\n\t\t\t\t<\/div>\n\t\t\t\t\t\t\t\t<\/div>\n\t\t\t\t<\/div>\n\t\t\t\t<\/div>\n\t\t\t\t<\/div>\n\t\t<div class=\"elementor-element elementor-element-2fe15bf e-con-full e-flex e-con e-child\" data-id=\"2fe15bf\" data-element_type=\"container\" data-e-type=\"container\" data-settings=\"{&quot;background_background&quot;:&quot;classic&quot;}\">\n\t\t<div class=\"elementor-element elementor-element-6b9f4b4 e-con-full e-flex e-con e-child\" data-id=\"6b9f4b4\" data-element_type=\"container\" data-e-type=\"container\">\n\t\t\t\t<div class=\"elementor-element elementor-element-3d0bbaf elementor-widget elementor-widget-image\" data-id=\"3d0bbaf\" data-element_type=\"widget\" data-e-type=\"widget\" data-widget_type=\"image.default\">\n\t\t\t\t<div class=\"elementor-widget-container\">\n\t\t\t\t\t\t\t\t\t\t\t\t\t\t\t<img alt=\"\" loading=\"lazy\" decoding=\"async\" width=\"800\" height=\"800\" src=\"https:\/\/canbostadiumseat.com\/wp-content\/uploads\/2025\/07\/shipping-1024x1024.png\" class=\"attachment-large size-large wp-image-3710\" srcset=\"https:\/\/canbostadiumseat.com\/wp-content\/uploads\/2025\/07\/shipping-1024x1024.png 1024w, https:\/\/canbostadiumseat.com\/wp-content\/uploads\/2025\/07\/shipping-300x300.png 300w, https:\/\/canbostadiumseat.com\/wp-content\/uploads\/2025\/07\/shipping-150x150.png 150w, https:\/\/canbostadiumseat.com\/wp-content\/uploads\/2025\/07\/shipping-768x768.png 768w, https:\/\/canbostadiumseat.com\/wp-content\/uploads\/2025\/07\/shipping-1536x1536.png 1536w, https:\/\/canbostadiumseat.com\/wp-content\/uploads\/2025\/07\/shipping-2048x2048.png 2048w, https:\/\/canbostadiumseat.com\/wp-content\/uploads\/2025\/07\/shipping-12x12.png 12w, https:\/\/canbostadiumseat.com\/wp-content\/uploads\/2025\/07\/shipping-600x600.png 600w, https:\/\/canbostadiumseat.com\/wp-content\/uploads\/2025\/07\/shipping-100x100.png 100w\" sizes=\"(max-width: 800px) 100vw, 800px\" \/>\t\t\t\t\t\t\t\t\t\t\t\t\t\t\t<\/div>\n\t\t\t\t<\/div>\n\t\t\t\t<\/div>\n\t\t<div class=\"elementor-element elementor-element-79f8665 e-con-full e-flex e-con e-child\" data-id=\"79f8665\" data-element_type=\"container\" data-e-type=\"container\">\n\t\t\t\t<div class=\"elementor-element elementor-element-5365f42 elementor-widget elementor-widget-heading\" data-id=\"5365f42\" data-element_type=\"widget\" data-e-type=\"widget\" data-widget_type=\"heading.default\">\n\t\t\t\t<div class=\"elementor-widget-container\">\n\t\t\t\t\t<h2 class=\"elementor-heading-title elementor-size-default\">Livraison rapide<\/h2>\t\t\t\t<\/div>\n\t\t\t\t<\/div>\n\t\t\t\t<div class=\"elementor-element elementor-element-a106051 elementor-widget elementor-widget-text-editor\" data-id=\"a106051\" data-element_type=\"widget\" data-e-type=\"widget\" data-widget_type=\"text-editor.default\">\n\t\t\t\t<div class=\"elementor-widget-container\">\n\t\t\t\t\t\t\t\t\t<ul><li>Exp\u00e9dition des produits par DHL\/FedEx\/UPS\/TNT<\/li><li>Livraison de votre commande par voie terrestre, a\u00e9rienne ou maritime<\/li><li>FOB dans n'importe quel port de Chine<\/li><li>Exp\u00e9dition partielle possible<\/li><\/ul>\t\t\t\t\t\t\t\t<\/div>\n\t\t\t\t<\/div>\n\t\t\t\t<div class=\"elementor-element elementor-element-7be45bc elementor-widget elementor-widget-button\" data-id=\"7be45bc\" data-element_type=\"widget\" data-e-type=\"widget\" data-widget_type=\"button.default\">\n\t\t\t\t<div class=\"elementor-widget-container\">\n\t\t\t\t\t\t\t\t\t<div class=\"elementor-button-wrapper\">\n\t\t\t\t\t<a class=\"elementor-button elementor-button-link elementor-size-sm\" href=\"#elementor-action%3Aaction%3Dpopup%3Aopen%26settings%3DeyJpZCI6IjczMyIsInRvZ2dsZSI6ZmFsc2V9\">\n\t\t\t\t\t\t<span class=\"elementor-button-content-wrapper\">\n\t\t\t\t\t\t\t\t\t<span class=\"elementor-button-text\">Envoyez votre demande maintenant<\/span>\n\t\t\t\t\t<\/span>\n\t\t\t\t\t<\/a>\n\t\t\t\t<\/div>\n\t\t\t\t\t\t\t\t<\/div>\n\t\t\t\t<\/div>\n\t\t\t\t<\/div>\n\t\t\t\t<\/div>\n\t\t\t\t\t<\/div>\n\t\t\t\t<\/div>\n\t\t\t\t<\/div>","protected":false},"excerpt":{"rendered":"<p>Our Advantage Request Our Latest Price Canbo has extensive experience in producing outdoor bleacher chairs. With a factory area exceeding 20,000 square meters and over 300 employees, we boast exceptional productivity and delivery capabilities. Our highly experienced R&amp;D team ensures we develop numerous new products annually. Our primary clients are cross-border e-commerce companies, supermarkets, and&#8230;<\/p>","protected":false},"author":1,"featured_media":0,"parent":0,"menu_order":0,"comment_status":"closed","ping_status":"closed","template":"","meta":{"_seopress_robots_primary_cat":"","_seopress_titles_title":"","_seopress_titles_desc":"","_seopress_robots_index":"","footnotes":""},"class_list":["post-3107","page","type-page","status-publish","hentry"],"meta_box":[],"_links":{"self":[{"href":"https:\/\/canbostadiumseat.com\/fr\/wp-json\/wp\/v2\/pages\/3107","targetHints":{"allow":["GET"]}}],"collection":[{"href":"https:\/\/canbostadiumseat.com\/fr\/wp-json\/wp\/v2\/pages"}],"about":[{"href":"https:\/\/canbostadiumseat.com\/fr\/wp-json\/wp\/v2\/types\/page"}],"author":[{"embeddable":true,"href":"https:\/\/canbostadiumseat.com\/fr\/wp-json\/wp\/v2\/users\/1"}],"replies":[{"embeddable":true,"href":"https:\/\/canbostadiumseat.com\/fr\/wp-json\/wp\/v2\/comments?post=3107"}],"version-history":[{"count":0,"href":"https:\/\/canbostadiumseat.com\/fr\/wp-json\/wp\/v2\/pages\/3107\/revisions"}],"wp:attachment":[{"href":"https:\/\/canbostadiumseat.com\/fr\/wp-json\/wp\/v2\/media?parent=3107"}],"curies":[{"name":"wp","href":"https:\/\/api.w.org\/{rel}","templated":true}]}}