{"id":3107,"date":"2025-07-22T03:28:46","date_gmt":"2025-07-22T03:28:46","guid":{"rendered":"https:\/\/canbostadiumseat.com\/?page_id=3107"},"modified":"2025-08-14T01:15:42","modified_gmt":"2025-08-14T01:15:42","slug":"advantage","status":"publish","type":"page","link":"https:\/\/canbostadiumseat.com\/tr\/advantage\/","title":{"rendered":"Avantaj"},"content":{"rendered":"<div data-elementor-type=\"wp-page\" data-elementor-id=\"3107\" class=\"elementor elementor-3107\" data-elementor-post-type=\"page\">\n\t\t\t\t<div class=\"elementor-element elementor-element-f1232fb e-flex e-con-boxed e-con e-parent\" data-id=\"f1232fb\" data-element_type=\"container\" data-e-type=\"container\" data-settings=\"{&quot;background_background&quot;:&quot;classic&quot;}\">\n\t\t\t\t\t<div class=\"e-con-inner\">\n\t\t\t\t<div class=\"elementor-element elementor-element-8925a9d elementor-widget elementor-widget-heading\" data-id=\"8925a9d\" data-element_type=\"widget\" data-e-type=\"widget\" data-widget_type=\"heading.default\">\n\t\t\t\t<div class=\"elementor-widget-container\">\n\t\t\t\t\t<h2 class=\"elementor-heading-title elementor-size-default\">Bizim Avantaj\u0131m\u0131z<\/h2>\t\t\t\t<\/div>\n\t\t\t\t<\/div>\n\t\t\t\t<div class=\"elementor-element elementor-element-9af3c4b elementor-widget elementor-widget-button\" data-id=\"9af3c4b\" data-element_type=\"widget\" data-e-type=\"widget\" data-widget_type=\"button.default\">\n\t\t\t\t<div class=\"elementor-widget-container\">\n\t\t\t\t\t\t\t\t\t<div class=\"elementor-button-wrapper\">\n\t\t\t\t\t<a class=\"elementor-button elementor-button-link elementor-size-sm\" href=\"#elementor-action%3Aaction%3Dpopup%3Aopen%26settings%3DeyJpZCI6IjczMyIsInRvZ2dsZSI6ZmFsc2V9\">\n\t\t\t\t\t\t<span class=\"elementor-button-content-wrapper\">\n\t\t\t\t\t\t\t\t\t<span class=\"elementor-button-text\">Son Fiyat\u0131m\u0131z\u0131 Talep Edin<\/span>\n\t\t\t\t\t<\/span>\n\t\t\t\t\t<\/a>\n\t\t\t\t<\/div>\n\t\t\t\t\t\t\t\t<\/div>\n\t\t\t\t<\/div>\n\t\t\t\t\t<\/div>\n\t\t\t\t<\/div>\n\t\t<div class=\"elementor-element elementor-element-4914f35 e-flex e-con-boxed e-con e-parent\" data-id=\"4914f35\" data-element_type=\"container\" data-e-type=\"container\">\n\t\t\t\t\t<div class=\"e-con-inner\">\n\t\t\t\t<div class=\"elementor-element elementor-element-4df3e05 elementor-widget elementor-widget-text-editor\" data-id=\"4df3e05\" data-element_type=\"widget\" data-e-type=\"widget\" data-widget_type=\"text-editor.default\">\n\t\t\t\t<div class=\"elementor-widget-container\">\n\t\t\t\t\t\t\t\t\t<p>Canbo, d\u0131\u015f mekan trib\u00fcn sandalyeleri \u00fcretiminde geni\u015f deneyime sahiptir. Fabrika alan\u0131m\u0131z\u0131n 20.000 metrekareyi a\u015fmas\u0131 ve 300'den fazla \u00e7al\u0131\u015fan\u0131m\u0131zla ola\u011fan\u00fcst\u00fc \u00fcretkenlik ve teslimat kabiliyetine sahibiz. Son derece deneyimli Ar-Ge ekibimiz her y\u0131l \u00e7ok say\u0131da yeni \u00fcr\u00fcn geli\u015ftirmemizi sa\u011fl\u0131yor. Ba\u015fl\u0131ca m\u00fc\u015fterilerimiz s\u0131n\u0131r \u00f6tesi e-ticaret \u015firketleri, s\u00fcpermarketler ve b\u00fcy\u00fck kurumsal sat\u0131n al\u0131mlard\u0131r ve bize bu alanda kapsaml\u0131 deneyim kazand\u0131rmaktad\u0131r. OEM ve ODM hizmetlerini destekliyoruz ve markan\u0131z\u0131 olu\u015fturman\u0131za ve \u00fcr\u00fcnlerinizi ve fiyatlar\u0131n\u0131z\u0131 pazarda daha rekabet\u00e7i hale getirmenize yard\u0131mc\u0131 olabiliriz.<\/p>\t\t\t\t\t\t\t\t<\/div>\n\t\t\t\t<\/div>\n\t\t\t\t\t<\/div>\n\t\t\t\t<\/div>\n\t\t<div class=\"elementor-element elementor-element-27d0f18 e-flex e-con-boxed e-con e-parent\" data-id=\"27d0f18\" data-element_type=\"container\" data-e-type=\"container\" data-settings=\"{&quot;background_background&quot;:&quot;classic&quot;}\">\n\t\t\t\t\t<div class=\"e-con-inner\">\n\t\t<div class=\"elementor-element elementor-element-674f669 e-con-full e-flex e-con e-child\" data-id=\"674f669\" data-element_type=\"container\" data-e-type=\"container\" data-settings=\"{&quot;background_background&quot;:&quot;classic&quot;}\">\n\t\t<div class=\"elementor-element elementor-element-256881e e-con-full e-flex e-con e-child\" data-id=\"256881e\" data-element_type=\"container\" data-e-type=\"container\">\n\t\t\t\t<div class=\"elementor-element elementor-element-48ec86e elementor-widget elementor-widget-image\" data-id=\"48ec86e\" data-element_type=\"widget\" data-e-type=\"widget\" data-widget_type=\"image.default\">\n\t\t\t\t<div class=\"elementor-widget-container\">\n\t\t\t\t\t\t\t\t\t\t\t\t\t\t\t<img alt=\"\" fetchpriority=\"high\" decoding=\"async\" width=\"800\" height=\"800\" src=\"https:\/\/canbostadiumseat.com\/wp-content\/uploads\/2025\/07\/DSC_45151-1024x1024.jpg\" class=\"attachment-large size-large wp-image-3257\" srcset=\"https:\/\/canbostadiumseat.com\/wp-content\/uploads\/2025\/07\/DSC_45151-1024x1024.jpg 1024w, https:\/\/canbostadiumseat.com\/wp-content\/uploads\/2025\/07\/DSC_45151-300x300.jpg 300w, https:\/\/canbostadiumseat.com\/wp-content\/uploads\/2025\/07\/DSC_45151-150x150.jpg 150w, https:\/\/canbostadiumseat.com\/wp-content\/uploads\/2025\/07\/DSC_45151-768x768.jpg 768w, https:\/\/canbostadiumseat.com\/wp-content\/uploads\/2025\/07\/DSC_45151-12x12.jpg 12w, https:\/\/canbostadiumseat.com\/wp-content\/uploads\/2025\/07\/DSC_45151-600x600.jpg 600w, https:\/\/canbostadiumseat.com\/wp-content\/uploads\/2025\/07\/DSC_45151-100x100.jpg 100w, https:\/\/canbostadiumseat.com\/wp-content\/uploads\/2025\/07\/DSC_45151.jpg 1080w\" sizes=\"(max-width: 800px) 100vw, 800px\" \/>\t\t\t\t\t\t\t\t\t\t\t\t\t\t\t<\/div>\n\t\t\t\t<\/div>\n\t\t\t\t<\/div>\n\t\t<div class=\"elementor-element elementor-element-e71c263 e-con-full e-flex e-con e-child\" data-id=\"e71c263\" data-element_type=\"container\" data-e-type=\"container\">\n\t\t\t\t<div class=\"elementor-element elementor-element-cd14943 elementor-widget elementor-widget-heading\" data-id=\"cd14943\" data-element_type=\"widget\" data-e-type=\"widget\" data-widget_type=\"heading.default\">\n\t\t\t\t<div class=\"elementor-widget-container\">\n\t\t\t\t\t<h2 class=\"elementor-heading-title elementor-size-default\">\u00dcretim Kabiliyetleri<\/h2>\t\t\t\t<\/div>\n\t\t\t\t<\/div>\n\t\t\t\t<div class=\"elementor-element elementor-element-d5b370e elementor-widget elementor-widget-text-editor\" data-id=\"d5b370e\" data-element_type=\"widget\" data-e-type=\"widget\" data-widget_type=\"text-editor.default\">\n\t\t\t\t<div class=\"elementor-widget-container\">\n\t\t\t\t\t\t\t\t\t<ul><li>300'\u00fcn \u00fczerinde y\u00fcksek e\u011fitimli ve vas\u0131fl\u0131 \u00e7al\u0131\u015fan<\/li><li>Her y\u0131l milyonlarca \u00fcretim \u00e7\u0131kt\u0131s\u0131<\/li><li>10'dan fazla montaj hatt\u0131<\/li><li>T\u00fcm s\u00fcre\u00e7ler kurum i\u00e7inde<\/li><\/ul>\t\t\t\t\t\t\t\t<\/div>\n\t\t\t\t<\/div>\n\t\t\t\t<div class=\"elementor-element elementor-element-2ffe6ee elementor-widget elementor-widget-button\" data-id=\"2ffe6ee\" data-element_type=\"widget\" data-e-type=\"widget\" data-widget_type=\"button.default\">\n\t\t\t\t<div class=\"elementor-widget-container\">\n\t\t\t\t\t\t\t\t\t<div class=\"elementor-button-wrapper\">\n\t\t\t\t\t<a class=\"elementor-button elementor-button-link elementor-size-sm\" href=\"#elementor-action%3Aaction%3Dpopup%3Aopen%26settings%3DeyJpZCI6IjczMyIsInRvZ2dsZSI6ZmFsc2V9\">\n\t\t\t\t\t\t<span class=\"elementor-button-content-wrapper\">\n\t\t\t\t\t\t\t\t\t<span class=\"elementor-button-text\">Sorgunuzu \u015eimdi G\u00f6nderin<\/span>\n\t\t\t\t\t<\/span>\n\t\t\t\t\t<\/a>\n\t\t\t\t<\/div>\n\t\t\t\t\t\t\t\t<\/div>\n\t\t\t\t<\/div>\n\t\t\t\t<\/div>\n\t\t\t\t<\/div>\n\t\t<div class=\"elementor-element elementor-element-28e33d3 e-con-full e-flex e-con e-child\" data-id=\"28e33d3\" data-element_type=\"container\" data-e-type=\"container\" data-settings=\"{&quot;background_background&quot;:&quot;classic&quot;}\">\n\t\t<div class=\"elementor-element elementor-element-10c0b39 e-con-full e-flex e-con e-child\" data-id=\"10c0b39\" data-element_type=\"container\" data-e-type=\"container\">\n\t\t\t\t<div class=\"elementor-element elementor-element-6e799ea elementor-widget elementor-widget-image\" data-id=\"6e799ea\" data-element_type=\"widget\" data-e-type=\"widget\" data-widget_type=\"image.default\">\n\t\t\t\t<div class=\"elementor-widget-container\">\n\t\t\t\t\t\t\t\t\t\t\t\t\t\t\t<img decoding=\"async\" width=\"408\" height=\"408\" src=\"https:\/\/canbostadiumseat.com\/wp-content\/uploads\/2025\/07\/Certification1.jpg\" class=\"attachment-large size-large wp-image-3709\" alt=\"Sertifikasyon\" srcset=\"https:\/\/canbostadiumseat.com\/wp-content\/uploads\/2025\/07\/Certification1.jpg 408w, https:\/\/canbostadiumseat.com\/wp-content\/uploads\/2025\/07\/Certification1-300x300.jpg 300w, https:\/\/canbostadiumseat.com\/wp-content\/uploads\/2025\/07\/Certification1-150x150.jpg 150w, https:\/\/canbostadiumseat.com\/wp-content\/uploads\/2025\/07\/Certification1-12x12.jpg 12w, https:\/\/canbostadiumseat.com\/wp-content\/uploads\/2025\/07\/Certification1-100x100.jpg 100w\" sizes=\"(max-width: 408px) 100vw, 408px\" \/>\t\t\t\t\t\t\t\t\t\t\t\t\t\t\t<\/div>\n\t\t\t\t<\/div>\n\t\t\t\t<\/div>\n\t\t<div class=\"elementor-element elementor-element-275cdcb e-con-full e-flex e-con e-child\" data-id=\"275cdcb\" data-element_type=\"container\" data-e-type=\"container\">\n\t\t\t\t<div class=\"elementor-element elementor-element-2a4cdec elementor-widget elementor-widget-heading\" data-id=\"2a4cdec\" data-element_type=\"widget\" data-e-type=\"widget\" data-widget_type=\"heading.default\">\n\t\t\t\t<div class=\"elementor-widget-container\">\n\t\t\t\t\t<h2 class=\"elementor-heading-title elementor-size-default\">Fabrika Sertifikasyonu<\/h2>\t\t\t\t<\/div>\n\t\t\t\t<\/div>\n\t\t\t\t<div class=\"elementor-element elementor-element-2b20144 elementor-widget elementor-widget-text-editor\" data-id=\"2b20144\" data-element_type=\"widget\" data-e-type=\"widget\" data-widget_type=\"text-editor.default\">\n\t\t\t\t<div class=\"elementor-widget-container\">\n\t\t\t\t\t\t\t\t\t<ul><li>Fabrikam\u0131z BSCI ve ISO 9001 sertifikal\u0131d\u0131r<\/li><li>\u00dcr\u00fcnler CE sertifikas\u0131na sahiptir<\/li><li>\u00dcr\u00fcnlerimiz ABD, AB ve di\u011fer b\u00f6lgelerde patent sertifikalar\u0131na sahiptir<\/li><li>Kuma\u015flar \u00e7evresel testlerden ge\u00e7mi\u015ftir<\/li><\/ul>\t\t\t\t\t\t\t\t<\/div>\n\t\t\t\t<\/div>\n\t\t\t\t<div class=\"elementor-element elementor-element-e1fcadc elementor-widget elementor-widget-button\" data-id=\"e1fcadc\" data-element_type=\"widget\" data-e-type=\"widget\" data-widget_type=\"button.default\">\n\t\t\t\t<div class=\"elementor-widget-container\">\n\t\t\t\t\t\t\t\t\t<div class=\"elementor-button-wrapper\">\n\t\t\t\t\t<a class=\"elementor-button elementor-button-link elementor-size-sm\" href=\"#elementor-action%3Aaction%3Dpopup%3Aopen%26settings%3DeyJpZCI6IjczMyIsInRvZ2dsZSI6ZmFsc2V9\">\n\t\t\t\t\t\t<span class=\"elementor-button-content-wrapper\">\n\t\t\t\t\t\t\t\t\t<span class=\"elementor-button-text\">Sorgunuzu \u015eimdi G\u00f6nderin<\/span>\n\t\t\t\t\t<\/span>\n\t\t\t\t\t<\/a>\n\t\t\t\t<\/div>\n\t\t\t\t\t\t\t\t<\/div>\n\t\t\t\t<\/div>\n\t\t\t\t<\/div>\n\t\t\t\t<\/div>\n\t\t<div class=\"elementor-element elementor-element-e9b1d8e e-con-full e-flex e-con e-child\" data-id=\"e9b1d8e\" data-element_type=\"container\" data-e-type=\"container\" data-settings=\"{&quot;background_background&quot;:&quot;classic&quot;}\">\n\t\t<div class=\"elementor-element elementor-element-397406c e-con-full e-flex e-con e-child\" data-id=\"397406c\" data-element_type=\"container\" data-e-type=\"container\">\n\t\t\t\t<div class=\"elementor-element elementor-element-2ce2dbf elementor-widget elementor-widget-image\" data-id=\"2ce2dbf\" data-element_type=\"widget\" data-e-type=\"widget\" data-widget_type=\"image.default\">\n\t\t\t\t<div class=\"elementor-widget-container\">\n\t\t\t\t\t\t\t\t\t\t\t\t\t\t\t<img decoding=\"async\" width=\"800\" height=\"800\" src=\"https:\/\/canbostadiumseat.com\/wp-content\/uploads\/2025\/07\/RD-capabilities-1024x1024.jpg\" class=\"attachment-large size-large wp-image-3711\" alt=\"Ar-Ge yetenekleri\" srcset=\"https:\/\/canbostadiumseat.com\/wp-content\/uploads\/2025\/07\/RD-capabilities-1024x1024.jpg 1024w, https:\/\/canbostadiumseat.com\/wp-content\/uploads\/2025\/07\/RD-capabilities-300x300.jpg 300w, https:\/\/canbostadiumseat.com\/wp-content\/uploads\/2025\/07\/RD-capabilities-150x150.jpg 150w, https:\/\/canbostadiumseat.com\/wp-content\/uploads\/2025\/07\/RD-capabilities-768x768.jpg 768w, https:\/\/canbostadiumseat.com\/wp-content\/uploads\/2025\/07\/RD-capabilities-12x12.jpg 12w, https:\/\/canbostadiumseat.com\/wp-content\/uploads\/2025\/07\/RD-capabilities-600x600.jpg 600w, https:\/\/canbostadiumseat.com\/wp-content\/uploads\/2025\/07\/RD-capabilities-100x100.jpg 100w, https:\/\/canbostadiumseat.com\/wp-content\/uploads\/2025\/07\/RD-capabilities.jpg 1400w\" sizes=\"(max-width: 800px) 100vw, 800px\" \/>\t\t\t\t\t\t\t\t\t\t\t\t\t\t\t<\/div>\n\t\t\t\t<\/div>\n\t\t\t\t<\/div>\n\t\t<div class=\"elementor-element elementor-element-5c762a9 e-con-full e-flex e-con e-child\" data-id=\"5c762a9\" data-element_type=\"container\" data-e-type=\"container\">\n\t\t\t\t<div class=\"elementor-element elementor-element-f680910 elementor-widget elementor-widget-heading\" data-id=\"f680910\" data-element_type=\"widget\" data-e-type=\"widget\" data-widget_type=\"heading.default\">\n\t\t\t\t<div class=\"elementor-widget-container\">\n\t\t\t\t\t<h2 class=\"elementor-heading-title elementor-size-default\">Ar-Ge Yetenekleri<\/h2>\t\t\t\t<\/div>\n\t\t\t\t<\/div>\n\t\t\t\t<div class=\"elementor-element elementor-element-5c1eefe elementor-widget elementor-widget-text-editor\" data-id=\"5c1eefe\" data-element_type=\"widget\" data-e-type=\"widget\" data-widget_type=\"text-editor.default\">\n\t\t\t\t<div class=\"elementor-widget-container\">\n\t\t\t\t\t\t\t\t\t<ul><li>Deneyimli uluslararas\u0131 \u00fcr\u00fcn tasar\u0131mc\u0131lar\u0131m\u0131z var<\/li><li>Y\u0131lda 100'\u00fcn \u00fczerinde yeni \u00fcr\u00fcn geli\u015ftirmek<\/li><li>H\u0131zl\u0131 tasar\u0131m uygulamas\u0131 i\u00e7in profesyonel prototipleme ekibi<\/li><li>Pazar ara\u015ft\u0131rmas\u0131na ve kullan\u0131c\u0131 geri bildirimlerine odaklan\u0131r<\/li><\/ul>\t\t\t\t\t\t\t\t<\/div>\n\t\t\t\t<\/div>\n\t\t\t\t<div class=\"elementor-element elementor-element-32f4813 elementor-widget elementor-widget-button\" data-id=\"32f4813\" data-element_type=\"widget\" data-e-type=\"widget\" data-widget_type=\"button.default\">\n\t\t\t\t<div class=\"elementor-widget-container\">\n\t\t\t\t\t\t\t\t\t<div class=\"elementor-button-wrapper\">\n\t\t\t\t\t<a class=\"elementor-button elementor-button-link elementor-size-sm\" href=\"#elementor-action%3Aaction%3Dpopup%3Aopen%26settings%3DeyJpZCI6IjczMyIsInRvZ2dsZSI6ZmFsc2V9\">\n\t\t\t\t\t\t<span class=\"elementor-button-content-wrapper\">\n\t\t\t\t\t\t\t\t\t<span class=\"elementor-button-text\">Sorgunuzu \u015eimdi G\u00f6nderin<\/span>\n\t\t\t\t\t<\/span>\n\t\t\t\t\t<\/a>\n\t\t\t\t<\/div>\n\t\t\t\t\t\t\t\t<\/div>\n\t\t\t\t<\/div>\n\t\t\t\t<\/div>\n\t\t\t\t<\/div>\n\t\t<div class=\"elementor-element elementor-element-ac1431f e-con-full e-flex e-con e-child\" data-id=\"ac1431f\" data-element_type=\"container\" data-e-type=\"container\" data-settings=\"{&quot;background_background&quot;:&quot;classic&quot;}\">\n\t\t<div class=\"elementor-element elementor-element-eb1135e e-con-full e-flex e-con e-child\" data-id=\"eb1135e\" data-element_type=\"container\" data-e-type=\"container\">\n\t\t\t\t<div class=\"elementor-element elementor-element-17bed4a elementor-widget elementor-widget-image\" data-id=\"17bed4a\" data-element_type=\"widget\" data-e-type=\"widget\" data-widget_type=\"image.default\">\n\t\t\t\t<div class=\"elementor-widget-container\">\n\t\t\t\t\t\t\t\t\t\t\t\t\t\t\t<img alt=\"\" loading=\"lazy\" decoding=\"async\" width=\"800\" height=\"800\" src=\"https:\/\/canbostadiumseat.com\/wp-content\/uploads\/2025\/07\/Customer-Service-Team-1024x1024.png\" class=\"attachment-large size-large wp-image-3716\" srcset=\"https:\/\/canbostadiumseat.com\/wp-content\/uploads\/2025\/07\/Customer-Service-Team-1024x1024.png 1024w, https:\/\/canbostadiumseat.com\/wp-content\/uploads\/2025\/07\/Customer-Service-Team-300x300.png 300w, https:\/\/canbostadiumseat.com\/wp-content\/uploads\/2025\/07\/Customer-Service-Team-150x150.png 150w, https:\/\/canbostadiumseat.com\/wp-content\/uploads\/2025\/07\/Customer-Service-Team-768x768.png 768w, https:\/\/canbostadiumseat.com\/wp-content\/uploads\/2025\/07\/Customer-Service-Team-1536x1536.png 1536w, https:\/\/canbostadiumseat.com\/wp-content\/uploads\/2025\/07\/Customer-Service-Team-2048x2048.png 2048w, https:\/\/canbostadiumseat.com\/wp-content\/uploads\/2025\/07\/Customer-Service-Team-12x12.png 12w, https:\/\/canbostadiumseat.com\/wp-content\/uploads\/2025\/07\/Customer-Service-Team-600x600.png 600w, https:\/\/canbostadiumseat.com\/wp-content\/uploads\/2025\/07\/Customer-Service-Team-100x100.png 100w\" sizes=\"(max-width: 800px) 100vw, 800px\" \/>\t\t\t\t\t\t\t\t\t\t\t\t\t\t\t<\/div>\n\t\t\t\t<\/div>\n\t\t\t\t<\/div>\n\t\t<div class=\"elementor-element elementor-element-756e731 e-con-full e-flex e-con e-child\" data-id=\"756e731\" data-element_type=\"container\" data-e-type=\"container\">\n\t\t\t\t<div class=\"elementor-element elementor-element-4aa8f65 elementor-widget elementor-widget-heading\" data-id=\"4aa8f65\" data-element_type=\"widget\" data-e-type=\"widget\" data-widget_type=\"heading.default\">\n\t\t\t\t<div class=\"elementor-widget-container\">\n\t\t\t\t\t<h2 class=\"elementor-heading-title elementor-size-default\">M\u00fc\u015fteri Hizmetleri Ekibi<\/h2>\t\t\t\t<\/div>\n\t\t\t\t<\/div>\n\t\t\t\t<div class=\"elementor-element elementor-element-1ad1a44 elementor-widget elementor-widget-text-editor\" data-id=\"1ad1a44\" data-element_type=\"widget\" data-e-type=\"widget\" data-widget_type=\"text-editor.default\">\n\t\t\t\t<div class=\"elementor-widget-container\">\n\t\t\t\t\t\t\t\t\t<ul><li>Profesyonel tavsiyelerde bulunabilecek uzman m\u00fchendisler<\/li><li>7\/24 \u00e7evrimi\u00e7i yard\u0131m<\/li><li>Soru ve taleplere h\u0131zl\u0131 yan\u0131t<\/li><li>M\u00fckemmel sat\u0131\u015f \u00f6ncesi ve sat\u0131\u015f sonras\u0131 hizmet<\/li><li>\u00a0<\/li><\/ul>\t\t\t\t\t\t\t\t<\/div>\n\t\t\t\t<\/div>\n\t\t\t\t<div class=\"elementor-element elementor-element-299fd8f elementor-widget elementor-widget-button\" data-id=\"299fd8f\" data-element_type=\"widget\" data-e-type=\"widget\" data-widget_type=\"button.default\">\n\t\t\t\t<div class=\"elementor-widget-container\">\n\t\t\t\t\t\t\t\t\t<div class=\"elementor-button-wrapper\">\n\t\t\t\t\t<a class=\"elementor-button elementor-button-link elementor-size-sm\" href=\"#elementor-action%3Aaction%3Dpopup%3Aopen%26settings%3DeyJpZCI6IjczMyIsInRvZ2dsZSI6ZmFsc2V9\">\n\t\t\t\t\t\t<span class=\"elementor-button-content-wrapper\">\n\t\t\t\t\t\t\t\t\t<span class=\"elementor-button-text\">Sorgunuzu \u015eimdi G\u00f6nderin<\/span>\n\t\t\t\t\t<\/span>\n\t\t\t\t\t<\/a>\n\t\t\t\t<\/div>\n\t\t\t\t\t\t\t\t<\/div>\n\t\t\t\t<\/div>\n\t\t\t\t<\/div>\n\t\t\t\t<\/div>\n\t\t<div class=\"elementor-element elementor-element-2fe15bf e-con-full e-flex e-con e-child\" data-id=\"2fe15bf\" data-element_type=\"container\" data-e-type=\"container\" data-settings=\"{&quot;background_background&quot;:&quot;classic&quot;}\">\n\t\t<div class=\"elementor-element elementor-element-6b9f4b4 e-con-full e-flex e-con e-child\" data-id=\"6b9f4b4\" data-element_type=\"container\" data-e-type=\"container\">\n\t\t\t\t<div class=\"elementor-element elementor-element-3d0bbaf elementor-widget elementor-widget-image\" data-id=\"3d0bbaf\" data-element_type=\"widget\" data-e-type=\"widget\" data-widget_type=\"image.default\">\n\t\t\t\t<div class=\"elementor-widget-container\">\n\t\t\t\t\t\t\t\t\t\t\t\t\t\t\t<img alt=\"\" loading=\"lazy\" decoding=\"async\" width=\"800\" height=\"800\" src=\"https:\/\/canbostadiumseat.com\/wp-content\/uploads\/2025\/07\/shipping-1024x1024.png\" class=\"attachment-large size-large wp-image-3710\" srcset=\"https:\/\/canbostadiumseat.com\/wp-content\/uploads\/2025\/07\/shipping-1024x1024.png 1024w, https:\/\/canbostadiumseat.com\/wp-content\/uploads\/2025\/07\/shipping-300x300.png 300w, https:\/\/canbostadiumseat.com\/wp-content\/uploads\/2025\/07\/shipping-150x150.png 150w, https:\/\/canbostadiumseat.com\/wp-content\/uploads\/2025\/07\/shipping-768x768.png 768w, https:\/\/canbostadiumseat.com\/wp-content\/uploads\/2025\/07\/shipping-1536x1536.png 1536w, https:\/\/canbostadiumseat.com\/wp-content\/uploads\/2025\/07\/shipping-2048x2048.png 2048w, https:\/\/canbostadiumseat.com\/wp-content\/uploads\/2025\/07\/shipping-12x12.png 12w, https:\/\/canbostadiumseat.com\/wp-content\/uploads\/2025\/07\/shipping-600x600.png 600w, https:\/\/canbostadiumseat.com\/wp-content\/uploads\/2025\/07\/shipping-100x100.png 100w\" sizes=\"(max-width: 800px) 100vw, 800px\" \/>\t\t\t\t\t\t\t\t\t\t\t\t\t\t\t<\/div>\n\t\t\t\t<\/div>\n\t\t\t\t<\/div>\n\t\t<div class=\"elementor-element elementor-element-79f8665 e-con-full e-flex e-con e-child\" data-id=\"79f8665\" data-element_type=\"container\" data-e-type=\"container\">\n\t\t\t\t<div class=\"elementor-element elementor-element-5365f42 elementor-widget elementor-widget-heading\" data-id=\"5365f42\" data-element_type=\"widget\" data-e-type=\"widget\" data-widget_type=\"heading.default\">\n\t\t\t\t<div class=\"elementor-widget-container\">\n\t\t\t\t\t<h2 class=\"elementor-heading-title elementor-size-default\">H\u0131zl\u0131 Teslimat<\/h2>\t\t\t\t<\/div>\n\t\t\t\t<\/div>\n\t\t\t\t<div class=\"elementor-element elementor-element-a106051 elementor-widget elementor-widget-text-editor\" data-id=\"a106051\" data-element_type=\"widget\" data-e-type=\"widget\" data-widget_type=\"text-editor.default\">\n\t\t\t\t<div class=\"elementor-widget-container\">\n\t\t\t\t\t\t\t\t\t<ul><li>\u00dcr\u00fcn\u00fc DHL\/FedEx\/UPS\/TNT arac\u0131l\u0131\u011f\u0131yla g\u00f6nderir<\/li><li>Sipari\u015finizi kara, hava veya deniz yoluyla teslim eder<\/li><li>\u00c7in'in herhangi bir liman\u0131nda FOB<\/li><li>K\u0131smi sevkiyat mevcut<\/li><\/ul>\t\t\t\t\t\t\t\t<\/div>\n\t\t\t\t<\/div>\n\t\t\t\t<div class=\"elementor-element elementor-element-7be45bc elementor-widget elementor-widget-button\" data-id=\"7be45bc\" data-element_type=\"widget\" data-e-type=\"widget\" data-widget_type=\"button.default\">\n\t\t\t\t<div class=\"elementor-widget-container\">\n\t\t\t\t\t\t\t\t\t<div class=\"elementor-button-wrapper\">\n\t\t\t\t\t<a class=\"elementor-button elementor-button-link elementor-size-sm\" href=\"#elementor-action%3Aaction%3Dpopup%3Aopen%26settings%3DeyJpZCI6IjczMyIsInRvZ2dsZSI6ZmFsc2V9\">\n\t\t\t\t\t\t<span class=\"elementor-button-content-wrapper\">\n\t\t\t\t\t\t\t\t\t<span class=\"elementor-button-text\">Sorgunuzu \u015eimdi G\u00f6nderin<\/span>\n\t\t\t\t\t<\/span>\n\t\t\t\t\t<\/a>\n\t\t\t\t<\/div>\n\t\t\t\t\t\t\t\t<\/div>\n\t\t\t\t<\/div>\n\t\t\t\t<\/div>\n\t\t\t\t<\/div>\n\t\t\t\t\t<\/div>\n\t\t\t\t<\/div>\n\t\t\t\t<\/div>","protected":false},"excerpt":{"rendered":"<p>Our Advantage Request Our Latest Price Canbo has extensive experience in producing outdoor bleacher chairs. With a factory area exceeding 20,000 square meters and over 300 employees, we boast exceptional productivity and delivery capabilities. Our highly experienced R&amp;D team ensures we develop numerous new products annually. Our primary clients are cross-border e-commerce companies, supermarkets, and&#8230;<\/p>","protected":false},"author":1,"featured_media":0,"parent":0,"menu_order":0,"comment_status":"closed","ping_status":"closed","template":"","meta":{"_seopress_robots_primary_cat":"","_seopress_titles_title":"","_seopress_titles_desc":"","_seopress_robots_index":"","footnotes":""},"class_list":["post-3107","page","type-page","status-publish","hentry"],"meta_box":[],"_links":{"self":[{"href":"https:\/\/canbostadiumseat.com\/tr\/wp-json\/wp\/v2\/pages\/3107","targetHints":{"allow":["GET"]}}],"collection":[{"href":"https:\/\/canbostadiumseat.com\/tr\/wp-json\/wp\/v2\/pages"}],"about":[{"href":"https:\/\/canbostadiumseat.com\/tr\/wp-json\/wp\/v2\/types\/page"}],"author":[{"embeddable":true,"href":"https:\/\/canbostadiumseat.com\/tr\/wp-json\/wp\/v2\/users\/1"}],"replies":[{"embeddable":true,"href":"https:\/\/canbostadiumseat.com\/tr\/wp-json\/wp\/v2\/comments?post=3107"}],"version-history":[{"count":0,"href":"https:\/\/canbostadiumseat.com\/tr\/wp-json\/wp\/v2\/pages\/3107\/revisions"}],"wp:attachment":[{"href":"https:\/\/canbostadiumseat.com\/tr\/wp-json\/wp\/v2\/media?parent=3107"}],"curies":[{"name":"wp","href":"https:\/\/api.w.org\/{rel}","templated":true}]}}