{"id":3109,"date":"2025-07-22T03:29:01","date_gmt":"2025-07-22T03:29:01","guid":{"rendered":"https:\/\/canbostadiumseat.com\/?page_id=3109"},"modified":"2025-08-28T01:41:49","modified_gmt":"2025-08-28T01:41:49","slug":"certification","status":"publish","type":"page","link":"https:\/\/canbostadiumseat.com\/tr\/certification\/","title":{"rendered":"Sertifikasyon"},"content":{"rendered":"<div data-elementor-type=\"wp-page\" data-elementor-id=\"3109\" class=\"elementor elementor-3109\" data-elementor-post-type=\"page\">\n\t\t\t\t<div class=\"elementor-element elementor-element-ba06ceb e-flex e-con-boxed e-con e-parent\" data-id=\"ba06ceb\" data-element_type=\"container\" data-e-type=\"container\" data-settings=\"{&quot;background_background&quot;:&quot;classic&quot;}\">\n\t\t\t\t\t<div class=\"e-con-inner\">\n\t\t\t\t<div class=\"elementor-element elementor-element-aa492f6 elementor-widget elementor-widget-heading\" data-id=\"aa492f6\" data-element_type=\"widget\" data-e-type=\"widget\" data-widget_type=\"heading.default\">\n\t\t\t\t<div class=\"elementor-widget-container\">\n\t\t\t\t\t<h2 class=\"elementor-heading-title elementor-size-default\">Sertifikalar\u0131m\u0131z<\/h2>\t\t\t\t<\/div>\n\t\t\t\t<\/div>\n\t\t\t\t<div class=\"elementor-element elementor-element-ce832b9 elementor-widget elementor-widget-text-editor\" data-id=\"ce832b9\" data-element_type=\"widget\" data-e-type=\"widget\" data-widget_type=\"text-editor.default\">\n\t\t\t\t<div class=\"elementor-widget-container\">\n\t\t\t\t\t\t\t\t\t<p data-pm-slice=\"1 1 []\">Canbo Stadium Seat \u00e7ok say\u0131da tedarik\u00e7iyle yak\u0131n ve uzun vadeli ortakl\u0131klar s\u00fcrd\u00fcrmektedir. Bu ortaklar\u0131n deste\u011fiyle, \u00fcr\u00fcnlerimiz \u00e7ok say\u0131da uluslararas\u0131 pazara ba\u015far\u0131yla ihra\u00e7 edilmi\u015f ve m\u00fc\u015fterilerimize istikrarl\u0131 de\u011fer ve c\u00f6mert getiriler sa\u011flam\u0131\u015ft\u0131r. M\u00fc\u015fteri g\u00fcvenini daha da art\u0131rmak ve kaliteye olan ba\u011fl\u0131l\u0131\u011f\u0131m\u0131z\u0131 g\u00f6stermek i\u00e7in, \u00e7e\u015fitli fabrika denetimlerini ve \u00fcr\u00fcn sertifikalar\u0131n\u0131 aktif olarak takip ediyoruz.<\/p>\t\t\t\t\t\t\t\t<\/div>\n\t\t\t\t<\/div>\n\t\t\t\t\t<\/div>\n\t\t\t\t<\/div>\n\t\t<div class=\"elementor-element elementor-element-971b771 e-flex e-con-boxed e-con e-parent\" data-id=\"971b771\" data-element_type=\"container\" data-e-type=\"container\">\n\t\t\t\t\t<div class=\"e-con-inner\">\n\t\t\t\t<div class=\"elementor-element elementor-element-4c9a678 elementor-widget elementor-widget-heading\" data-id=\"4c9a678\" data-element_type=\"widget\" data-e-type=\"widget\" data-widget_type=\"heading.default\">\n\t\t\t\t<div class=\"elementor-widget-container\">\n\t\t\t\t\t<h2 class=\"elementor-heading-title elementor-size-default\">Fabrika Sertifikalar\u0131<\/h2>\t\t\t\t<\/div>\n\t\t\t\t<\/div>\n\t\t<div class=\"elementor-element elementor-element-6eb7f83 e-con-full e-flex e-con e-child\" data-id=\"6eb7f83\" data-element_type=\"container\" data-e-type=\"container\">\n\t\t<div class=\"elementor-element elementor-element-b602ebe e-con-full e-flex e-con e-child\" data-id=\"b602ebe\" data-element_type=\"container\" data-e-type=\"container\">\n\t\t\t\t<div class=\"elementor-element elementor-element-be52fb2 elementor-widget elementor-widget-image\" data-id=\"be52fb2\" data-element_type=\"widget\" data-e-type=\"widget\" data-widget_type=\"image.default\">\n\t\t\t\t<div class=\"elementor-widget-container\">\n\t\t\t\t\t\t\t\t\t\t\t\t\t\t\t<img alt=\"\" fetchpriority=\"high\" decoding=\"async\" width=\"724\" height=\"1024\" src=\"https:\/\/canbostadiumseat.com\/wp-content\/uploads\/2025\/06\/2025-BSCI_00-724x1024.png\" class=\"attachment-large size-large wp-image-419\" srcset=\"https:\/\/canbostadiumseat.com\/wp-content\/uploads\/2025\/06\/2025-BSCI_00-724x1024.png 724w, https:\/\/canbostadiumseat.com\/wp-content\/uploads\/2025\/06\/2025-BSCI_00-600x849.png 600w, https:\/\/canbostadiumseat.com\/wp-content\/uploads\/2025\/06\/2025-BSCI_00-212x300.png 212w, https:\/\/canbostadiumseat.com\/wp-content\/uploads\/2025\/06\/2025-BSCI_00-768x1086.png 768w, https:\/\/canbostadiumseat.com\/wp-content\/uploads\/2025\/06\/2025-BSCI_00-1086x1536.png 1086w, https:\/\/canbostadiumseat.com\/wp-content\/uploads\/2025\/06\/2025-BSCI_00-1448x2048.png 1448w, https:\/\/canbostadiumseat.com\/wp-content\/uploads\/2025\/06\/2025-BSCI_00-8x12.png 8w, https:\/\/canbostadiumseat.com\/wp-content\/uploads\/2025\/06\/2025-BSCI_00.png 1587w\" sizes=\"(max-width: 724px) 100vw, 724px\" \/>\t\t\t\t\t\t\t\t\t\t\t\t\t\t\t<\/div>\n\t\t\t\t<\/div>\n\t\t\t\t<div class=\"elementor-element elementor-element-302acf4 elementor-widget elementor-widget-heading\" data-id=\"302acf4\" data-element_type=\"widget\" data-e-type=\"widget\" data-widget_type=\"heading.default\">\n\t\t\t\t<div class=\"elementor-widget-container\">\n\t\t\t\t\t<h2 class=\"elementor-heading-title elementor-size-default\">BSCI<\/h2>\t\t\t\t<\/div>\n\t\t\t\t<\/div>\n\t\t\t\t<\/div>\n\t\t<div class=\"elementor-element elementor-element-833b1ad e-con-full e-flex e-con e-child\" data-id=\"833b1ad\" data-element_type=\"container\" data-e-type=\"container\">\n\t\t\t\t<div class=\"elementor-element elementor-element-3fd4adb elementor-widget elementor-widget-image\" data-id=\"3fd4adb\" data-element_type=\"widget\" data-e-type=\"widget\" data-widget_type=\"image.default\">\n\t\t\t\t<div class=\"elementor-widget-container\">\n\t\t\t\t\t\t\t\t\t\t\t\t\t\t\t<img alt=\"\" decoding=\"async\" width=\"724\" height=\"1024\" src=\"https:\/\/canbostadiumseat.com\/wp-content\/uploads\/2025\/06\/2024-ISO-9001_00-724x1024.png\" class=\"attachment-large size-large wp-image-420\" srcset=\"https:\/\/canbostadiumseat.com\/wp-content\/uploads\/2025\/06\/2024-ISO-9001_00-724x1024.png 724w, https:\/\/canbostadiumseat.com\/wp-content\/uploads\/2025\/06\/2024-ISO-9001_00-600x848.png 600w, https:\/\/canbostadiumseat.com\/wp-content\/uploads\/2025\/06\/2024-ISO-9001_00-212x300.png 212w, https:\/\/canbostadiumseat.com\/wp-content\/uploads\/2025\/06\/2024-ISO-9001_00-768x1086.png 768w, https:\/\/canbostadiumseat.com\/wp-content\/uploads\/2025\/06\/2024-ISO-9001_00-1086x1536.png 1086w, https:\/\/canbostadiumseat.com\/wp-content\/uploads\/2025\/06\/2024-ISO-9001_00-1448x2048.png 1448w, https:\/\/canbostadiumseat.com\/wp-content\/uploads\/2025\/06\/2024-ISO-9001_00-8x12.png 8w, https:\/\/canbostadiumseat.com\/wp-content\/uploads\/2025\/06\/2024-ISO-9001_00.png 1587w\" sizes=\"(max-width: 724px) 100vw, 724px\" \/>\t\t\t\t\t\t\t\t\t\t\t\t\t\t\t<\/div>\n\t\t\t\t<\/div>\n\t\t\t\t<div class=\"elementor-element elementor-element-cb3d663 elementor-widget elementor-widget-heading\" data-id=\"cb3d663\" data-element_type=\"widget\" data-e-type=\"widget\" data-widget_type=\"heading.default\">\n\t\t\t\t<div class=\"elementor-widget-container\">\n\t\t\t\t\t<h2 class=\"elementor-heading-title elementor-size-default\">ISO<\/h2>\t\t\t\t<\/div>\n\t\t\t\t<\/div>\n\t\t\t\t<\/div>\n\t\t\t\t<\/div>\n\t\t\t\t\t<\/div>\n\t\t\t\t<\/div>\n\t\t<div class=\"elementor-element elementor-element-b53d78f e-flex e-con-boxed e-con e-parent\" data-id=\"b53d78f\" data-element_type=\"container\" data-e-type=\"container\">\n\t\t\t\t\t<div class=\"e-con-inner\">\n\t\t\t\t<div class=\"elementor-element elementor-element-163d001 elementor-widget elementor-widget-heading\" data-id=\"163d001\" data-element_type=\"widget\" data-e-type=\"widget\" data-widget_type=\"heading.default\">\n\t\t\t\t<div class=\"elementor-widget-container\">\n\t\t\t\t\t<h2 class=\"elementor-heading-title elementor-size-default\">Malzeme Test Raporu<\/h2>\t\t\t\t<\/div>\n\t\t\t\t<\/div>\n\t\t<div class=\"elementor-element elementor-element-da9e023 e-con-full e-flex e-con e-child\" data-id=\"da9e023\" data-element_type=\"container\" data-e-type=\"container\">\n\t\t<div class=\"elementor-element elementor-element-4f92b9b e-con-full e-flex e-con e-child\" data-id=\"4f92b9b\" data-element_type=\"container\" data-e-type=\"container\">\n\t\t\t\t<div class=\"elementor-element elementor-element-a4cff09 elementor-widget elementor-widget-image\" data-id=\"a4cff09\" data-element_type=\"widget\" data-e-type=\"widget\" data-widget_type=\"image.default\">\n\t\t\t\t<div class=\"elementor-widget-container\">\n\t\t\t\t\t\t\t\t\t\t\t\t\t\t\t<img decoding=\"async\" width=\"724\" height=\"1024\" src=\"https:\/\/canbostadiumseat.com\/wp-content\/uploads\/2025\/07\/Aluminum-tube-6005-composition-mechanical-report-724x1024.png\" class=\"attachment-large size-large wp-image-3877\" alt=\"Al\u00fcminyum t\u00fcp 6005 bile\u015fimi, mekanik rapor\" srcset=\"https:\/\/canbostadiumseat.com\/wp-content\/uploads\/2025\/07\/Aluminum-tube-6005-composition-mechanical-report-724x1024.png 724w, https:\/\/canbostadiumseat.com\/wp-content\/uploads\/2025\/07\/Aluminum-tube-6005-composition-mechanical-report-212x300.png 212w, https:\/\/canbostadiumseat.com\/wp-content\/uploads\/2025\/07\/Aluminum-tube-6005-composition-mechanical-report-768x1086.png 768w, https:\/\/canbostadiumseat.com\/wp-content\/uploads\/2025\/07\/Aluminum-tube-6005-composition-mechanical-report-1086x1536.png 1086w, https:\/\/canbostadiumseat.com\/wp-content\/uploads\/2025\/07\/Aluminum-tube-6005-composition-mechanical-report-1448x2048.png 1448w, https:\/\/canbostadiumseat.com\/wp-content\/uploads\/2025\/07\/Aluminum-tube-6005-composition-mechanical-report-8x12.png 8w, https:\/\/canbostadiumseat.com\/wp-content\/uploads\/2025\/07\/Aluminum-tube-6005-composition-mechanical-report-600x849.png 600w, https:\/\/canbostadiumseat.com\/wp-content\/uploads\/2025\/07\/Aluminum-tube-6005-composition-mechanical-report.png 1587w\" sizes=\"(max-width: 724px) 100vw, 724px\" \/>\t\t\t\t\t\t\t\t\t\t\t\t\t\t\t<\/div>\n\t\t\t\t<\/div>\n\t\t\t\t<\/div>\n\t\t<div class=\"elementor-element elementor-element-f4fc7fb e-con-full e-flex e-con e-child\" data-id=\"f4fc7fb\" data-element_type=\"container\" data-e-type=\"container\">\n\t\t\t\t<div class=\"elementor-element elementor-element-ffe25b0 elementor-widget elementor-widget-image\" data-id=\"ffe25b0\" data-element_type=\"widget\" data-e-type=\"widget\" data-widget_type=\"image.default\">\n\t\t\t\t<div class=\"elementor-widget-container\">\n\t\t\t\t\t\t\t\t\t\t\t\t\t\t\t<img loading=\"lazy\" decoding=\"async\" width=\"724\" height=\"1024\" src=\"https:\/\/canbostadiumseat.com\/wp-content\/uploads\/2025\/07\/Aluminum-tube-6061-composition-ROSH-POPS-724x1024.png\" class=\"attachment-large size-large wp-image-3878\" alt=\"Al\u00fcminyum boru 6061 bile\u015fimi, ROSH, POPS\" srcset=\"https:\/\/canbostadiumseat.com\/wp-content\/uploads\/2025\/07\/Aluminum-tube-6061-composition-ROSH-POPS-724x1024.png 724w, https:\/\/canbostadiumseat.com\/wp-content\/uploads\/2025\/07\/Aluminum-tube-6061-composition-ROSH-POPS-212x300.png 212w, https:\/\/canbostadiumseat.com\/wp-content\/uploads\/2025\/07\/Aluminum-tube-6061-composition-ROSH-POPS-768x1086.png 768w, https:\/\/canbostadiumseat.com\/wp-content\/uploads\/2025\/07\/Aluminum-tube-6061-composition-ROSH-POPS-1086x1536.png 1086w, https:\/\/canbostadiumseat.com\/wp-content\/uploads\/2025\/07\/Aluminum-tube-6061-composition-ROSH-POPS-1448x2048.png 1448w, https:\/\/canbostadiumseat.com\/wp-content\/uploads\/2025\/07\/Aluminum-tube-6061-composition-ROSH-POPS-8x12.png 8w, https:\/\/canbostadiumseat.com\/wp-content\/uploads\/2025\/07\/Aluminum-tube-6061-composition-ROSH-POPS-600x849.png 600w, https:\/\/canbostadiumseat.com\/wp-content\/uploads\/2025\/07\/Aluminum-tube-6061-composition-ROSH-POPS.png 1587w\" sizes=\"(max-width: 724px) 100vw, 724px\" \/>\t\t\t\t\t\t\t\t\t\t\t\t\t\t\t<\/div>\n\t\t\t\t<\/div>\n\t\t\t\t<\/div>\n\t\t<div class=\"elementor-element elementor-element-7325f55 e-con-full e-flex e-con e-child\" data-id=\"7325f55\" data-element_type=\"container\" data-e-type=\"container\">\n\t\t\t\t<div class=\"elementor-element elementor-element-95f0bb8 elementor-widget elementor-widget-image\" data-id=\"95f0bb8\" data-element_type=\"widget\" data-e-type=\"widget\" data-widget_type=\"image.default\">\n\t\t\t\t<div class=\"elementor-widget-container\">\n\t\t\t\t\t\t\t\t\t\t\t\t\t\t\t<img loading=\"lazy\" decoding=\"async\" width=\"724\" height=\"1024\" src=\"https:\/\/canbostadiumseat.com\/wp-content\/uploads\/2025\/07\/Aluminum-tube-6063-mechanics-composition-724x1024.png\" class=\"attachment-large size-large wp-image-3879\" alt=\"Al\u00fcminyum boru 6063 mekani\u011fi, bile\u015fim\" srcset=\"https:\/\/canbostadiumseat.com\/wp-content\/uploads\/2025\/07\/Aluminum-tube-6063-mechanics-composition-724x1024.png 724w, https:\/\/canbostadiumseat.com\/wp-content\/uploads\/2025\/07\/Aluminum-tube-6063-mechanics-composition-212x300.png 212w, https:\/\/canbostadiumseat.com\/wp-content\/uploads\/2025\/07\/Aluminum-tube-6063-mechanics-composition-768x1086.png 768w, https:\/\/canbostadiumseat.com\/wp-content\/uploads\/2025\/07\/Aluminum-tube-6063-mechanics-composition-1086x1536.png 1086w, https:\/\/canbostadiumseat.com\/wp-content\/uploads\/2025\/07\/Aluminum-tube-6063-mechanics-composition-1449x2048.png 1449w, https:\/\/canbostadiumseat.com\/wp-content\/uploads\/2025\/07\/Aluminum-tube-6063-mechanics-composition-8x12.png 8w, https:\/\/canbostadiumseat.com\/wp-content\/uploads\/2025\/07\/Aluminum-tube-6063-mechanics-composition-600x848.png 600w, https:\/\/canbostadiumseat.com\/wp-content\/uploads\/2025\/07\/Aluminum-tube-6063-mechanics-composition.png 1588w\" sizes=\"(max-width: 724px) 100vw, 724px\" \/>\t\t\t\t\t\t\t\t\t\t\t\t\t\t\t<\/div>\n\t\t\t\t<\/div>\n\t\t\t\t<\/div>\n\t\t\t\t<\/div>\n\t\t<div class=\"elementor-element elementor-element-170be8e e-con-full e-flex e-con e-child\" data-id=\"170be8e\" data-element_type=\"container\" data-e-type=\"container\">\n\t\t<div class=\"elementor-element elementor-element-1bc960f e-con-full e-flex e-con e-child\" data-id=\"1bc960f\" data-element_type=\"container\" data-e-type=\"container\">\n\t\t\t\t<div class=\"elementor-element elementor-element-4468b49 elementor-widget elementor-widget-image\" data-id=\"4468b49\" data-element_type=\"widget\" data-e-type=\"widget\" data-widget_type=\"image.default\">\n\t\t\t\t<div class=\"elementor-widget-container\">\n\t\t\t\t\t\t\t\t\t\t\t\t\t\t\t<img alt=\"\" loading=\"lazy\" decoding=\"async\" width=\"724\" height=\"1024\" src=\"https:\/\/canbostadiumseat.com\/wp-content\/uploads\/2025\/07\/Textilene-OEKO-certification-724x1024.png\" class=\"attachment-large size-large wp-image-3886\" srcset=\"https:\/\/canbostadiumseat.com\/wp-content\/uploads\/2025\/07\/Textilene-OEKO-certification-724x1024.png 724w, https:\/\/canbostadiumseat.com\/wp-content\/uploads\/2025\/07\/Textilene-OEKO-certification-212x300.png 212w, https:\/\/canbostadiumseat.com\/wp-content\/uploads\/2025\/07\/Textilene-OEKO-certification-768x1086.png 768w, https:\/\/canbostadiumseat.com\/wp-content\/uploads\/2025\/07\/Textilene-OEKO-certification-1086x1536.png 1086w, https:\/\/canbostadiumseat.com\/wp-content\/uploads\/2025\/07\/Textilene-OEKO-certification-1448x2048.png 1448w, https:\/\/canbostadiumseat.com\/wp-content\/uploads\/2025\/07\/Textilene-OEKO-certification-8x12.png 8w, https:\/\/canbostadiumseat.com\/wp-content\/uploads\/2025\/07\/Textilene-OEKO-certification-600x849.png 600w, https:\/\/canbostadiumseat.com\/wp-content\/uploads\/2025\/07\/Textilene-OEKO-certification.png 1587w\" sizes=\"(max-width: 724px) 100vw, 724px\" \/>\t\t\t\t\t\t\t\t\t\t\t\t\t\t\t<\/div>\n\t\t\t\t<\/div>\n\t\t\t\t<\/div>\n\t\t<div class=\"elementor-element elementor-element-ec47636 e-con-full e-flex e-con e-child\" data-id=\"ec47636\" data-element_type=\"container\" data-e-type=\"container\">\n\t\t\t\t<div class=\"elementor-element elementor-element-2f2b7b0 elementor-widget elementor-widget-image\" data-id=\"2f2b7b0\" data-element_type=\"widget\" data-e-type=\"widget\" data-widget_type=\"image.default\">\n\t\t\t\t<div class=\"elementor-widget-container\">\n\t\t\t\t\t\t\t\t\t\t\t\t\t\t\t<img loading=\"lazy\" decoding=\"async\" width=\"724\" height=\"1024\" src=\"https:\/\/canbostadiumseat.com\/wp-content\/uploads\/2025\/07\/Teslin-EU-REACH-Report-724x1024.png\" class=\"attachment-large size-large wp-image-3884\" alt=\"Teslin AB REACH Raporu\" srcset=\"https:\/\/canbostadiumseat.com\/wp-content\/uploads\/2025\/07\/Teslin-EU-REACH-Report-724x1024.png 724w, https:\/\/canbostadiumseat.com\/wp-content\/uploads\/2025\/07\/Teslin-EU-REACH-Report-212x300.png 212w, https:\/\/canbostadiumseat.com\/wp-content\/uploads\/2025\/07\/Teslin-EU-REACH-Report-768x1086.png 768w, https:\/\/canbostadiumseat.com\/wp-content\/uploads\/2025\/07\/Teslin-EU-REACH-Report-1086x1536.png 1086w, https:\/\/canbostadiumseat.com\/wp-content\/uploads\/2025\/07\/Teslin-EU-REACH-Report-1449x2048.png 1449w, https:\/\/canbostadiumseat.com\/wp-content\/uploads\/2025\/07\/Teslin-EU-REACH-Report-8x12.png 8w, https:\/\/canbostadiumseat.com\/wp-content\/uploads\/2025\/07\/Teslin-EU-REACH-Report-600x848.png 600w, https:\/\/canbostadiumseat.com\/wp-content\/uploads\/2025\/07\/Teslin-EU-REACH-Report.png 1588w\" sizes=\"(max-width: 724px) 100vw, 724px\" \/>\t\t\t\t\t\t\t\t\t\t\t\t\t\t\t<\/div>\n\t\t\t\t<\/div>\n\t\t\t\t<\/div>\n\t\t<div class=\"elementor-element elementor-element-163043a e-con-full e-flex e-con e-child\" data-id=\"163043a\" data-element_type=\"container\" data-e-type=\"container\">\n\t\t\t\t<div class=\"elementor-element elementor-element-881d72b elementor-widget elementor-widget-image\" data-id=\"881d72b\" data-element_type=\"widget\" data-e-type=\"widget\" data-widget_type=\"image.default\">\n\t\t\t\t<div class=\"elementor-widget-container\">\n\t\t\t\t\t\t\t\t\t\t\t\t\t\t\t<img loading=\"lazy\" decoding=\"async\" width=\"755\" height=\"1024\" src=\"https:\/\/canbostadiumseat.com\/wp-content\/uploads\/2025\/07\/Polyester-taffeta-fabric-certification-755x1024.png\" class=\"attachment-large size-large wp-image-3883\" alt=\"Polyester tafta kuma\u015f sertifikas\u0131\" srcset=\"https:\/\/canbostadiumseat.com\/wp-content\/uploads\/2025\/07\/Polyester-taffeta-fabric-certification-755x1024.png 755w, https:\/\/canbostadiumseat.com\/wp-content\/uploads\/2025\/07\/Polyester-taffeta-fabric-certification-221x300.png 221w, https:\/\/canbostadiumseat.com\/wp-content\/uploads\/2025\/07\/Polyester-taffeta-fabric-certification-768x1042.png 768w, https:\/\/canbostadiumseat.com\/wp-content\/uploads\/2025\/07\/Polyester-taffeta-fabric-certification-1132x1536.png 1132w, https:\/\/canbostadiumseat.com\/wp-content\/uploads\/2025\/07\/Polyester-taffeta-fabric-certification-1509x2048.png 1509w, https:\/\/canbostadiumseat.com\/wp-content\/uploads\/2025\/07\/Polyester-taffeta-fabric-certification-9x12.png 9w, https:\/\/canbostadiumseat.com\/wp-content\/uploads\/2025\/07\/Polyester-taffeta-fabric-certification-600x814.png 600w, https:\/\/canbostadiumseat.com\/wp-content\/uploads\/2025\/07\/Polyester-taffeta-fabric-certification.png 1588w\" sizes=\"(max-width: 755px) 100vw, 755px\" \/>\t\t\t\t\t\t\t\t\t\t\t\t\t\t\t<\/div>\n\t\t\t\t<\/div>\n\t\t\t\t<\/div>\n\t\t\t\t<\/div>\n\t\t<div class=\"elementor-element elementor-element-24be770 e-con-full e-flex e-con e-child\" data-id=\"24be770\" data-element_type=\"container\" data-e-type=\"container\">\n\t\t<div class=\"elementor-element elementor-element-f734a68 e-con-full e-flex e-con e-child\" data-id=\"f734a68\" data-element_type=\"container\" data-e-type=\"container\">\n\t\t\t\t<div class=\"elementor-element elementor-element-ad92aef elementor-widget elementor-widget-image\" data-id=\"ad92aef\" data-element_type=\"widget\" data-e-type=\"widget\" data-widget_type=\"image.default\">\n\t\t\t\t<div class=\"elementor-widget-container\">\n\t\t\t\t\t\t\t\t\t\t\t\t\t\t\t<img loading=\"lazy\" decoding=\"async\" width=\"724\" height=\"1024\" src=\"https:\/\/canbostadiumseat.com\/wp-content\/uploads\/2025\/07\/Black-powder-REACH-report-724x1024.png\" class=\"attachment-large size-large wp-image-3880\" alt=\"Kara barut REACH raporu\" srcset=\"https:\/\/canbostadiumseat.com\/wp-content\/uploads\/2025\/07\/Black-powder-REACH-report-724x1024.png 724w, https:\/\/canbostadiumseat.com\/wp-content\/uploads\/2025\/07\/Black-powder-REACH-report-212x300.png 212w, https:\/\/canbostadiumseat.com\/wp-content\/uploads\/2025\/07\/Black-powder-REACH-report-768x1086.png 768w, https:\/\/canbostadiumseat.com\/wp-content\/uploads\/2025\/07\/Black-powder-REACH-report-1086x1536.png 1086w, https:\/\/canbostadiumseat.com\/wp-content\/uploads\/2025\/07\/Black-powder-REACH-report-1449x2048.png 1449w, https:\/\/canbostadiumseat.com\/wp-content\/uploads\/2025\/07\/Black-powder-REACH-report-8x12.png 8w, https:\/\/canbostadiumseat.com\/wp-content\/uploads\/2025\/07\/Black-powder-REACH-report-600x848.png 600w, https:\/\/canbostadiumseat.com\/wp-content\/uploads\/2025\/07\/Black-powder-REACH-report.png 1588w\" sizes=\"(max-width: 724px) 100vw, 724px\" \/>\t\t\t\t\t\t\t\t\t\t\t\t\t\t\t<\/div>\n\t\t\t\t<\/div>\n\t\t\t\t<\/div>\n\t\t<div class=\"elementor-element elementor-element-91a7739 e-con-full e-flex e-con e-child\" data-id=\"91a7739\" data-element_type=\"container\" data-e-type=\"container\">\n\t\t\t\t<div class=\"elementor-element elementor-element-3170781 elementor-widget elementor-widget-image\" data-id=\"3170781\" data-element_type=\"widget\" data-e-type=\"widget\" data-widget_type=\"image.default\">\n\t\t\t\t<div class=\"elementor-widget-container\">\n\t\t\t\t\t\t\t\t\t\t\t\t\t\t\t<img loading=\"lazy\" decoding=\"async\" width=\"724\" height=\"1024\" src=\"https:\/\/canbostadiumseat.com\/wp-content\/uploads\/2025\/07\/Plywood-Commodity-Inspection-Report-724x1024.png\" class=\"attachment-large size-large wp-image-3882\" alt=\"Kontrplak Emtia Denetim Raporu\" srcset=\"https:\/\/canbostadiumseat.com\/wp-content\/uploads\/2025\/07\/Plywood-Commodity-Inspection-Report-724x1024.png 724w, https:\/\/canbostadiumseat.com\/wp-content\/uploads\/2025\/07\/Plywood-Commodity-Inspection-Report-212x300.png 212w, https:\/\/canbostadiumseat.com\/wp-content\/uploads\/2025\/07\/Plywood-Commodity-Inspection-Report-768x1086.png 768w, https:\/\/canbostadiumseat.com\/wp-content\/uploads\/2025\/07\/Plywood-Commodity-Inspection-Report-1086x1536.png 1086w, https:\/\/canbostadiumseat.com\/wp-content\/uploads\/2025\/07\/Plywood-Commodity-Inspection-Report-1448x2048.png 1448w, https:\/\/canbostadiumseat.com\/wp-content\/uploads\/2025\/07\/Plywood-Commodity-Inspection-Report-8x12.png 8w, https:\/\/canbostadiumseat.com\/wp-content\/uploads\/2025\/07\/Plywood-Commodity-Inspection-Report-600x849.png 600w, https:\/\/canbostadiumseat.com\/wp-content\/uploads\/2025\/07\/Plywood-Commodity-Inspection-Report.png 1587w\" sizes=\"(max-width: 724px) 100vw, 724px\" \/>\t\t\t\t\t\t\t\t\t\t\t\t\t\t\t<\/div>\n\t\t\t\t<\/div>\n\t\t\t\t<\/div>\n\t\t<div class=\"elementor-element elementor-element-53fdc3e e-con-full e-flex e-con e-child\" data-id=\"53fdc3e\" data-element_type=\"container\" data-e-type=\"container\">\n\t\t\t\t<div class=\"elementor-element elementor-element-c44da39 elementor-widget elementor-widget-image\" data-id=\"c44da39\" data-element_type=\"widget\" data-e-type=\"widget\" data-widget_type=\"image.default\">\n\t\t\t\t<div class=\"elementor-widget-container\">\n\t\t\t\t\t\t\t\t\t\t\t\t\t\t\t<img loading=\"lazy\" decoding=\"async\" width=\"800\" height=\"566\" src=\"https:\/\/canbostadiumseat.com\/wp-content\/uploads\/2025\/07\/MTC-Steel-Certification-1024x724.png\" class=\"attachment-large size-large wp-image-3881\" alt=\"MTC \u00c7elik Sertifikasyonu\" srcset=\"https:\/\/canbostadiumseat.com\/wp-content\/uploads\/2025\/07\/MTC-Steel-Certification-1024x724.png 1024w, https:\/\/canbostadiumseat.com\/wp-content\/uploads\/2025\/07\/MTC-Steel-Certification-300x212.png 300w, https:\/\/canbostadiumseat.com\/wp-content\/uploads\/2025\/07\/MTC-Steel-Certification-768x543.png 768w, https:\/\/canbostadiumseat.com\/wp-content\/uploads\/2025\/07\/MTC-Steel-Certification-1536x1086.png 1536w, https:\/\/canbostadiumseat.com\/wp-content\/uploads\/2025\/07\/MTC-Steel-Certification-2048x1448.png 2048w, https:\/\/canbostadiumseat.com\/wp-content\/uploads\/2025\/07\/MTC-Steel-Certification-18x12.png 18w, https:\/\/canbostadiumseat.com\/wp-content\/uploads\/2025\/07\/MTC-Steel-Certification-600x424.png 600w\" sizes=\"(max-width: 800px) 100vw, 800px\" \/>\t\t\t\t\t\t\t\t\t\t\t\t\t\t\t<\/div>\n\t\t\t\t<\/div>\n\t\t\t\t<\/div>\n\t\t\t\t<\/div>\n\t\t\t\t\t<\/div>\n\t\t\t\t<\/div>\n\t\t\t\t<\/div>","protected":false},"excerpt":{"rendered":"<p>Our Certifications Canbo Stadium Seat maintains close, long-term partnerships with numerous suppliers. With the support of these partners, our products have been successfully exported to numerous international markets, delivering stable value and generous returns to our customers. To further enhance customer confidence and demonstrate our commitment to quality, we actively pursue various factory audits and&#8230;<\/p>","protected":false},"author":1,"featured_media":0,"parent":0,"menu_order":0,"comment_status":"closed","ping_status":"closed","template":"","meta":{"_seopress_robots_primary_cat":"","_seopress_titles_title":"","_seopress_titles_desc":"","_seopress_robots_index":"","footnotes":""},"class_list":["post-3109","page","type-page","status-publish","hentry"],"meta_box":[],"_links":{"self":[{"href":"https:\/\/canbostadiumseat.com\/tr\/wp-json\/wp\/v2\/pages\/3109","targetHints":{"allow":["GET"]}}],"collection":[{"href":"https:\/\/canbostadiumseat.com\/tr\/wp-json\/wp\/v2\/pages"}],"about":[{"href":"https:\/\/canbostadiumseat.com\/tr\/wp-json\/wp\/v2\/types\/page"}],"author":[{"embeddable":true,"href":"https:\/\/canbostadiumseat.com\/tr\/wp-json\/wp\/v2\/users\/1"}],"replies":[{"embeddable":true,"href":"https:\/\/canbostadiumseat.com\/tr\/wp-json\/wp\/v2\/comments?post=3109"}],"version-history":[{"count":0,"href":"https:\/\/canbostadiumseat.com\/tr\/wp-json\/wp\/v2\/pages\/3109\/revisions"}],"wp:attachment":[{"href":"https:\/\/canbostadiumseat.com\/tr\/wp-json\/wp\/v2\/media?parent=3109"}],"curies":[{"name":"wp","href":"https:\/\/api.w.org\/{rel}","templated":true}]}}