{"id":3107,"date":"2025-07-22T03:28:46","date_gmt":"2025-07-22T03:28:46","guid":{"rendered":"https:\/\/canbostadiumseat.com\/?page_id=3107"},"modified":"2025-08-14T01:15:42","modified_gmt":"2025-08-14T01:15:42","slug":"advantage","status":"publish","type":"page","link":"https:\/\/canbostadiumseat.com\/vi\/advantage\/","title":{"rendered":"L\u1ee3i th\u1ebf"},"content":{"rendered":"<div data-elementor-type=\"wp-page\" data-elementor-id=\"3107\" class=\"elementor elementor-3107\" data-elementor-post-type=\"page\">\n\t\t\t\t<div class=\"elementor-element elementor-element-f1232fb e-flex e-con-boxed e-con e-parent\" data-id=\"f1232fb\" data-element_type=\"container\" data-e-type=\"container\" data-settings=\"{&quot;background_background&quot;:&quot;classic&quot;}\">\n\t\t\t\t\t<div class=\"e-con-inner\">\n\t\t\t\t<div class=\"elementor-element elementor-element-8925a9d elementor-widget elementor-widget-heading\" data-id=\"8925a9d\" data-element_type=\"widget\" data-e-type=\"widget\" data-widget_type=\"heading.default\">\n\t\t\t\t<div class=\"elementor-widget-container\">\n\t\t\t\t\t<h2 class=\"elementor-heading-title elementor-size-default\">L\u1ee3i th\u1ebf c\u1ee7a ch\u00fang t\u00f4i<\/h2>\t\t\t\t<\/div>\n\t\t\t\t<\/div>\n\t\t\t\t<div class=\"elementor-element elementor-element-9af3c4b elementor-widget elementor-widget-button\" data-id=\"9af3c4b\" data-element_type=\"widget\" data-e-type=\"widget\" data-widget_type=\"button.default\">\n\t\t\t\t<div class=\"elementor-widget-container\">\n\t\t\t\t\t\t\t\t\t<div class=\"elementor-button-wrapper\">\n\t\t\t\t\t<a class=\"elementor-button elementor-button-link elementor-size-sm\" href=\"#elementor-action%3Aaction%3Dpopup%3Aopen%26settings%3DeyJpZCI6IjczMyIsInRvZ2dsZSI6ZmFsc2V9\">\n\t\t\t\t\t\t<span class=\"elementor-button-content-wrapper\">\n\t\t\t\t\t\t\t\t\t<span class=\"elementor-button-text\">Y\u00eau c\u1ea7u b\u00e1o gi\u00e1 m\u1edbi nh\u1ea5t c\u1ee7a ch\u00fang t\u00f4i<\/span>\n\t\t\t\t\t<\/span>\n\t\t\t\t\t<\/a>\n\t\t\t\t<\/div>\n\t\t\t\t\t\t\t\t<\/div>\n\t\t\t\t<\/div>\n\t\t\t\t\t<\/div>\n\t\t\t\t<\/div>\n\t\t<div class=\"elementor-element elementor-element-4914f35 e-flex e-con-boxed e-con e-parent\" data-id=\"4914f35\" data-element_type=\"container\" data-e-type=\"container\">\n\t\t\t\t\t<div class=\"e-con-inner\">\n\t\t\t\t<div class=\"elementor-element elementor-element-4df3e05 elementor-widget elementor-widget-text-editor\" data-id=\"4df3e05\" data-element_type=\"widget\" data-e-type=\"widget\" data-widget_type=\"text-editor.default\">\n\t\t\t\t<div class=\"elementor-widget-container\">\n\t\t\t\t\t\t\t\t\t<p>Canbo c\u00f3 nhi\u1ec1u n\u0103m kinh nghi\u1ec7m trong s\u1ea3n xu\u1ea5t gh\u1ebf kh\u00e1n \u0111\u00e0i ngo\u00e0i tr\u1eddi. V\u1edbi di\u1ec7n t\u00edch nh\u00e0 m\u00e1y v\u01b0\u1ee3t qu\u00e1 20.000 m\u00e9t vu\u00f4ng v\u00e0 h\u01a1n 300 nh\u00e2n vi\u00ean, ch\u00fang t\u00f4i t\u1ef1 h\u00e0o c\u00f3 n\u0103ng su\u1ea5t v\u00e0 kh\u1ea3 n\u0103ng giao h\u00e0ng v\u01b0\u1ee3t tr\u1ed9i. \u0110\u1ed9i ng\u0169 R&amp;D gi\u00e0u kinh nghi\u1ec7m c\u1ee7a ch\u00fang t\u00f4i \u0111\u1ea3m b\u1ea3o ph\u00e1t tri\u1ec3n nhi\u1ec1u s\u1ea3n ph\u1ea9m m\u1edbi h\u00e0ng n\u0103m. Kh\u00e1ch h\u00e0ng ch\u00ednh c\u1ee7a ch\u00fang t\u00f4i l\u00e0 c\u00e1c c\u00f4ng ty th\u01b0\u01a1ng m\u1ea1i \u0111i\u1ec7n t\u1eed xuy\u00ean bi\u00ean gi\u1edbi, si\u00eau th\u1ecb v\u00e0 c\u00e1c doanh nghi\u1ec7p l\u1edbn, gi\u00fap ch\u00fang t\u00f4i c\u00f3 kinh nghi\u1ec7m s\u00e2u r\u1ed9ng trong l\u0129nh v\u1ef1c n\u00e0y. Ch\u00fang t\u00f4i h\u1ed7 tr\u1ee3 d\u1ecbch v\u1ee5 OEM v\u00e0 ODM, c\u00f3 th\u1ec3 gi\u00fap b\u1ea1n x\u00e2y d\u1ef1ng th\u01b0\u01a1ng hi\u1ec7u v\u00e0 l\u00e0m cho s\u1ea3n ph\u1ea9m v\u00e0 gi\u00e1 c\u1ea3 c\u1ee7a b\u1ea1n c\u1ea1nh tranh h\u01a1n tr\u00ean th\u1ecb tr\u01b0\u1eddng.<\/p>\t\t\t\t\t\t\t\t<\/div>\n\t\t\t\t<\/div>\n\t\t\t\t\t<\/div>\n\t\t\t\t<\/div>\n\t\t<div class=\"elementor-element elementor-element-27d0f18 e-flex e-con-boxed e-con e-parent\" data-id=\"27d0f18\" data-element_type=\"container\" data-e-type=\"container\" data-settings=\"{&quot;background_background&quot;:&quot;classic&quot;}\">\n\t\t\t\t\t<div class=\"e-con-inner\">\n\t\t<div class=\"elementor-element elementor-element-674f669 e-con-full e-flex e-con e-child\" data-id=\"674f669\" data-element_type=\"container\" data-e-type=\"container\" data-settings=\"{&quot;background_background&quot;:&quot;classic&quot;}\">\n\t\t<div class=\"elementor-element elementor-element-256881e e-con-full e-flex e-con e-child\" data-id=\"256881e\" data-element_type=\"container\" data-e-type=\"container\">\n\t\t\t\t<div class=\"elementor-element elementor-element-48ec86e elementor-widget elementor-widget-image\" data-id=\"48ec86e\" data-element_type=\"widget\" data-e-type=\"widget\" data-widget_type=\"image.default\">\n\t\t\t\t<div class=\"elementor-widget-container\">\n\t\t\t\t\t\t\t\t\t\t\t\t\t\t\t<img alt=\"\" fetchpriority=\"high\" decoding=\"async\" width=\"800\" height=\"800\" src=\"https:\/\/canbostadiumseat.com\/wp-content\/uploads\/2025\/07\/DSC_45151-1024x1024.jpg\" class=\"attachment-large size-large wp-image-3257\" srcset=\"https:\/\/canbostadiumseat.com\/wp-content\/uploads\/2025\/07\/DSC_45151-1024x1024.jpg 1024w, https:\/\/canbostadiumseat.com\/wp-content\/uploads\/2025\/07\/DSC_45151-300x300.jpg 300w, https:\/\/canbostadiumseat.com\/wp-content\/uploads\/2025\/07\/DSC_45151-150x150.jpg 150w, https:\/\/canbostadiumseat.com\/wp-content\/uploads\/2025\/07\/DSC_45151-768x768.jpg 768w, https:\/\/canbostadiumseat.com\/wp-content\/uploads\/2025\/07\/DSC_45151-12x12.jpg 12w, https:\/\/canbostadiumseat.com\/wp-content\/uploads\/2025\/07\/DSC_45151-600x600.jpg 600w, https:\/\/canbostadiumseat.com\/wp-content\/uploads\/2025\/07\/DSC_45151-100x100.jpg 100w, https:\/\/canbostadiumseat.com\/wp-content\/uploads\/2025\/07\/DSC_45151.jpg 1080w\" sizes=\"(max-width: 800px) 100vw, 800px\" \/>\t\t\t\t\t\t\t\t\t\t\t\t\t\t\t<\/div>\n\t\t\t\t<\/div>\n\t\t\t\t<\/div>\n\t\t<div class=\"elementor-element elementor-element-e71c263 e-con-full e-flex e-con e-child\" data-id=\"e71c263\" data-element_type=\"container\" data-e-type=\"container\">\n\t\t\t\t<div class=\"elementor-element elementor-element-cd14943 elementor-widget elementor-widget-heading\" data-id=\"cd14943\" data-element_type=\"widget\" data-e-type=\"widget\" data-widget_type=\"heading.default\">\n\t\t\t\t<div class=\"elementor-widget-container\">\n\t\t\t\t\t<h2 class=\"elementor-heading-title elementor-size-default\">Kh\u1ea3 n\u0103ng s\u1ea3n xu\u1ea5t<\/h2>\t\t\t\t<\/div>\n\t\t\t\t<\/div>\n\t\t\t\t<div class=\"elementor-element elementor-element-d5b370e elementor-widget elementor-widget-text-editor\" data-id=\"d5b370e\" data-element_type=\"widget\" data-e-type=\"widget\" data-widget_type=\"text-editor.default\">\n\t\t\t\t<div class=\"elementor-widget-container\">\n\t\t\t\t\t\t\t\t\t<ul><li>H\u01a1n 300 c\u00f4ng nh\u00e2n \u0111\u01b0\u1ee3c \u0111\u00e0o t\u1ea1o chuy\u00ean nghi\u1ec7p v\u00e0 c\u00f3 tay ngh\u1ec1 cao.<\/li><li>H\u00e0ng tri\u1ec7u s\u1ea3n ph\u1ea9m \u0111\u01b0\u1ee3c s\u1ea3n xu\u1ea5t m\u1ed7i n\u0103m.<\/li><li>H\u01a1n 10 d\u00e2y chuy\u1ec1n l\u1eafp r\u00e1p<\/li><li>T\u1ea5t c\u1ea3 c\u00e1c quy tr\u00ecnh \u0111\u1ec1u \u0111\u01b0\u1ee3c th\u1ef1c hi\u1ec7n n\u1ed9i b\u1ed9.<\/li><\/ul>\t\t\t\t\t\t\t\t<\/div>\n\t\t\t\t<\/div>\n\t\t\t\t<div class=\"elementor-element elementor-element-2ffe6ee elementor-widget elementor-widget-button\" data-id=\"2ffe6ee\" data-element_type=\"widget\" data-e-type=\"widget\" data-widget_type=\"button.default\">\n\t\t\t\t<div class=\"elementor-widget-container\">\n\t\t\t\t\t\t\t\t\t<div class=\"elementor-button-wrapper\">\n\t\t\t\t\t<a class=\"elementor-button elementor-button-link elementor-size-sm\" href=\"#elementor-action%3Aaction%3Dpopup%3Aopen%26settings%3DeyJpZCI6IjczMyIsInRvZ2dsZSI6ZmFsc2V9\">\n\t\t\t\t\t\t<span class=\"elementor-button-content-wrapper\">\n\t\t\t\t\t\t\t\t\t<span class=\"elementor-button-text\">G\u1eedi y\u00eau c\u1ea7u c\u1ee7a b\u1ea1n ngay b\u00e2y gi\u1edd<\/span>\n\t\t\t\t\t<\/span>\n\t\t\t\t\t<\/a>\n\t\t\t\t<\/div>\n\t\t\t\t\t\t\t\t<\/div>\n\t\t\t\t<\/div>\n\t\t\t\t<\/div>\n\t\t\t\t<\/div>\n\t\t<div class=\"elementor-element elementor-element-28e33d3 e-con-full e-flex e-con e-child\" data-id=\"28e33d3\" data-element_type=\"container\" data-e-type=\"container\" data-settings=\"{&quot;background_background&quot;:&quot;classic&quot;}\">\n\t\t<div class=\"elementor-element elementor-element-10c0b39 e-con-full e-flex e-con e-child\" data-id=\"10c0b39\" data-element_type=\"container\" data-e-type=\"container\">\n\t\t\t\t<div class=\"elementor-element elementor-element-6e799ea elementor-widget elementor-widget-image\" data-id=\"6e799ea\" data-element_type=\"widget\" data-e-type=\"widget\" data-widget_type=\"image.default\">\n\t\t\t\t<div class=\"elementor-widget-container\">\n\t\t\t\t\t\t\t\t\t\t\t\t\t\t\t<img decoding=\"async\" width=\"408\" height=\"408\" src=\"https:\/\/canbostadiumseat.com\/wp-content\/uploads\/2025\/07\/Certification1.jpg\" class=\"attachment-large size-large wp-image-3709\" alt=\"Ch\u1ee9ng nh\u1eadn\" srcset=\"https:\/\/canbostadiumseat.com\/wp-content\/uploads\/2025\/07\/Certification1.jpg 408w, https:\/\/canbostadiumseat.com\/wp-content\/uploads\/2025\/07\/Certification1-300x300.jpg 300w, https:\/\/canbostadiumseat.com\/wp-content\/uploads\/2025\/07\/Certification1-150x150.jpg 150w, https:\/\/canbostadiumseat.com\/wp-content\/uploads\/2025\/07\/Certification1-12x12.jpg 12w, https:\/\/canbostadiumseat.com\/wp-content\/uploads\/2025\/07\/Certification1-100x100.jpg 100w\" sizes=\"(max-width: 408px) 100vw, 408px\" \/>\t\t\t\t\t\t\t\t\t\t\t\t\t\t\t<\/div>\n\t\t\t\t<\/div>\n\t\t\t\t<\/div>\n\t\t<div class=\"elementor-element elementor-element-275cdcb e-con-full e-flex e-con e-child\" data-id=\"275cdcb\" data-element_type=\"container\" data-e-type=\"container\">\n\t\t\t\t<div class=\"elementor-element elementor-element-2a4cdec elementor-widget elementor-widget-heading\" data-id=\"2a4cdec\" data-element_type=\"widget\" data-e-type=\"widget\" data-widget_type=\"heading.default\">\n\t\t\t\t<div class=\"elementor-widget-container\">\n\t\t\t\t\t<h2 class=\"elementor-heading-title elementor-size-default\">Ch\u1ee9ng nh\u1eadn nh\u00e0 m\u00e1y<\/h2>\t\t\t\t<\/div>\n\t\t\t\t<\/div>\n\t\t\t\t<div class=\"elementor-element elementor-element-2b20144 elementor-widget elementor-widget-text-editor\" data-id=\"2b20144\" data-element_type=\"widget\" data-e-type=\"widget\" data-widget_type=\"text-editor.default\">\n\t\t\t\t<div class=\"elementor-widget-container\">\n\t\t\t\t\t\t\t\t\t<ul><li>Nh\u00e0 m\u00e1y c\u1ee7a ch\u00fang t\u00f4i \u0111\u00e3 \u0111\u01b0\u1ee3c ch\u1ee9ng nh\u1eadn BSCI v\u00e0 ISO 9001.<\/li><li>S\u1ea3n ph\u1ea9m c\u00f3 ch\u1ee9ng nh\u1eadn CE.<\/li><li>S\u1ea3n ph\u1ea9m c\u1ee7a ch\u00fang t\u00f4i \u0111\u00e3 \u0111\u01b0\u1ee3c c\u1ea5p b\u1eb1ng s\u00e1ng ch\u1ebf t\u1ea1i Hoa K\u1ef3, Li\u00ean minh Ch\u00e2u \u00c2u (EU) v\u00e0 c\u00e1c khu v\u1ef1c kh\u00e1c.<\/li><li>V\u1ea3i \u0111\u00e3 v\u01b0\u1ee3t qua c\u00e1c b\u00e0i ki\u1ec3m tra m\u00f4i tr\u01b0\u1eddng.<\/li><\/ul>\t\t\t\t\t\t\t\t<\/div>\n\t\t\t\t<\/div>\n\t\t\t\t<div class=\"elementor-element elementor-element-e1fcadc elementor-widget elementor-widget-button\" data-id=\"e1fcadc\" data-element_type=\"widget\" data-e-type=\"widget\" data-widget_type=\"button.default\">\n\t\t\t\t<div class=\"elementor-widget-container\">\n\t\t\t\t\t\t\t\t\t<div class=\"elementor-button-wrapper\">\n\t\t\t\t\t<a class=\"elementor-button elementor-button-link elementor-size-sm\" href=\"#elementor-action%3Aaction%3Dpopup%3Aopen%26settings%3DeyJpZCI6IjczMyIsInRvZ2dsZSI6ZmFsc2V9\">\n\t\t\t\t\t\t<span class=\"elementor-button-content-wrapper\">\n\t\t\t\t\t\t\t\t\t<span class=\"elementor-button-text\">G\u1eedi y\u00eau c\u1ea7u c\u1ee7a b\u1ea1n ngay b\u00e2y gi\u1edd<\/span>\n\t\t\t\t\t<\/span>\n\t\t\t\t\t<\/a>\n\t\t\t\t<\/div>\n\t\t\t\t\t\t\t\t<\/div>\n\t\t\t\t<\/div>\n\t\t\t\t<\/div>\n\t\t\t\t<\/div>\n\t\t<div class=\"elementor-element elementor-element-e9b1d8e e-con-full e-flex e-con e-child\" data-id=\"e9b1d8e\" data-element_type=\"container\" data-e-type=\"container\" data-settings=\"{&quot;background_background&quot;:&quot;classic&quot;}\">\n\t\t<div class=\"elementor-element elementor-element-397406c e-con-full e-flex e-con e-child\" data-id=\"397406c\" data-element_type=\"container\" data-e-type=\"container\">\n\t\t\t\t<div class=\"elementor-element elementor-element-2ce2dbf elementor-widget elementor-widget-image\" data-id=\"2ce2dbf\" data-element_type=\"widget\" data-e-type=\"widget\" data-widget_type=\"image.default\">\n\t\t\t\t<div class=\"elementor-widget-container\">\n\t\t\t\t\t\t\t\t\t\t\t\t\t\t\t<img decoding=\"async\" width=\"800\" height=\"800\" src=\"https:\/\/canbostadiumseat.com\/wp-content\/uploads\/2025\/07\/RD-capabilities-1024x1024.jpg\" class=\"attachment-large size-large wp-image-3711\" alt=\"N\u0103ng l\u1ef1c nghi\u00ean c\u1ee9u v\u00e0 ph\u00e1t tri\u1ec3n\" srcset=\"https:\/\/canbostadiumseat.com\/wp-content\/uploads\/2025\/07\/RD-capabilities-1024x1024.jpg 1024w, https:\/\/canbostadiumseat.com\/wp-content\/uploads\/2025\/07\/RD-capabilities-300x300.jpg 300w, https:\/\/canbostadiumseat.com\/wp-content\/uploads\/2025\/07\/RD-capabilities-150x150.jpg 150w, https:\/\/canbostadiumseat.com\/wp-content\/uploads\/2025\/07\/RD-capabilities-768x768.jpg 768w, https:\/\/canbostadiumseat.com\/wp-content\/uploads\/2025\/07\/RD-capabilities-12x12.jpg 12w, https:\/\/canbostadiumseat.com\/wp-content\/uploads\/2025\/07\/RD-capabilities-600x600.jpg 600w, https:\/\/canbostadiumseat.com\/wp-content\/uploads\/2025\/07\/RD-capabilities-100x100.jpg 100w, https:\/\/canbostadiumseat.com\/wp-content\/uploads\/2025\/07\/RD-capabilities.jpg 1400w\" sizes=\"(max-width: 800px) 100vw, 800px\" \/>\t\t\t\t\t\t\t\t\t\t\t\t\t\t\t<\/div>\n\t\t\t\t<\/div>\n\t\t\t\t<\/div>\n\t\t<div class=\"elementor-element elementor-element-5c762a9 e-con-full e-flex e-con e-child\" data-id=\"5c762a9\" data-element_type=\"container\" data-e-type=\"container\">\n\t\t\t\t<div class=\"elementor-element elementor-element-f680910 elementor-widget elementor-widget-heading\" data-id=\"f680910\" data-element_type=\"widget\" data-e-type=\"widget\" data-widget_type=\"heading.default\">\n\t\t\t\t<div class=\"elementor-widget-container\">\n\t\t\t\t\t<h2 class=\"elementor-heading-title elementor-size-default\">N\u0103ng l\u1ef1c nghi\u00ean c\u1ee9u v\u00e0 ph\u00e1t tri\u1ec3n (R&amp;D)<\/h2>\t\t\t\t<\/div>\n\t\t\t\t<\/div>\n\t\t\t\t<div class=\"elementor-element elementor-element-5c1eefe elementor-widget elementor-widget-text-editor\" data-id=\"5c1eefe\" data-element_type=\"widget\" data-e-type=\"widget\" data-widget_type=\"text-editor.default\">\n\t\t\t\t<div class=\"elementor-widget-container\">\n\t\t\t\t\t\t\t\t\t<ul><li>Ch\u00fang t\u00f4i c\u00f3 \u0111\u1ed9i ng\u0169 thi\u1ebft k\u1ebf s\u1ea3n ph\u1ea9m qu\u1ed1c t\u1ebf gi\u00e0u kinh nghi\u1ec7m.<\/li><li>Ph\u00e1t tri\u1ec3n h\u01a1n 100 s\u1ea3n ph\u1ea9m m\u1edbi m\u1ed7i n\u0103m.<\/li><li>\u0110\u1ed9i ng\u0169 thi\u1ebft k\u1ebf m\u1eabu chuy\u00ean nghi\u1ec7p cho vi\u1ec7c tri\u1ec3n khai thi\u1ebft k\u1ebf nhanh ch\u00f3ng<\/li><li>T\u1eadp trung v\u00e0o nghi\u00ean c\u1ee9u th\u1ecb tr\u01b0\u1eddng v\u00e0 ph\u1ea3n h\u1ed3i c\u1ee7a ng\u01b0\u1eddi d\u00f9ng.<\/li><\/ul>\t\t\t\t\t\t\t\t<\/div>\n\t\t\t\t<\/div>\n\t\t\t\t<div class=\"elementor-element elementor-element-32f4813 elementor-widget elementor-widget-button\" data-id=\"32f4813\" data-element_type=\"widget\" data-e-type=\"widget\" data-widget_type=\"button.default\">\n\t\t\t\t<div class=\"elementor-widget-container\">\n\t\t\t\t\t\t\t\t\t<div class=\"elementor-button-wrapper\">\n\t\t\t\t\t<a class=\"elementor-button elementor-button-link elementor-size-sm\" href=\"#elementor-action%3Aaction%3Dpopup%3Aopen%26settings%3DeyJpZCI6IjczMyIsInRvZ2dsZSI6ZmFsc2V9\">\n\t\t\t\t\t\t<span class=\"elementor-button-content-wrapper\">\n\t\t\t\t\t\t\t\t\t<span class=\"elementor-button-text\">G\u1eedi y\u00eau c\u1ea7u c\u1ee7a b\u1ea1n ngay b\u00e2y gi\u1edd<\/span>\n\t\t\t\t\t<\/span>\n\t\t\t\t\t<\/a>\n\t\t\t\t<\/div>\n\t\t\t\t\t\t\t\t<\/div>\n\t\t\t\t<\/div>\n\t\t\t\t<\/div>\n\t\t\t\t<\/div>\n\t\t<div class=\"elementor-element elementor-element-ac1431f e-con-full e-flex e-con e-child\" data-id=\"ac1431f\" data-element_type=\"container\" data-e-type=\"container\" data-settings=\"{&quot;background_background&quot;:&quot;classic&quot;}\">\n\t\t<div class=\"elementor-element elementor-element-eb1135e e-con-full e-flex e-con e-child\" data-id=\"eb1135e\" data-element_type=\"container\" data-e-type=\"container\">\n\t\t\t\t<div class=\"elementor-element elementor-element-17bed4a elementor-widget elementor-widget-image\" data-id=\"17bed4a\" data-element_type=\"widget\" data-e-type=\"widget\" data-widget_type=\"image.default\">\n\t\t\t\t<div class=\"elementor-widget-container\">\n\t\t\t\t\t\t\t\t\t\t\t\t\t\t\t<img alt=\"\" loading=\"lazy\" decoding=\"async\" width=\"800\" height=\"800\" src=\"https:\/\/canbostadiumseat.com\/wp-content\/uploads\/2025\/07\/Customer-Service-Team-1024x1024.png\" class=\"attachment-large size-large wp-image-3716\" srcset=\"https:\/\/canbostadiumseat.com\/wp-content\/uploads\/2025\/07\/Customer-Service-Team-1024x1024.png 1024w, https:\/\/canbostadiumseat.com\/wp-content\/uploads\/2025\/07\/Customer-Service-Team-300x300.png 300w, https:\/\/canbostadiumseat.com\/wp-content\/uploads\/2025\/07\/Customer-Service-Team-150x150.png 150w, https:\/\/canbostadiumseat.com\/wp-content\/uploads\/2025\/07\/Customer-Service-Team-768x768.png 768w, https:\/\/canbostadiumseat.com\/wp-content\/uploads\/2025\/07\/Customer-Service-Team-1536x1536.png 1536w, https:\/\/canbostadiumseat.com\/wp-content\/uploads\/2025\/07\/Customer-Service-Team-2048x2048.png 2048w, https:\/\/canbostadiumseat.com\/wp-content\/uploads\/2025\/07\/Customer-Service-Team-12x12.png 12w, https:\/\/canbostadiumseat.com\/wp-content\/uploads\/2025\/07\/Customer-Service-Team-600x600.png 600w, https:\/\/canbostadiumseat.com\/wp-content\/uploads\/2025\/07\/Customer-Service-Team-100x100.png 100w\" sizes=\"(max-width: 800px) 100vw, 800px\" \/>\t\t\t\t\t\t\t\t\t\t\t\t\t\t\t<\/div>\n\t\t\t\t<\/div>\n\t\t\t\t<\/div>\n\t\t<div class=\"elementor-element elementor-element-756e731 e-con-full e-flex e-con e-child\" data-id=\"756e731\" data-element_type=\"container\" data-e-type=\"container\">\n\t\t\t\t<div class=\"elementor-element elementor-element-4aa8f65 elementor-widget elementor-widget-heading\" data-id=\"4aa8f65\" data-element_type=\"widget\" data-e-type=\"widget\" data-widget_type=\"heading.default\">\n\t\t\t\t<div class=\"elementor-widget-container\">\n\t\t\t\t\t<h2 class=\"elementor-heading-title elementor-size-default\">\u0110\u1ed9i ng\u0169 D\u1ecbch v\u1ee5 Kh\u00e1ch h\u00e0ng<\/h2>\t\t\t\t<\/div>\n\t\t\t\t<\/div>\n\t\t\t\t<div class=\"elementor-element elementor-element-1ad1a44 elementor-widget elementor-widget-text-editor\" data-id=\"1ad1a44\" data-element_type=\"widget\" data-e-type=\"widget\" data-widget_type=\"text-editor.default\">\n\t\t\t\t<div class=\"elementor-widget-container\">\n\t\t\t\t\t\t\t\t\t<ul><li>C\u00e1c k\u1ef9 s\u01b0 chuy\u00ean gia c\u00f3 th\u1ec3 cung c\u1ea5p t\u01b0 v\u1ea5n chuy\u00ean nghi\u1ec7p.<\/li><li>H\u1ed7 tr\u1ee3 tr\u1ef1c tuy\u1ebfn 24\/7<\/li><li>Ph\u1ea3n h\u1ed3i nhanh ch\u00f3ng cho c\u00e1c y\u00eau c\u1ea7u v\u00e0 c\u00e2u h\u1ecfi.<\/li><li>D\u1ecbch v\u1ee5 tr\u01b0\u1edbc b\u00e1n h\u00e0ng v\u00e0 sau b\u00e1n h\u00e0ng xu\u1ea5t s\u1eafc<\/li><li>\u00a0<\/li><\/ul>\t\t\t\t\t\t\t\t<\/div>\n\t\t\t\t<\/div>\n\t\t\t\t<div class=\"elementor-element elementor-element-299fd8f elementor-widget elementor-widget-button\" data-id=\"299fd8f\" data-element_type=\"widget\" data-e-type=\"widget\" data-widget_type=\"button.default\">\n\t\t\t\t<div class=\"elementor-widget-container\">\n\t\t\t\t\t\t\t\t\t<div class=\"elementor-button-wrapper\">\n\t\t\t\t\t<a class=\"elementor-button elementor-button-link elementor-size-sm\" href=\"#elementor-action%3Aaction%3Dpopup%3Aopen%26settings%3DeyJpZCI6IjczMyIsInRvZ2dsZSI6ZmFsc2V9\">\n\t\t\t\t\t\t<span class=\"elementor-button-content-wrapper\">\n\t\t\t\t\t\t\t\t\t<span class=\"elementor-button-text\">G\u1eedi y\u00eau c\u1ea7u c\u1ee7a b\u1ea1n ngay b\u00e2y gi\u1edd<\/span>\n\t\t\t\t\t<\/span>\n\t\t\t\t\t<\/a>\n\t\t\t\t<\/div>\n\t\t\t\t\t\t\t\t<\/div>\n\t\t\t\t<\/div>\n\t\t\t\t<\/div>\n\t\t\t\t<\/div>\n\t\t<div class=\"elementor-element elementor-element-2fe15bf e-con-full e-flex e-con e-child\" data-id=\"2fe15bf\" data-element_type=\"container\" data-e-type=\"container\" data-settings=\"{&quot;background_background&quot;:&quot;classic&quot;}\">\n\t\t<div class=\"elementor-element elementor-element-6b9f4b4 e-con-full e-flex e-con e-child\" data-id=\"6b9f4b4\" data-element_type=\"container\" data-e-type=\"container\">\n\t\t\t\t<div class=\"elementor-element elementor-element-3d0bbaf elementor-widget elementor-widget-image\" data-id=\"3d0bbaf\" data-element_type=\"widget\" data-e-type=\"widget\" data-widget_type=\"image.default\">\n\t\t\t\t<div class=\"elementor-widget-container\">\n\t\t\t\t\t\t\t\t\t\t\t\t\t\t\t<img alt=\"\" loading=\"lazy\" decoding=\"async\" width=\"800\" height=\"800\" src=\"https:\/\/canbostadiumseat.com\/wp-content\/uploads\/2025\/07\/shipping-1024x1024.png\" class=\"attachment-large size-large wp-image-3710\" srcset=\"https:\/\/canbostadiumseat.com\/wp-content\/uploads\/2025\/07\/shipping-1024x1024.png 1024w, https:\/\/canbostadiumseat.com\/wp-content\/uploads\/2025\/07\/shipping-300x300.png 300w, https:\/\/canbostadiumseat.com\/wp-content\/uploads\/2025\/07\/shipping-150x150.png 150w, https:\/\/canbostadiumseat.com\/wp-content\/uploads\/2025\/07\/shipping-768x768.png 768w, https:\/\/canbostadiumseat.com\/wp-content\/uploads\/2025\/07\/shipping-1536x1536.png 1536w, https:\/\/canbostadiumseat.com\/wp-content\/uploads\/2025\/07\/shipping-2048x2048.png 2048w, https:\/\/canbostadiumseat.com\/wp-content\/uploads\/2025\/07\/shipping-12x12.png 12w, https:\/\/canbostadiumseat.com\/wp-content\/uploads\/2025\/07\/shipping-600x600.png 600w, https:\/\/canbostadiumseat.com\/wp-content\/uploads\/2025\/07\/shipping-100x100.png 100w\" sizes=\"(max-width: 800px) 100vw, 800px\" \/>\t\t\t\t\t\t\t\t\t\t\t\t\t\t\t<\/div>\n\t\t\t\t<\/div>\n\t\t\t\t<\/div>\n\t\t<div class=\"elementor-element elementor-element-79f8665 e-con-full e-flex e-con e-child\" data-id=\"79f8665\" data-element_type=\"container\" data-e-type=\"container\">\n\t\t\t\t<div class=\"elementor-element elementor-element-5365f42 elementor-widget elementor-widget-heading\" data-id=\"5365f42\" data-element_type=\"widget\" data-e-type=\"widget\" data-widget_type=\"heading.default\">\n\t\t\t\t<div class=\"elementor-widget-container\">\n\t\t\t\t\t<h2 class=\"elementor-heading-title elementor-size-default\">Giao h\u00e0ng nhanh ch\u00f3ng<\/h2>\t\t\t\t<\/div>\n\t\t\t\t<\/div>\n\t\t\t\t<div class=\"elementor-element elementor-element-a106051 elementor-widget elementor-widget-text-editor\" data-id=\"a106051\" data-element_type=\"widget\" data-e-type=\"widget\" data-widget_type=\"text-editor.default\">\n\t\t\t\t<div class=\"elementor-widget-container\">\n\t\t\t\t\t\t\t\t\t<ul><li>Giao h\u00e0ng qua DHL\/FedEx\/UPS\/TNT<\/li><li>Giao h\u00e0ng cho \u0111\u01a1n h\u00e0ng c\u1ee7a b\u1ea1n b\u1eb1ng \u0111\u01b0\u1eddng b\u1ed9, \u0111\u01b0\u1eddng h\u00e0ng kh\u00f4ng ho\u1eb7c \u0111\u01b0\u1eddng bi\u1ec3n.<\/li><li>FOB t\u1ea1i b\u1ea5t k\u1ef3 c\u1ea3ng n\u00e0o c\u1ee7a Trung Qu\u1ed1c<\/li><li>C\u00f3 s\u1eb5n giao h\u00e0ng t\u1eebng ph\u1ea7n<\/li><\/ul>\t\t\t\t\t\t\t\t<\/div>\n\t\t\t\t<\/div>\n\t\t\t\t<div class=\"elementor-element elementor-element-7be45bc elementor-widget elementor-widget-button\" data-id=\"7be45bc\" data-element_type=\"widget\" data-e-type=\"widget\" data-widget_type=\"button.default\">\n\t\t\t\t<div class=\"elementor-widget-container\">\n\t\t\t\t\t\t\t\t\t<div class=\"elementor-button-wrapper\">\n\t\t\t\t\t<a class=\"elementor-button elementor-button-link elementor-size-sm\" href=\"#elementor-action%3Aaction%3Dpopup%3Aopen%26settings%3DeyJpZCI6IjczMyIsInRvZ2dsZSI6ZmFsc2V9\">\n\t\t\t\t\t\t<span class=\"elementor-button-content-wrapper\">\n\t\t\t\t\t\t\t\t\t<span class=\"elementor-button-text\">G\u1eedi y\u00eau c\u1ea7u c\u1ee7a b\u1ea1n ngay b\u00e2y gi\u1edd<\/span>\n\t\t\t\t\t<\/span>\n\t\t\t\t\t<\/a>\n\t\t\t\t<\/div>\n\t\t\t\t\t\t\t\t<\/div>\n\t\t\t\t<\/div>\n\t\t\t\t<\/div>\n\t\t\t\t<\/div>\n\t\t\t\t\t<\/div>\n\t\t\t\t<\/div>\n\t\t\t\t<\/div>","protected":false},"excerpt":{"rendered":"<p>Our Advantage Request Our Latest Price Canbo has extensive experience in producing outdoor bleacher chairs. With a factory area exceeding 20,000 square meters and over 300 employees, we boast exceptional productivity and delivery capabilities. Our highly experienced R&amp;D team ensures we develop numerous new products annually. Our primary clients are cross-border e-commerce companies, supermarkets, and&#8230;<\/p>","protected":false},"author":1,"featured_media":0,"parent":0,"menu_order":0,"comment_status":"closed","ping_status":"closed","template":"","meta":{"_seopress_robots_primary_cat":"","_seopress_titles_title":"","_seopress_titles_desc":"","_seopress_robots_index":"","footnotes":""},"class_list":["post-3107","page","type-page","status-publish","hentry"],"meta_box":[],"_links":{"self":[{"href":"https:\/\/canbostadiumseat.com\/vi\/wp-json\/wp\/v2\/pages\/3107","targetHints":{"allow":["GET"]}}],"collection":[{"href":"https:\/\/canbostadiumseat.com\/vi\/wp-json\/wp\/v2\/pages"}],"about":[{"href":"https:\/\/canbostadiumseat.com\/vi\/wp-json\/wp\/v2\/types\/page"}],"author":[{"embeddable":true,"href":"https:\/\/canbostadiumseat.com\/vi\/wp-json\/wp\/v2\/users\/1"}],"replies":[{"embeddable":true,"href":"https:\/\/canbostadiumseat.com\/vi\/wp-json\/wp\/v2\/comments?post=3107"}],"version-history":[{"count":0,"href":"https:\/\/canbostadiumseat.com\/vi\/wp-json\/wp\/v2\/pages\/3107\/revisions"}],"wp:attachment":[{"href":"https:\/\/canbostadiumseat.com\/vi\/wp-json\/wp\/v2\/media?parent=3107"}],"curies":[{"name":"wp","href":"https:\/\/api.w.org\/{rel}","templated":true}]}}