{"id":3109,"date":"2025-07-22T03:29:01","date_gmt":"2025-07-22T03:29:01","guid":{"rendered":"https:\/\/canbostadiumseat.com\/?page_id=3109"},"modified":"2025-08-28T01:41:49","modified_gmt":"2025-08-28T01:41:49","slug":"certification","status":"publish","type":"page","link":"https:\/\/canbostadiumseat.com\/vi\/certification\/","title":{"rendered":"Ch\u1ee9ng nh\u1eadn"},"content":{"rendered":"<div data-elementor-type=\"wp-page\" data-elementor-id=\"3109\" class=\"elementor elementor-3109\" data-elementor-post-type=\"page\">\n\t\t\t\t<div class=\"elementor-element elementor-element-ba06ceb e-flex e-con-boxed e-con e-parent\" data-id=\"ba06ceb\" data-element_type=\"container\" data-e-type=\"container\" data-settings=\"{&quot;background_background&quot;:&quot;classic&quot;}\">\n\t\t\t\t\t<div class=\"e-con-inner\">\n\t\t\t\t<div class=\"elementor-element elementor-element-aa492f6 elementor-widget elementor-widget-heading\" data-id=\"aa492f6\" data-element_type=\"widget\" data-e-type=\"widget\" data-widget_type=\"heading.default\">\n\t\t\t\t<div class=\"elementor-widget-container\">\n\t\t\t\t\t<h2 class=\"elementor-heading-title elementor-size-default\">C\u00e1c Ch\u1ee9ng ch\u1ec9 c\u1ee7a ch\u00fang t\u00f4i<\/h2>\t\t\t\t<\/div>\n\t\t\t\t<\/div>\n\t\t\t\t<div class=\"elementor-element elementor-element-ce832b9 elementor-widget elementor-widget-text-editor\" data-id=\"ce832b9\" data-element_type=\"widget\" data-e-type=\"widget\" data-widget_type=\"text-editor.default\">\n\t\t\t\t<div class=\"elementor-widget-container\">\n\t\t\t\t\t\t\t\t\t<p data-pm-slice=\"1 1 []\">Canbo Stadium Seat duy tr\u00ec c\u00e1c m\u1ed1i quan h\u1ec7 h\u1ee3p t\u00e1c ch\u1eb7t ch\u1ebd v\u00e0 l\u00e2u d\u00e0i v\u1edbi nhi\u1ec1u nh\u00e0 cung c\u1ea5p. Nh\u1edd s\u1ef1 h\u1ed7 tr\u1ee3 c\u1ee7a c\u00e1c \u0111\u1ed1i t\u00e1c n\u00e0y, s\u1ea3n ph\u1ea9m c\u1ee7a ch\u00fang t\u00f4i \u0111\u00e3 \u0111\u01b0\u1ee3c xu\u1ea5t kh\u1ea9u th\u00e0nh c\u00f4ng sang nhi\u1ec1u th\u1ecb tr\u01b0\u1eddng qu\u1ed1c t\u1ebf, mang l\u1ea1i gi\u00e1 tr\u1ecb \u1ed5n \u0111\u1ecbnh v\u00e0 l\u1ee3i nhu\u1eadn h\u1ea5p d\u1eabn cho kh\u00e1ch h\u00e0ng. \u0110\u1ec3 ti\u1ebfp t\u1ee5c n\u00e2ng cao ni\u1ec1m tin c\u1ee7a kh\u00e1ch h\u00e0ng v\u00e0 th\u1ec3 hi\u1ec7n cam k\u1ebft c\u1ee7a ch\u00fang t\u00f4i \u0111\u1ed1i v\u1edbi ch\u1ea5t l\u01b0\u1ee3ng, ch\u00fang t\u00f4i t\u00edch c\u1ef1c th\u1ef1c hi\u1ec7n c\u00e1c cu\u1ed9c ki\u1ec3m tra nh\u00e0 m\u00e1y v\u00e0 ch\u1ee9ng nh\u1eadn s\u1ea3n ph\u1ea9m.<\/p>\t\t\t\t\t\t\t\t<\/div>\n\t\t\t\t<\/div>\n\t\t\t\t\t<\/div>\n\t\t\t\t<\/div>\n\t\t<div class=\"elementor-element elementor-element-971b771 e-flex e-con-boxed e-con e-parent\" data-id=\"971b771\" data-element_type=\"container\" data-e-type=\"container\">\n\t\t\t\t\t<div class=\"e-con-inner\">\n\t\t\t\t<div class=\"elementor-element elementor-element-4c9a678 elementor-widget elementor-widget-heading\" data-id=\"4c9a678\" data-element_type=\"widget\" data-e-type=\"widget\" data-widget_type=\"heading.default\">\n\t\t\t\t<div class=\"elementor-widget-container\">\n\t\t\t\t\t<h2 class=\"elementor-heading-title elementor-size-default\">Ch\u1ee9ng nh\u1eadn nh\u00e0 m\u00e1y<\/h2>\t\t\t\t<\/div>\n\t\t\t\t<\/div>\n\t\t<div class=\"elementor-element elementor-element-6eb7f83 e-con-full e-flex e-con e-child\" data-id=\"6eb7f83\" data-element_type=\"container\" data-e-type=\"container\">\n\t\t<div class=\"elementor-element elementor-element-b602ebe e-con-full e-flex e-con e-child\" data-id=\"b602ebe\" data-element_type=\"container\" data-e-type=\"container\">\n\t\t\t\t<div class=\"elementor-element elementor-element-be52fb2 elementor-widget elementor-widget-image\" data-id=\"be52fb2\" data-element_type=\"widget\" data-e-type=\"widget\" data-widget_type=\"image.default\">\n\t\t\t\t<div class=\"elementor-widget-container\">\n\t\t\t\t\t\t\t\t\t\t\t\t\t\t\t<img alt=\"\" fetchpriority=\"high\" decoding=\"async\" width=\"724\" height=\"1024\" src=\"https:\/\/canbostadiumseat.com\/wp-content\/uploads\/2025\/06\/2025-BSCI_00-724x1024.png\" class=\"attachment-large size-large wp-image-419\" srcset=\"https:\/\/canbostadiumseat.com\/wp-content\/uploads\/2025\/06\/2025-BSCI_00-724x1024.png 724w, https:\/\/canbostadiumseat.com\/wp-content\/uploads\/2025\/06\/2025-BSCI_00-600x849.png 600w, https:\/\/canbostadiumseat.com\/wp-content\/uploads\/2025\/06\/2025-BSCI_00-212x300.png 212w, https:\/\/canbostadiumseat.com\/wp-content\/uploads\/2025\/06\/2025-BSCI_00-768x1086.png 768w, https:\/\/canbostadiumseat.com\/wp-content\/uploads\/2025\/06\/2025-BSCI_00-1086x1536.png 1086w, https:\/\/canbostadiumseat.com\/wp-content\/uploads\/2025\/06\/2025-BSCI_00-1448x2048.png 1448w, https:\/\/canbostadiumseat.com\/wp-content\/uploads\/2025\/06\/2025-BSCI_00-8x12.png 8w, https:\/\/canbostadiumseat.com\/wp-content\/uploads\/2025\/06\/2025-BSCI_00.png 1587w\" sizes=\"(max-width: 724px) 100vw, 724px\" \/>\t\t\t\t\t\t\t\t\t\t\t\t\t\t\t<\/div>\n\t\t\t\t<\/div>\n\t\t\t\t<div class=\"elementor-element elementor-element-302acf4 elementor-widget elementor-widget-heading\" data-id=\"302acf4\" data-element_type=\"widget\" data-e-type=\"widget\" data-widget_type=\"heading.default\">\n\t\t\t\t<div class=\"elementor-widget-container\">\n\t\t\t\t\t<h2 class=\"elementor-heading-title elementor-size-default\">BSCI<\/h2>\t\t\t\t<\/div>\n\t\t\t\t<\/div>\n\t\t\t\t<\/div>\n\t\t<div class=\"elementor-element elementor-element-833b1ad e-con-full e-flex e-con e-child\" data-id=\"833b1ad\" data-element_type=\"container\" data-e-type=\"container\">\n\t\t\t\t<div class=\"elementor-element elementor-element-3fd4adb elementor-widget elementor-widget-image\" data-id=\"3fd4adb\" data-element_type=\"widget\" data-e-type=\"widget\" data-widget_type=\"image.default\">\n\t\t\t\t<div class=\"elementor-widget-container\">\n\t\t\t\t\t\t\t\t\t\t\t\t\t\t\t<img alt=\"\" decoding=\"async\" width=\"724\" height=\"1024\" src=\"https:\/\/canbostadiumseat.com\/wp-content\/uploads\/2025\/06\/2024-ISO-9001_00-724x1024.png\" class=\"attachment-large size-large wp-image-420\" srcset=\"https:\/\/canbostadiumseat.com\/wp-content\/uploads\/2025\/06\/2024-ISO-9001_00-724x1024.png 724w, https:\/\/canbostadiumseat.com\/wp-content\/uploads\/2025\/06\/2024-ISO-9001_00-600x848.png 600w, https:\/\/canbostadiumseat.com\/wp-content\/uploads\/2025\/06\/2024-ISO-9001_00-212x300.png 212w, https:\/\/canbostadiumseat.com\/wp-content\/uploads\/2025\/06\/2024-ISO-9001_00-768x1086.png 768w, https:\/\/canbostadiumseat.com\/wp-content\/uploads\/2025\/06\/2024-ISO-9001_00-1086x1536.png 1086w, https:\/\/canbostadiumseat.com\/wp-content\/uploads\/2025\/06\/2024-ISO-9001_00-1448x2048.png 1448w, https:\/\/canbostadiumseat.com\/wp-content\/uploads\/2025\/06\/2024-ISO-9001_00-8x12.png 8w, https:\/\/canbostadiumseat.com\/wp-content\/uploads\/2025\/06\/2024-ISO-9001_00.png 1587w\" sizes=\"(max-width: 724px) 100vw, 724px\" \/>\t\t\t\t\t\t\t\t\t\t\t\t\t\t\t<\/div>\n\t\t\t\t<\/div>\n\t\t\t\t<div class=\"elementor-element elementor-element-cb3d663 elementor-widget elementor-widget-heading\" data-id=\"cb3d663\" data-element_type=\"widget\" data-e-type=\"widget\" data-widget_type=\"heading.default\">\n\t\t\t\t<div class=\"elementor-widget-container\">\n\t\t\t\t\t<h2 class=\"elementor-heading-title elementor-size-default\">ISO<\/h2>\t\t\t\t<\/div>\n\t\t\t\t<\/div>\n\t\t\t\t<\/div>\n\t\t\t\t<\/div>\n\t\t\t\t\t<\/div>\n\t\t\t\t<\/div>\n\t\t<div class=\"elementor-element elementor-element-b53d78f e-flex e-con-boxed e-con e-parent\" data-id=\"b53d78f\" data-element_type=\"container\" data-e-type=\"container\">\n\t\t\t\t\t<div class=\"e-con-inner\">\n\t\t\t\t<div class=\"elementor-element elementor-element-163d001 elementor-widget elementor-widget-heading\" data-id=\"163d001\" data-element_type=\"widget\" data-e-type=\"widget\" data-widget_type=\"heading.default\">\n\t\t\t\t<div class=\"elementor-widget-container\">\n\t\t\t\t\t<h2 class=\"elementor-heading-title elementor-size-default\">B\u00e1o c\u00e1o th\u1eed nghi\u1ec7m v\u1eadt li\u1ec7u<\/h2>\t\t\t\t<\/div>\n\t\t\t\t<\/div>\n\t\t<div class=\"elementor-element elementor-element-da9e023 e-con-full e-flex e-con e-child\" data-id=\"da9e023\" data-element_type=\"container\" data-e-type=\"container\">\n\t\t<div class=\"elementor-element elementor-element-4f92b9b e-con-full e-flex e-con e-child\" data-id=\"4f92b9b\" data-element_type=\"container\" data-e-type=\"container\">\n\t\t\t\t<div class=\"elementor-element elementor-element-a4cff09 elementor-widget elementor-widget-image\" data-id=\"a4cff09\" data-element_type=\"widget\" data-e-type=\"widget\" data-widget_type=\"image.default\">\n\t\t\t\t<div class=\"elementor-widget-container\">\n\t\t\t\t\t\t\t\t\t\t\t\t\t\t\t<img decoding=\"async\" width=\"724\" height=\"1024\" src=\"https:\/\/canbostadiumseat.com\/wp-content\/uploads\/2025\/07\/Aluminum-tube-6005-composition-mechanical-report-724x1024.png\" class=\"attachment-large size-large wp-image-3877\" alt=\"Th\u00e0nh ph\u1ea7n h\u1ee3p kim nh\u00f4m 6005, b\u00e1o c\u00e1o c\u01a1 h\u1ecdc\" srcset=\"https:\/\/canbostadiumseat.com\/wp-content\/uploads\/2025\/07\/Aluminum-tube-6005-composition-mechanical-report-724x1024.png 724w, https:\/\/canbostadiumseat.com\/wp-content\/uploads\/2025\/07\/Aluminum-tube-6005-composition-mechanical-report-212x300.png 212w, https:\/\/canbostadiumseat.com\/wp-content\/uploads\/2025\/07\/Aluminum-tube-6005-composition-mechanical-report-768x1086.png 768w, https:\/\/canbostadiumseat.com\/wp-content\/uploads\/2025\/07\/Aluminum-tube-6005-composition-mechanical-report-1086x1536.png 1086w, https:\/\/canbostadiumseat.com\/wp-content\/uploads\/2025\/07\/Aluminum-tube-6005-composition-mechanical-report-1448x2048.png 1448w, https:\/\/canbostadiumseat.com\/wp-content\/uploads\/2025\/07\/Aluminum-tube-6005-composition-mechanical-report-8x12.png 8w, https:\/\/canbostadiumseat.com\/wp-content\/uploads\/2025\/07\/Aluminum-tube-6005-composition-mechanical-report-600x849.png 600w, https:\/\/canbostadiumseat.com\/wp-content\/uploads\/2025\/07\/Aluminum-tube-6005-composition-mechanical-report.png 1587w\" sizes=\"(max-width: 724px) 100vw, 724px\" \/>\t\t\t\t\t\t\t\t\t\t\t\t\t\t\t<\/div>\n\t\t\t\t<\/div>\n\t\t\t\t<\/div>\n\t\t<div class=\"elementor-element elementor-element-f4fc7fb e-con-full e-flex e-con e-child\" data-id=\"f4fc7fb\" data-element_type=\"container\" data-e-type=\"container\">\n\t\t\t\t<div class=\"elementor-element elementor-element-ffe25b0 elementor-widget elementor-widget-image\" data-id=\"ffe25b0\" data-element_type=\"widget\" data-e-type=\"widget\" data-widget_type=\"image.default\">\n\t\t\t\t<div class=\"elementor-widget-container\">\n\t\t\t\t\t\t\t\t\t\t\t\t\t\t\t<img loading=\"lazy\" decoding=\"async\" width=\"724\" height=\"1024\" src=\"https:\/\/canbostadiumseat.com\/wp-content\/uploads\/2025\/07\/Aluminum-tube-6061-composition-ROSH-POPS-724x1024.png\" class=\"attachment-large size-large wp-image-3878\" alt=\"\u1ed0ng nh\u00f4m h\u1ee3p kim 6061, tu\u00e2n th\u1ee7 ti\u00eau chu\u1ea9n ROSH v\u00e0 POPS.\" srcset=\"https:\/\/canbostadiumseat.com\/wp-content\/uploads\/2025\/07\/Aluminum-tube-6061-composition-ROSH-POPS-724x1024.png 724w, https:\/\/canbostadiumseat.com\/wp-content\/uploads\/2025\/07\/Aluminum-tube-6061-composition-ROSH-POPS-212x300.png 212w, https:\/\/canbostadiumseat.com\/wp-content\/uploads\/2025\/07\/Aluminum-tube-6061-composition-ROSH-POPS-768x1086.png 768w, https:\/\/canbostadiumseat.com\/wp-content\/uploads\/2025\/07\/Aluminum-tube-6061-composition-ROSH-POPS-1086x1536.png 1086w, https:\/\/canbostadiumseat.com\/wp-content\/uploads\/2025\/07\/Aluminum-tube-6061-composition-ROSH-POPS-1448x2048.png 1448w, https:\/\/canbostadiumseat.com\/wp-content\/uploads\/2025\/07\/Aluminum-tube-6061-composition-ROSH-POPS-8x12.png 8w, https:\/\/canbostadiumseat.com\/wp-content\/uploads\/2025\/07\/Aluminum-tube-6061-composition-ROSH-POPS-600x849.png 600w, https:\/\/canbostadiumseat.com\/wp-content\/uploads\/2025\/07\/Aluminum-tube-6061-composition-ROSH-POPS.png 1587w\" sizes=\"(max-width: 724px) 100vw, 724px\" \/>\t\t\t\t\t\t\t\t\t\t\t\t\t\t\t<\/div>\n\t\t\t\t<\/div>\n\t\t\t\t<\/div>\n\t\t<div class=\"elementor-element elementor-element-7325f55 e-con-full e-flex e-con e-child\" data-id=\"7325f55\" data-element_type=\"container\" data-e-type=\"container\">\n\t\t\t\t<div class=\"elementor-element elementor-element-95f0bb8 elementor-widget elementor-widget-image\" data-id=\"95f0bb8\" data-element_type=\"widget\" data-e-type=\"widget\" data-widget_type=\"image.default\">\n\t\t\t\t<div class=\"elementor-widget-container\">\n\t\t\t\t\t\t\t\t\t\t\t\t\t\t\t<img loading=\"lazy\" decoding=\"async\" width=\"724\" height=\"1024\" src=\"https:\/\/canbostadiumseat.com\/wp-content\/uploads\/2025\/07\/Aluminum-tube-6063-mechanics-composition-724x1024.png\" class=\"attachment-large size-large wp-image-3879\" alt=\"\u1ed0ng nh\u00f4m 6063, c\u01a1 c\u1ea5u v\u00e0 th\u00e0nh ph\u1ea7n\" srcset=\"https:\/\/canbostadiumseat.com\/wp-content\/uploads\/2025\/07\/Aluminum-tube-6063-mechanics-composition-724x1024.png 724w, https:\/\/canbostadiumseat.com\/wp-content\/uploads\/2025\/07\/Aluminum-tube-6063-mechanics-composition-212x300.png 212w, https:\/\/canbostadiumseat.com\/wp-content\/uploads\/2025\/07\/Aluminum-tube-6063-mechanics-composition-768x1086.png 768w, https:\/\/canbostadiumseat.com\/wp-content\/uploads\/2025\/07\/Aluminum-tube-6063-mechanics-composition-1086x1536.png 1086w, https:\/\/canbostadiumseat.com\/wp-content\/uploads\/2025\/07\/Aluminum-tube-6063-mechanics-composition-1449x2048.png 1449w, https:\/\/canbostadiumseat.com\/wp-content\/uploads\/2025\/07\/Aluminum-tube-6063-mechanics-composition-8x12.png 8w, https:\/\/canbostadiumseat.com\/wp-content\/uploads\/2025\/07\/Aluminum-tube-6063-mechanics-composition-600x848.png 600w, https:\/\/canbostadiumseat.com\/wp-content\/uploads\/2025\/07\/Aluminum-tube-6063-mechanics-composition.png 1588w\" sizes=\"(max-width: 724px) 100vw, 724px\" \/>\t\t\t\t\t\t\t\t\t\t\t\t\t\t\t<\/div>\n\t\t\t\t<\/div>\n\t\t\t\t<\/div>\n\t\t\t\t<\/div>\n\t\t<div class=\"elementor-element elementor-element-170be8e e-con-full e-flex e-con e-child\" data-id=\"170be8e\" data-element_type=\"container\" data-e-type=\"container\">\n\t\t<div class=\"elementor-element elementor-element-1bc960f e-con-full e-flex e-con e-child\" data-id=\"1bc960f\" data-element_type=\"container\" data-e-type=\"container\">\n\t\t\t\t<div class=\"elementor-element elementor-element-4468b49 elementor-widget elementor-widget-image\" data-id=\"4468b49\" data-element_type=\"widget\" data-e-type=\"widget\" data-widget_type=\"image.default\">\n\t\t\t\t<div class=\"elementor-widget-container\">\n\t\t\t\t\t\t\t\t\t\t\t\t\t\t\t<img alt=\"\" loading=\"lazy\" decoding=\"async\" width=\"724\" height=\"1024\" src=\"https:\/\/canbostadiumseat.com\/wp-content\/uploads\/2025\/07\/Textilene-OEKO-certification-724x1024.png\" class=\"attachment-large size-large wp-image-3886\" srcset=\"https:\/\/canbostadiumseat.com\/wp-content\/uploads\/2025\/07\/Textilene-OEKO-certification-724x1024.png 724w, https:\/\/canbostadiumseat.com\/wp-content\/uploads\/2025\/07\/Textilene-OEKO-certification-212x300.png 212w, https:\/\/canbostadiumseat.com\/wp-content\/uploads\/2025\/07\/Textilene-OEKO-certification-768x1086.png 768w, https:\/\/canbostadiumseat.com\/wp-content\/uploads\/2025\/07\/Textilene-OEKO-certification-1086x1536.png 1086w, https:\/\/canbostadiumseat.com\/wp-content\/uploads\/2025\/07\/Textilene-OEKO-certification-1448x2048.png 1448w, https:\/\/canbostadiumseat.com\/wp-content\/uploads\/2025\/07\/Textilene-OEKO-certification-8x12.png 8w, https:\/\/canbostadiumseat.com\/wp-content\/uploads\/2025\/07\/Textilene-OEKO-certification-600x849.png 600w, https:\/\/canbostadiumseat.com\/wp-content\/uploads\/2025\/07\/Textilene-OEKO-certification.png 1587w\" sizes=\"(max-width: 724px) 100vw, 724px\" \/>\t\t\t\t\t\t\t\t\t\t\t\t\t\t\t<\/div>\n\t\t\t\t<\/div>\n\t\t\t\t<\/div>\n\t\t<div class=\"elementor-element elementor-element-ec47636 e-con-full e-flex e-con e-child\" data-id=\"ec47636\" data-element_type=\"container\" data-e-type=\"container\">\n\t\t\t\t<div class=\"elementor-element elementor-element-2f2b7b0 elementor-widget elementor-widget-image\" data-id=\"2f2b7b0\" data-element_type=\"widget\" data-e-type=\"widget\" data-widget_type=\"image.default\">\n\t\t\t\t<div class=\"elementor-widget-container\">\n\t\t\t\t\t\t\t\t\t\t\t\t\t\t\t<img loading=\"lazy\" decoding=\"async\" width=\"724\" height=\"1024\" src=\"https:\/\/canbostadiumseat.com\/wp-content\/uploads\/2025\/07\/Teslin-EU-REACH-Report-724x1024.png\" class=\"attachment-large size-large wp-image-3884\" alt=\"B\u00e1o c\u00e1o Teslin EU REACH\" srcset=\"https:\/\/canbostadiumseat.com\/wp-content\/uploads\/2025\/07\/Teslin-EU-REACH-Report-724x1024.png 724w, https:\/\/canbostadiumseat.com\/wp-content\/uploads\/2025\/07\/Teslin-EU-REACH-Report-212x300.png 212w, https:\/\/canbostadiumseat.com\/wp-content\/uploads\/2025\/07\/Teslin-EU-REACH-Report-768x1086.png 768w, https:\/\/canbostadiumseat.com\/wp-content\/uploads\/2025\/07\/Teslin-EU-REACH-Report-1086x1536.png 1086w, https:\/\/canbostadiumseat.com\/wp-content\/uploads\/2025\/07\/Teslin-EU-REACH-Report-1449x2048.png 1449w, https:\/\/canbostadiumseat.com\/wp-content\/uploads\/2025\/07\/Teslin-EU-REACH-Report-8x12.png 8w, https:\/\/canbostadiumseat.com\/wp-content\/uploads\/2025\/07\/Teslin-EU-REACH-Report-600x848.png 600w, https:\/\/canbostadiumseat.com\/wp-content\/uploads\/2025\/07\/Teslin-EU-REACH-Report.png 1588w\" sizes=\"(max-width: 724px) 100vw, 724px\" \/>\t\t\t\t\t\t\t\t\t\t\t\t\t\t\t<\/div>\n\t\t\t\t<\/div>\n\t\t\t\t<\/div>\n\t\t<div class=\"elementor-element elementor-element-163043a e-con-full e-flex e-con e-child\" data-id=\"163043a\" data-element_type=\"container\" data-e-type=\"container\">\n\t\t\t\t<div class=\"elementor-element elementor-element-881d72b elementor-widget elementor-widget-image\" data-id=\"881d72b\" data-element_type=\"widget\" data-e-type=\"widget\" data-widget_type=\"image.default\">\n\t\t\t\t<div class=\"elementor-widget-container\">\n\t\t\t\t\t\t\t\t\t\t\t\t\t\t\t<img loading=\"lazy\" decoding=\"async\" width=\"755\" height=\"1024\" src=\"https:\/\/canbostadiumseat.com\/wp-content\/uploads\/2025\/07\/Polyester-taffeta-fabric-certification-755x1024.png\" class=\"attachment-large size-large wp-image-3883\" alt=\"Ch\u1ee9ng nh\u1eadn v\u1ea3i polyester taffeta\" srcset=\"https:\/\/canbostadiumseat.com\/wp-content\/uploads\/2025\/07\/Polyester-taffeta-fabric-certification-755x1024.png 755w, https:\/\/canbostadiumseat.com\/wp-content\/uploads\/2025\/07\/Polyester-taffeta-fabric-certification-221x300.png 221w, https:\/\/canbostadiumseat.com\/wp-content\/uploads\/2025\/07\/Polyester-taffeta-fabric-certification-768x1042.png 768w, https:\/\/canbostadiumseat.com\/wp-content\/uploads\/2025\/07\/Polyester-taffeta-fabric-certification-1132x1536.png 1132w, https:\/\/canbostadiumseat.com\/wp-content\/uploads\/2025\/07\/Polyester-taffeta-fabric-certification-1509x2048.png 1509w, https:\/\/canbostadiumseat.com\/wp-content\/uploads\/2025\/07\/Polyester-taffeta-fabric-certification-9x12.png 9w, https:\/\/canbostadiumseat.com\/wp-content\/uploads\/2025\/07\/Polyester-taffeta-fabric-certification-600x814.png 600w, https:\/\/canbostadiumseat.com\/wp-content\/uploads\/2025\/07\/Polyester-taffeta-fabric-certification.png 1588w\" sizes=\"(max-width: 755px) 100vw, 755px\" \/>\t\t\t\t\t\t\t\t\t\t\t\t\t\t\t<\/div>\n\t\t\t\t<\/div>\n\t\t\t\t<\/div>\n\t\t\t\t<\/div>\n\t\t<div class=\"elementor-element elementor-element-24be770 e-con-full e-flex e-con e-child\" data-id=\"24be770\" data-element_type=\"container\" data-e-type=\"container\">\n\t\t<div class=\"elementor-element elementor-element-f734a68 e-con-full e-flex e-con e-child\" data-id=\"f734a68\" data-element_type=\"container\" data-e-type=\"container\">\n\t\t\t\t<div class=\"elementor-element elementor-element-ad92aef elementor-widget elementor-widget-image\" data-id=\"ad92aef\" data-element_type=\"widget\" data-e-type=\"widget\" data-widget_type=\"image.default\">\n\t\t\t\t<div class=\"elementor-widget-container\">\n\t\t\t\t\t\t\t\t\t\t\t\t\t\t\t<img loading=\"lazy\" decoding=\"async\" width=\"724\" height=\"1024\" src=\"https:\/\/canbostadiumseat.com\/wp-content\/uploads\/2025\/07\/Black-powder-REACH-report-724x1024.png\" class=\"attachment-large size-large wp-image-3880\" alt=\"B\u00e1o c\u00e1o REACH v\u1ec1 b\u1ed9t \u0111en\" srcset=\"https:\/\/canbostadiumseat.com\/wp-content\/uploads\/2025\/07\/Black-powder-REACH-report-724x1024.png 724w, https:\/\/canbostadiumseat.com\/wp-content\/uploads\/2025\/07\/Black-powder-REACH-report-212x300.png 212w, https:\/\/canbostadiumseat.com\/wp-content\/uploads\/2025\/07\/Black-powder-REACH-report-768x1086.png 768w, https:\/\/canbostadiumseat.com\/wp-content\/uploads\/2025\/07\/Black-powder-REACH-report-1086x1536.png 1086w, https:\/\/canbostadiumseat.com\/wp-content\/uploads\/2025\/07\/Black-powder-REACH-report-1449x2048.png 1449w, https:\/\/canbostadiumseat.com\/wp-content\/uploads\/2025\/07\/Black-powder-REACH-report-8x12.png 8w, https:\/\/canbostadiumseat.com\/wp-content\/uploads\/2025\/07\/Black-powder-REACH-report-600x848.png 600w, https:\/\/canbostadiumseat.com\/wp-content\/uploads\/2025\/07\/Black-powder-REACH-report.png 1588w\" sizes=\"(max-width: 724px) 100vw, 724px\" \/>\t\t\t\t\t\t\t\t\t\t\t\t\t\t\t<\/div>\n\t\t\t\t<\/div>\n\t\t\t\t<\/div>\n\t\t<div class=\"elementor-element elementor-element-91a7739 e-con-full e-flex e-con e-child\" data-id=\"91a7739\" data-element_type=\"container\" data-e-type=\"container\">\n\t\t\t\t<div class=\"elementor-element elementor-element-3170781 elementor-widget elementor-widget-image\" data-id=\"3170781\" data-element_type=\"widget\" data-e-type=\"widget\" data-widget_type=\"image.default\">\n\t\t\t\t<div class=\"elementor-widget-container\">\n\t\t\t\t\t\t\t\t\t\t\t\t\t\t\t<img loading=\"lazy\" decoding=\"async\" width=\"724\" height=\"1024\" src=\"https:\/\/canbostadiumseat.com\/wp-content\/uploads\/2025\/07\/Plywood-Commodity-Inspection-Report-724x1024.png\" class=\"attachment-large size-large wp-image-3882\" alt=\"B\u00e1o c\u00e1o ki\u1ec3m tra h\u00e0ng h\u00f3a v\u00e1n \u00e9p\" srcset=\"https:\/\/canbostadiumseat.com\/wp-content\/uploads\/2025\/07\/Plywood-Commodity-Inspection-Report-724x1024.png 724w, https:\/\/canbostadiumseat.com\/wp-content\/uploads\/2025\/07\/Plywood-Commodity-Inspection-Report-212x300.png 212w, https:\/\/canbostadiumseat.com\/wp-content\/uploads\/2025\/07\/Plywood-Commodity-Inspection-Report-768x1086.png 768w, https:\/\/canbostadiumseat.com\/wp-content\/uploads\/2025\/07\/Plywood-Commodity-Inspection-Report-1086x1536.png 1086w, https:\/\/canbostadiumseat.com\/wp-content\/uploads\/2025\/07\/Plywood-Commodity-Inspection-Report-1448x2048.png 1448w, https:\/\/canbostadiumseat.com\/wp-content\/uploads\/2025\/07\/Plywood-Commodity-Inspection-Report-8x12.png 8w, https:\/\/canbostadiumseat.com\/wp-content\/uploads\/2025\/07\/Plywood-Commodity-Inspection-Report-600x849.png 600w, https:\/\/canbostadiumseat.com\/wp-content\/uploads\/2025\/07\/Plywood-Commodity-Inspection-Report.png 1587w\" sizes=\"(max-width: 724px) 100vw, 724px\" \/>\t\t\t\t\t\t\t\t\t\t\t\t\t\t\t<\/div>\n\t\t\t\t<\/div>\n\t\t\t\t<\/div>\n\t\t<div class=\"elementor-element elementor-element-53fdc3e e-con-full e-flex e-con e-child\" data-id=\"53fdc3e\" data-element_type=\"container\" data-e-type=\"container\">\n\t\t\t\t<div class=\"elementor-element elementor-element-c44da39 elementor-widget elementor-widget-image\" data-id=\"c44da39\" data-element_type=\"widget\" data-e-type=\"widget\" data-widget_type=\"image.default\">\n\t\t\t\t<div class=\"elementor-widget-container\">\n\t\t\t\t\t\t\t\t\t\t\t\t\t\t\t<img loading=\"lazy\" decoding=\"async\" width=\"800\" height=\"566\" src=\"https:\/\/canbostadiumseat.com\/wp-content\/uploads\/2025\/07\/MTC-Steel-Certification-1024x724.png\" class=\"attachment-large size-large wp-image-3881\" alt=\"Ch\u1ee9ng nh\u1eadn th\u00e9p MTC\" srcset=\"https:\/\/canbostadiumseat.com\/wp-content\/uploads\/2025\/07\/MTC-Steel-Certification-1024x724.png 1024w, https:\/\/canbostadiumseat.com\/wp-content\/uploads\/2025\/07\/MTC-Steel-Certification-300x212.png 300w, https:\/\/canbostadiumseat.com\/wp-content\/uploads\/2025\/07\/MTC-Steel-Certification-768x543.png 768w, https:\/\/canbostadiumseat.com\/wp-content\/uploads\/2025\/07\/MTC-Steel-Certification-1536x1086.png 1536w, https:\/\/canbostadiumseat.com\/wp-content\/uploads\/2025\/07\/MTC-Steel-Certification-2048x1448.png 2048w, https:\/\/canbostadiumseat.com\/wp-content\/uploads\/2025\/07\/MTC-Steel-Certification-18x12.png 18w, https:\/\/canbostadiumseat.com\/wp-content\/uploads\/2025\/07\/MTC-Steel-Certification-600x424.png 600w\" sizes=\"(max-width: 800px) 100vw, 800px\" \/>\t\t\t\t\t\t\t\t\t\t\t\t\t\t\t<\/div>\n\t\t\t\t<\/div>\n\t\t\t\t<\/div>\n\t\t\t\t<\/div>\n\t\t\t\t\t<\/div>\n\t\t\t\t<\/div>\n\t\t\t\t<\/div>","protected":false},"excerpt":{"rendered":"<p>Our Certifications Canbo Stadium Seat maintains close, long-term partnerships with numerous suppliers. With the support of these partners, our products have been successfully exported to numerous international markets, delivering stable value and generous returns to our customers. To further enhance customer confidence and demonstrate our commitment to quality, we actively pursue various factory audits and&#8230;<\/p>","protected":false},"author":1,"featured_media":0,"parent":0,"menu_order":0,"comment_status":"closed","ping_status":"closed","template":"","meta":{"_seopress_robots_primary_cat":"","_seopress_titles_title":"","_seopress_titles_desc":"","_seopress_robots_index":"","footnotes":""},"class_list":["post-3109","page","type-page","status-publish","hentry"],"meta_box":[],"_links":{"self":[{"href":"https:\/\/canbostadiumseat.com\/vi\/wp-json\/wp\/v2\/pages\/3109","targetHints":{"allow":["GET"]}}],"collection":[{"href":"https:\/\/canbostadiumseat.com\/vi\/wp-json\/wp\/v2\/pages"}],"about":[{"href":"https:\/\/canbostadiumseat.com\/vi\/wp-json\/wp\/v2\/types\/page"}],"author":[{"embeddable":true,"href":"https:\/\/canbostadiumseat.com\/vi\/wp-json\/wp\/v2\/users\/1"}],"replies":[{"embeddable":true,"href":"https:\/\/canbostadiumseat.com\/vi\/wp-json\/wp\/v2\/comments?post=3109"}],"version-history":[{"count":0,"href":"https:\/\/canbostadiumseat.com\/vi\/wp-json\/wp\/v2\/pages\/3109\/revisions"}],"wp:attachment":[{"href":"https:\/\/canbostadiumseat.com\/vi\/wp-json\/wp\/v2\/media?parent=3109"}],"curies":[{"name":"wp","href":"https:\/\/api.w.org\/{rel}","templated":true}]}}